{"id":4056,"date":"2026-01-13T17:58:36","date_gmt":"2026-01-13T17:58:36","guid":{"rendered":"https:\/\/parperdrum.com\/?post_type=product&#038;p=4056"},"modified":"2026-01-13T18:09:16","modified_gmt":"2026-01-13T18:09:16","slug":"%e2%9d%a4%ef%b8%8f%f0%9f%a5%81-pack-duo-parper-%c2%b7-san-valentin","status":"publish","type":"product","link":"https:\/\/parperdrum.com\/en\/tienda\/serie-arcturus\/arcturus-v1\/%e2%9d%a4%ef%b8%8f%f0%9f%a5%81-pack-duo-parper-%c2%b7-san-valentin\/","title":{"rendered":"\u2764\ufe0f\ud83e\udd41 Pack D\u00fao ParPer \u00b7 San Valent\u00edn"},"content":{"rendered":"<p data-start=\"725\" data-end=\"836\">San Valent\u00edn no va de regalar cosas. Va de <strong data-start=\"770\" data-end=\"790\">compartir tiempo<\/strong>, de mirarse sin prisas, de hacer algo juntos.<\/p>\n<p data-start=\"838\" data-end=\"1007\">El <strong data-start=\"841\" data-end=\"860\">Pack D\u00fao ParPer<\/strong> nace para crear ese espacio. Para sentarse frente a frente, tocar sin expectativas y dejar que el sonido haga lo que mejor sabe hacer: <strong data-start=\"998\" data-end=\"1006\">unir<\/strong>.<\/p>\n<p data-start=\"1009\" data-end=\"1168\">Compartir m\u00fasica es una de las formas m\u00e1s sencillas y profundas de experimentar el amor.<\/p>\n<p data-start=\"1009\" data-end=\"1168\">No hace falta saber tocar, ni seguir reglas.<br data-start=\"1144\" data-end=\"1147\" \/>Solo estar presentes.<\/p>\n<p data-start=\"1170\" data-end=\"1360\">Por eso, para este San Valent\u00edn, abrimos <strong data-start=\"1211\" data-end=\"1231\">solo 8 packs d\u00fao<\/strong>, fabricados <strong data-start=\"1244\" data-end=\"1257\">uno a uno<\/strong>, pensados para que dos personas puedan tocar juntas y vivir una experiencia real, \u00edntima y compartida.<\/p>\n<hr data-start=\"1362\" data-end=\"1365\" \/>\n<h2 data-start=\"1367\" data-end=\"1403\">\u2764\ufe0f Afinados para el amor \u00b7 528 Hz<\/h2>\n<p data-start=\"1405\" data-end=\"1535\">Todos los instrumentos de este pack est\u00e1n afinados en <strong data-start=\"1459\" data-end=\"1469\">528 Hz<\/strong>, conocida de forma general como <strong data-start=\"1502\" data-end=\"1534\">la frecuencia de la creaci\u00f3n<\/strong>.<\/p>\n<p data-start=\"1537\" data-end=\"1686\">Para nosotros, y tambi\u00e9n para <strong data-start=\"1567\" data-end=\"1608\"><span class=\"hover:entity-accent entity-underline inline cursor-pointer align-baseline\"><span class=\"whitespace-normal\">Leonard Bernstein, <\/span><\/span><\/strong><strong data-start=\"1612\" data-end=\"1685\">528 Hz es la frecuencia m\u00e1s poderosa y bonita que existe: la del amor<\/strong>.<\/p>\n<p data-start=\"1688\" data-end=\"1851\">Esta visi\u00f3n conecta con la idea de <strong data-start=\"1723\" data-end=\"1764\"><span class=\"hover:entity-accent entity-underline inline cursor-pointer align-baseline\"><span class=\"whitespace-normal\">Albert Einstein<\/span><\/span><\/strong>, quien afirmaba que <strong data-start=\"1787\" data-end=\"1850\">la energ\u00eda m\u00e1s poderosa del universo es la energ\u00eda del amor<\/strong>.<\/p>\n<p data-start=\"1853\" data-end=\"1921\">En ParPer no nos quedamos en la teor\u00eda. La llevamos a la pr\u00e1ctica.<\/p>\n<p data-start=\"1923\" data-end=\"2059\">Por eso estos packs est\u00e1n <strong data-start=\"1949\" data-end=\"1975\">conmemorados en 528 Hz<\/strong>: para que el sonido sea una excusa hermosa para compartir, escucharse y cuidarse.<\/p>\n<hr data-start=\"2061\" data-end=\"2064\" \/>\n<h2 data-start=\"2066\" data-end=\"2110\">\ud83d\udc9e \u00bfQu\u00e9 incluye el Pack D\u00fao San Valent\u00edn?<\/h2>\n<ul data-start=\"2111\" data-end=\"2307\">\n<li data-start=\"2111\" data-end=\"2141\">\n<p data-start=\"2113\" data-end=\"2141\">2 instrumentos ParPer Drum<\/p>\n<\/li>\n<li data-start=\"2142\" data-end=\"2178\">\n<p data-start=\"2144\" data-end=\"2178\">Afinaci\u00f3n conjunta en <strong data-start=\"2166\" data-end=\"2176\">528 Hz<\/strong><\/p>\n<\/li>\n<li data-start=\"2179\" data-end=\"2211\">\n<p data-start=\"2181\" data-end=\"2211\">Escalas compatibles entre s\u00ed, para no necesitar pensar y tan solo seguir un ritmo com\u00fan.<\/p>\n<\/li>\n<li data-start=\"2212\" data-end=\"2253\">\n<p data-start=\"2214\" data-end=\"2253\">Fabricaci\u00f3n personalizada por encargo<\/p>\n<\/li>\n<li data-start=\"2254\" data-end=\"2307\">\n<p data-start=\"2256\" data-end=\"2307\">Opci\u00f3n de decoraci\u00f3n art\u00edstica con un dise\u00f3 \u00fanico y personalizado (servicio adicional)<\/p>\n<\/li>\n<\/ul>\n<hr data-start=\"2309\" data-end=\"2312\" \/>\n<h2 data-start=\"2314\" data-end=\"2339\">\ud83e\ude90 Modelos disponibles<\/h2>\n<h3 data-start=\"2341\" data-end=\"2367\">Packs del mismo modelo<\/h3>\n<ul data-start=\"2368\" data-end=\"2527\">\n<li data-start=\"2368\" data-end=\"2401\">\n<p data-start=\"2370\" data-end=\"2401\"><strong data-start=\"2370\" data-end=\"2399\">Arcturus V1 + Arcturus V1<\/strong><\/p>\n<\/li>\n<li data-start=\"2402\" data-end=\"2435\">\n<p data-start=\"2404\" data-end=\"2435\"><strong data-start=\"2404\" data-end=\"2433\">Arcturus V2 + Arcturus V2<\/strong><\/p>\n<\/li>\n<li data-start=\"2436\" data-end=\"2469\">\n<p data-start=\"2438\" data-end=\"2469\"><strong data-start=\"2438\" data-end=\"2467\">Arcturus V3 + Arcturus V3<\/strong><\/p>\n<\/li>\n<li data-start=\"2470\" data-end=\"2499\">\n<p data-start=\"2472\" data-end=\"2499\"><strong data-start=\"2472\" data-end=\"2497\">Cosmos V2 + Cosmos V2<\/strong><\/p>\n<\/li>\n<li data-start=\"2500\" data-end=\"2527\">\n<p data-start=\"2502\" data-end=\"2527\"><strong data-start=\"2502\" data-end=\"2527\">Cosmos V3 + Cosmos V3<\/strong><\/p>\n<\/li>\n<\/ul>\n<h3 data-start=\"2529\" data-end=\"2549\">Packs combinados<\/h3>\n<ul data-start=\"2550\" data-end=\"2611\">\n<li data-start=\"2550\" data-end=\"2581\">\n<p data-start=\"2552\" data-end=\"2581\"><strong data-start=\"2552\" data-end=\"2579\">Arcturus V2 + Cosmos V2<\/strong><\/p>\n<\/li>\n<li data-start=\"2582\" data-end=\"2611\">\n<p data-start=\"2584\" data-end=\"2611\"><strong data-start=\"2584\" data-end=\"2611\">Arcturus V3 + Cosmos V3<\/strong><\/p>\n<\/li>\n<\/ul>\n<p data-start=\"2613\" data-end=\"2720\">Cada pareja de instrumentos se ajusta buscando <strong data-start=\"2660\" data-end=\"2684\">equilibrio y di\u00e1logo<\/strong>, como en cualquier relaci\u00f3n bonita. Sin necesidad de pensar en nada m\u00e1s, ya que no necesitas tener conocimientos musicales para tocarlo.<\/p>\n<hr data-start=\"2722\" data-end=\"2725\" \/>\n<h2 data-start=\"2727\" data-end=\"2747\">\ud83c\udfbc Escala \u00b7 Notas<\/h2>\n<h3 data-start=\"2749\" data-end=\"2761\">Musical Scale<\/h3>\n<p data-start=\"2762\" data-end=\"2952\">Escalas arm\u00f3nicas y abiertas, pensadas para que dos personas puedan tocar juntas sin miedo a \u201cequivocarse\u201d.<br data-start=\"2869\" data-end=\"2872\" \/>La escala se define durante la fabricaci\u00f3n seg\u00fan el modelo y el n\u00famero de notas. Aseguramos un sonido bonito y compatible.<\/p>\n<h3 data-start=\"2954\" data-end=\"2973\">Number of tones<\/h3>\n<ul data-start=\"2974\" data-end=\"3111\">\n<li data-start=\"2974\" data-end=\"3009\">\n<p data-start=\"2976\" data-end=\"3009\"><strong data-start=\"2976\" data-end=\"2987\">8 notas<\/strong> \u2013 sencillez y calma<\/p>\n<\/li>\n<li data-start=\"3010\" data-end=\"3038\">\n<p data-start=\"3012\" data-end=\"3038\"><strong data-start=\"3012\" data-end=\"3023\">9 notas<\/strong> \u2013 equilibrio<\/p>\n<\/li>\n<li data-start=\"3039\" data-end=\"3072\">\n<p data-start=\"3041\" data-end=\"3072\"><strong data-start=\"3041\" data-end=\"3053\">10 notas<\/strong> \u2013 riqueza sonora<\/p>\n<\/li>\n<li data-start=\"3073\" data-end=\"3111\">\n<p data-start=\"3075\" data-end=\"3111\"><strong data-start=\"3075\" data-end=\"3087\">11 notas<\/strong> \u2013 exploraci\u00f3n y juego<\/p>\n<\/li>\n<\/ul>\n<p data-start=\"3113\" data-end=\"3163\">El n\u00famero de notas se aplica a ambos instrumentos.<\/p>\n<hr data-start=\"3165\" data-end=\"3168\" \/>\n<h2 data-start=\"3170\" data-end=\"3222\">\ud83e\udd0d Hechos por encargo, como las cosas importantes<\/h2>\n<p data-start=\"3223\" data-end=\"3345\">No hay instrumentos en stock esperando en las estanter\u00edas.<br data-start=\"3252\" data-end=\"3255\" \/>Cada pack comienza cuando alguien decide regalar (o regalarse) una experiencia compartida. Y eso es lo que le hace m\u00e1s especial a este pack.<\/p>\n<hr data-start=\"3347\" data-end=\"3350\" \/>\n<h2 data-start=\"3352\" data-end=\"3389\">\ud83c\udfa8 Decoraci\u00f3n art\u00edstica (opcional)<\/h2>\n<p data-start=\"3390\" data-end=\"3456\">Puedes a\u00f1adir <strong data-start=\"3404\" data-end=\"3442\">decoraci\u00f3n art\u00edstica personalizada<\/strong> si lo deseas. Igual en ambos isntrumentos, o en cada uno una decoraci\u00f3n distinta. Si quieres a\u00e1dir algo y no sabes qu\u00e9, contacta con nosotros y juntos lo dise\u00f1aremos de manera gratuita.<\/p>\n<p data-start=\"3458\" data-end=\"3637\">La decoraci\u00f3n un servicio adicional y puede suponer un <strong data-start=\"3502\" data-end=\"3527\">incremento del precio<\/strong> seg\u00fan el dise\u00f1o y el tiempo requerido.<br data-start=\"3566\" data-end=\"3569\" \/>Despu\u00e9s de la compra, hablaremos contigo con calma para concretarlo.<\/p>\n<hr data-start=\"3639\" data-end=\"3642\" \/>\n<h2 data-start=\"3644\" data-end=\"3661\">\u23f3 Solo 8 packs<\/h2>\n<p data-start=\"3662\" data-end=\"3762\">Este San Valent\u00edn solo se realizar\u00e1n <strong data-start=\"3699\" data-end=\"3714\">8 packs d\u00fao<\/strong>.<br data-start=\"3715\" data-end=\"3718\" \/>Cuando se completen, se cierra esta edici\u00f3n.<\/p>\n<hr data-start=\"3764\" data-end=\"3767\" \/>\n<h2 data-start=\"3769\" data-end=\"3810\">\ud83c\udfb6 Para tocar juntos, sin saber m\u00fasica<\/h2>\n<p data-start=\"3811\" data-end=\"3947\">No hace falta experiencia previa.<br data-start=\"3844\" data-end=\"3847\" \/>Los instrumentos est\u00e1n pensados para que suenen bien juntos y para que el momento sea lo importante.<\/p>\n<hr data-start=\"3949\" data-end=\"3952\" \/>\n<p>\u2728 <strong style=\"font-size: 16px;\" data-start=\"3989\" data-end=\"4158\">\u201cEl amor es el significado \u00faltimo de todo lo que nos rodea. <\/strong><strong data-start=\"3989\" data-end=\"4158\">No es un simple sentimiento: es la verdad. Es la alegr\u00eda que est\u00e1 en el origen de toda creaci\u00f3n.\u201d<\/strong><\/p>\n<p data-start=\"4167\" data-end=\"4476\">Inspirados por la visi\u00f3n de <strong data-start=\"4195\" data-end=\"4214\">Albert Einstein <\/strong>y por la frecuencia <strong data-start=\"4239\" data-end=\"4249\">528 Hz:<\/strong>\u00a0nacen estos <strong data-start=\"4267\" data-end=\"4294\">8 packs de San Valent\u00edn<\/strong>: dos instrumentos afinados para compartir, para tocar con la persona que m\u00e1s quieres y para vivir juntos <strong data-start=\"4412\" data-end=\"4475\">la frecuencia m\u00e1s poderosa y bonita que existe: la del amor<\/strong>.<\/p>","protected":false},"excerpt":{"rendered":"<p>\u201cEl amor es el significado \u00faltimo de todo lo que nos rodea.<br data-start=\"4050\" data-end=\"4053\" \/>No es un simple sentimiento: es la verdad.<br data-start=\"4097\" data-end=\"4100\" \/>Es la alegr\u00eda que est\u00e1 en el origen de toda creaci\u00f3n.\u201d<\/p>\n<p>Un regalo de San Valent\u00edn para sentarse juntos y dejar que el sonido hable.<br data-start=\"296\" data-end=\"299\" \/>Dos instrumentos creados como pareja, afinados en <strong data-start=\"349\" data-end=\"359\">528 Hz<\/strong>,<br data-start=\"360\" data-end=\"363\" \/>para compartir amor, presencia y m\u00fasica, con la persona que m\u00e1s quieras.<br data-start=\"403\" data-end=\"406\" \/>Solo <strong data-start=\"411\" data-end=\"422\">8 packs en total<\/strong>. Si lo sientes, es ahora.<\/p>\n<p><strong>Precio especial San Valent\u00edn<\/strong><\/p>\n<blockquote data-start=\"959\" data-end=\"1143\">\n<p data-start=\"961\" data-end=\"1143\">Cada pack se crea para alguien concreto.<br data-start=\"1001\" data-end=\"1004\" \/>Si te apetece, escr\u00edbenos despu\u00e9s de la compra y cu\u00e9ntanos un poco sobre ti o de vosotros.<br data-start=\"1085\" data-end=\"1088\" \/>Nos ayudar\u00e1 a personalizar el pack en la medida de lo posible y a crearlo con a\u00fan m\u00e1s sentido.<\/p>\n<\/blockquote>","protected":false},"featured_media":4089,"comment_status":"open","ping_status":"closed","template":"","meta":{"_uag_custom_page_level_css":"","_monsterinsights_skip_tracking":false,"_monsterinsights_sitenote_active":false,"_monsterinsights_sitenote_note":"","_monsterinsights_sitenote_category":0,"_uf_show_specific_survey":0,"_uf_disable_surveys":false},"product_brand":[81],"product_cat":[75,76,77,78,20,19],"product_tag":[],"class_list":{"0":"post-4056","1":"product","2":"type-product","3":"status-publish","4":"has-post-thumbnail","6":"product_brand-parper-drum-harmonic-sounds","7":"product_cat-arcturus-v1","8":"product_cat-arcturus-v2","9":"product_cat-arcturus-v3","10":"product_cat-arcturus-v4","11":"product_cat-serie-arcturus","12":"product_cat-serie-cosmos","14":"first","15":"instock","16":"shipping-taxable","17":"purchasable","18":"product-type-variable"},"uagb_featured_image_src":{"full":["https:\/\/parperdrum.com\/wp-content\/uploads\/2026\/01\/ChatGPT-Image-13-ene-2026-06_22_15-p.m.png",1024,1536,false],"thumbnail":["https:\/\/parperdrum.com\/wp-content\/uploads\/2026\/01\/ChatGPT-Image-13-ene-2026-06_22_15-p.m-150x150.png",150,150,true],"medium":["https:\/\/parperdrum.com\/wp-content\/uploads\/2026\/01\/ChatGPT-Image-13-ene-2026-06_22_15-p.m-200x300.png",200,300,true],"medium_large":["https:\/\/parperdrum.com\/wp-content\/uploads\/2026\/01\/ChatGPT-Image-13-ene-2026-06_22_15-p.m-768x1152.png",640,960,true],"large":["https:\/\/parperdrum.com\/wp-content\/uploads\/2026\/01\/ChatGPT-Image-13-ene-2026-06_22_15-p.m-683x1024.png",640,960,true],"1536x1536":["https:\/\/parperdrum.com\/wp-content\/uploads\/2026\/01\/ChatGPT-Image-13-ene-2026-06_22_15-p.m.png",1024,1536,false],"2048x2048":["https:\/\/parperdrum.com\/wp-content\/uploads\/2026\/01\/ChatGPT-Image-13-ene-2026-06_22_15-p.m.png",1024,1536,false],"trp-custom-language-flag":["https:\/\/parperdrum.com\/wp-content\/uploads\/2026\/01\/ChatGPT-Image-13-ene-2026-06_22_15-p.m-8x12.png",8,12,true],"fashion-designer-homepage-thumb":["https:\/\/parperdrum.com\/wp-content\/uploads\/2026\/01\/ChatGPT-Image-13-ene-2026-06_22_15-p.m-240x145.png",240,145,true],"woocommerce_thumbnail":["https:\/\/parperdrum.com\/wp-content\/uploads\/2026\/01\/ChatGPT-Image-13-ene-2026-06_22_15-p.m-300x300.png",300,300,true],"woocommerce_single":["https:\/\/parperdrum.com\/wp-content\/uploads\/2026\/01\/ChatGPT-Image-13-ene-2026-06_22_15-p.m-600x900.png",600,900,true],"woocommerce_gallery_thumbnail":["https:\/\/parperdrum.com\/wp-content\/uploads\/2026\/01\/ChatGPT-Image-13-ene-2026-06_22_15-p.m-100x100.png",100,100,true]},"uagb_author_info":{"display_name":"Nerea P\u00e9rez Ruiz","author_link":"https:\/\/parperdrum.com\/en\/author\/"},"uagb_comment_info":0,"uagb_excerpt":"\u201cEl amor es el significado \u00faltimo de todo lo que nos rodea.No es un simple sentimiento: es la verdad.Es la alegr\u00eda que est\u00e1 en el origen de toda creaci\u00f3n.\u201d Un regalo de San Valent\u00edn para sentarse juntos y dejar que el sonido hable.Dos instrumentos creados como pareja, afinados en 528 Hz,para compartir amor, presencia y&hellip;","jetpack_sharing_enabled":true,"jetpack-related-posts":[{"id":3714,"url":"https:\/\/parperdrum.com\/en\/tienda\/serie-arcturus\/arcturus-v3\/10-tonos-arcturus-v3\/","url_meta":{"origin":4056,"position":0},"title":"10 tonos &#8211; Arcturus V3","author":"Nerea P\u00e9rez Ruiz","date":"30 de October de 2025","format":false,"excerpt":"Arcturus V3 es la versi\u00f3n donde la idea original de ParPer Drum se completa. Un Steel Tongue Tank Drum afinado con dobles arm\u00f3nicos cruzados en todos los tonos, siguiendo la misma l\u00f3gica de afinaci\u00f3n que un handpan, pero con el cuerpo, el sost\u00e9n y la estabilidad de un tongue bien\u2026","rel":"","context":"Similar post","block_context":{"text":"Similar post","link":""},"img":{"alt_text":"","src":"https:\/\/i0.wp.com\/parperdrum.com\/wp-content\/uploads\/2025\/08\/1000001151-scaled.jpg?resize=350%2C200&ssl=1","width":350,"height":200,"srcset":"https:\/\/i0.wp.com\/parperdrum.com\/wp-content\/uploads\/2025\/08\/1000001151-scaled.jpg?resize=350%2C200&ssl=1 1x, https:\/\/i0.wp.com\/parperdrum.com\/wp-content\/uploads\/2025\/08\/1000001151-scaled.jpg?resize=525%2C300&ssl=1 1.5x, https:\/\/i0.wp.com\/parperdrum.com\/wp-content\/uploads\/2025\/08\/1000001151-scaled.jpg?resize=700%2C400&ssl=1 2x, https:\/\/i0.wp.com\/parperdrum.com\/wp-content\/uploads\/2025\/08\/1000001151-scaled.jpg?resize=1050%2C600&ssl=1 3x, https:\/\/i0.wp.com\/parperdrum.com\/wp-content\/uploads\/2025\/08\/1000001151-scaled.jpg?resize=1400%2C800&ssl=1 4x"},"classes":[]},{"id":3624,"url":"https:\/\/parperdrum.com\/en\/tienda\/serie-arcturus\/arcturus-v1\/13-tonos-arcturus-v1\/","url_meta":{"origin":4056,"position":1},"title":"13 tonos &#8211; Arcturus V1","author":"Nerea P\u00e9rez Ruiz","date":"30 de October de 2025","format":false,"excerpt":"Arcturus V1 es el punto de partida de todo lo que hoy es ParPer Drum. Un Steel Tongue Tank Drum sencillo, estable y muy agradecido, pensado para tocar desde el primer momento sin complicaciones. Un instrumento honesto, directo y musical, que funciona tanto para empezar como para quien busca un\u2026","rel":"","context":"Similar post","block_context":{"text":"Similar post","link":""},"img":{"alt_text":"","src":"https:\/\/i0.wp.com\/parperdrum.com\/wp-content\/uploads\/2025\/10\/20230918_113436.jpg?resize=350%2C200&ssl=1","width":350,"height":200,"srcset":"https:\/\/i0.wp.com\/parperdrum.com\/wp-content\/uploads\/2025\/10\/20230918_113436.jpg?resize=350%2C200&ssl=1 1x, https:\/\/i0.wp.com\/parperdrum.com\/wp-content\/uploads\/2025\/10\/20230918_113436.jpg?resize=525%2C300&ssl=1 1.5x, https:\/\/i0.wp.com\/parperdrum.com\/wp-content\/uploads\/2025\/10\/20230918_113436.jpg?resize=700%2C400&ssl=1 2x, https:\/\/i0.wp.com\/parperdrum.com\/wp-content\/uploads\/2025\/10\/20230918_113436.jpg?resize=1050%2C600&ssl=1 3x, https:\/\/i0.wp.com\/parperdrum.com\/wp-content\/uploads\/2025\/10\/20230918_113436.jpg?resize=1400%2C800&ssl=1 4x"},"classes":[]},{"id":3604,"url":"https:\/\/parperdrum.com\/en\/tienda\/serie-arcturus\/arcturus-v1\/11-tonos-arcturus-v1\/","url_meta":{"origin":4056,"position":2},"title":"11 tonos &#8211; Arcturus V1","author":"Nerea P\u00e9rez Ruiz","date":"30 de October de 2025","format":false,"excerpt":"Arcturus V1 es el punto de partida de todo lo que hoy es ParPer Drum. Un Steel Tongue Tank Drum sencillo, estable y muy agradecido, pensado para tocar desde el primer momento sin complicaciones. Un instrumento honesto, directo y musical, que funciona tanto para empezar como para quien busca un\u2026","rel":"","context":"Similar post","block_context":{"text":"Similar post","link":""},"img":{"alt_text":"","src":"https:\/\/i0.wp.com\/parperdrum.com\/wp-content\/uploads\/2025\/10\/20230918_113249.jpg?resize=350%2C200&ssl=1","width":350,"height":200,"srcset":"https:\/\/i0.wp.com\/parperdrum.com\/wp-content\/uploads\/2025\/10\/20230918_113249.jpg?resize=350%2C200&ssl=1 1x, https:\/\/i0.wp.com\/parperdrum.com\/wp-content\/uploads\/2025\/10\/20230918_113249.jpg?resize=525%2C300&ssl=1 1.5x, https:\/\/i0.wp.com\/parperdrum.com\/wp-content\/uploads\/2025\/10\/20230918_113249.jpg?resize=700%2C400&ssl=1 2x, https:\/\/i0.wp.com\/parperdrum.com\/wp-content\/uploads\/2025\/10\/20230918_113249.jpg?resize=1050%2C600&ssl=1 3x, https:\/\/i0.wp.com\/parperdrum.com\/wp-content\/uploads\/2025\/10\/20230918_113249.jpg?resize=1400%2C800&ssl=1 4x"},"classes":[]},{"id":3420,"url":"https:\/\/parperdrum.com\/en\/tienda\/serie-arcturus\/arcturus-v1\/8-tonos-arcturus-v1\/","url_meta":{"origin":4056,"position":3},"title":"8 tonos &#8211; Arcturus V1","author":"Nerea P\u00e9rez Ruiz","date":"28 de October de 2025","format":false,"excerpt":"Arcturus V1 es el punto de partida de todo lo que hoy es ParPer Drum. Un Steel Tongue Tank Drum sencillo, estable y muy agradecido, pensado para tocar desde el primer momento sin complicaciones. Un instrumento honesto, directo y musical, que funciona tanto para empezar como para quien busca un\u2026","rel":"","context":"Similar post","block_context":{"text":"Similar post","link":""},"img":{"alt_text":"","src":"https:\/\/i0.wp.com\/parperdrum.com\/wp-content\/uploads\/2025\/10\/d6acb0b0-79d1-43ff-8e56-b0e0878b71eb.jpg?resize=350%2C200&ssl=1","width":350,"height":200,"srcset":"https:\/\/i0.wp.com\/parperdrum.com\/wp-content\/uploads\/2025\/10\/d6acb0b0-79d1-43ff-8e56-b0e0878b71eb.jpg?resize=350%2C200&ssl=1 1x, https:\/\/i0.wp.com\/parperdrum.com\/wp-content\/uploads\/2025\/10\/d6acb0b0-79d1-43ff-8e56-b0e0878b71eb.jpg?resize=525%2C300&ssl=1 1.5x, https:\/\/i0.wp.com\/parperdrum.com\/wp-content\/uploads\/2025\/10\/d6acb0b0-79d1-43ff-8e56-b0e0878b71eb.jpg?resize=700%2C400&ssl=1 2x, https:\/\/i0.wp.com\/parperdrum.com\/wp-content\/uploads\/2025\/10\/d6acb0b0-79d1-43ff-8e56-b0e0878b71eb.jpg?resize=1050%2C600&ssl=1 3x, https:\/\/i0.wp.com\/parperdrum.com\/wp-content\/uploads\/2025\/10\/d6acb0b0-79d1-43ff-8e56-b0e0878b71eb.jpg?resize=1400%2C800&ssl=1 4x"},"classes":[]},{"id":3594,"url":"https:\/\/parperdrum.com\/en\/tienda\/serie-arcturus\/arcturus-v1\/10-tonos-arcturus-v1\/","url_meta":{"origin":4056,"position":4},"title":"10 tonos &#8211; Arcturus V1","author":"Nerea P\u00e9rez Ruiz","date":"30 de October de 2025","format":false,"excerpt":"Arcturus V1 es el punto de partida de todo lo que hoy es ParPer Drum. Un Steel Tongue Tank Drum sencillo, estable y muy agradecido, pensado para tocar desde el primer momento sin complicaciones. Un instrumento honesto, directo y musical, que funciona tanto para empezar como para quien busca un\u2026","rel":"","context":"Similar post","block_context":{"text":"Similar post","link":""},"img":{"alt_text":"","src":"https:\/\/i0.wp.com\/parperdrum.com\/wp-content\/uploads\/2025\/10\/IMG_20251020_174008688_HDR-scaled.jpg?resize=350%2C200&ssl=1","width":350,"height":200,"srcset":"https:\/\/i0.wp.com\/parperdrum.com\/wp-content\/uploads\/2025\/10\/IMG_20251020_174008688_HDR-scaled.jpg?resize=350%2C200&ssl=1 1x, https:\/\/i0.wp.com\/parperdrum.com\/wp-content\/uploads\/2025\/10\/IMG_20251020_174008688_HDR-scaled.jpg?resize=525%2C300&ssl=1 1.5x, https:\/\/i0.wp.com\/parperdrum.com\/wp-content\/uploads\/2025\/10\/IMG_20251020_174008688_HDR-scaled.jpg?resize=700%2C400&ssl=1 2x, https:\/\/i0.wp.com\/parperdrum.com\/wp-content\/uploads\/2025\/10\/IMG_20251020_174008688_HDR-scaled.jpg?resize=1050%2C600&ssl=1 3x, https:\/\/i0.wp.com\/parperdrum.com\/wp-content\/uploads\/2025\/10\/IMG_20251020_174008688_HDR-scaled.jpg?resize=1400%2C800&ssl=1 4x"},"classes":[]},{"id":3584,"url":"https:\/\/parperdrum.com\/en\/tienda\/serie-arcturus\/arcturus-v1\/9-tonos-arcturus-v1\/","url_meta":{"origin":4056,"position":5},"title":"9 tonos &#8211; Arcturus V1","author":"Nerea P\u00e9rez Ruiz","date":"30 de October de 2025","format":false,"excerpt":"Arcturus V1 es el punto de partida de todo lo que hoy es ParPer Drum. Un Steel Tongue Tank Drum sencillo, estable y muy agradecido, pensado para tocar desde el primer momento sin complicaciones. Un instrumento honesto, directo y musical, que funciona tanto para empezar como para quien busca un\u2026","rel":"","context":"Similar post","block_context":{"text":"Similar post","link":""},"img":{"alt_text":"","src":"https:\/\/i0.wp.com\/parperdrum.com\/wp-content\/uploads\/2025\/10\/1000140263.jpg?resize=350%2C200&ssl=1","width":350,"height":200,"srcset":"https:\/\/i0.wp.com\/parperdrum.com\/wp-content\/uploads\/2025\/10\/1000140263.jpg?resize=350%2C200&ssl=1 1x, https:\/\/i0.wp.com\/parperdrum.com\/wp-content\/uploads\/2025\/10\/1000140263.jpg?resize=525%2C300&ssl=1 1.5x, https:\/\/i0.wp.com\/parperdrum.com\/wp-content\/uploads\/2025\/10\/1000140263.jpg?resize=700%2C400&ssl=1 2x, https:\/\/i0.wp.com\/parperdrum.com\/wp-content\/uploads\/2025\/10\/1000140263.jpg?resize=1050%2C600&ssl=1 3x"},"classes":[]}],"_links":{"self":[{"href":"https:\/\/parperdrum.com\/en\/wp-json\/wp\/v2\/product\/4056","targetHints":{"allow":["GET"]}}],"collection":[{"href":"https:\/\/parperdrum.com\/en\/wp-json\/wp\/v2\/product"}],"about":[{"href":"https:\/\/parperdrum.com\/en\/wp-json\/wp\/v2\/types\/product"}],"replies":[{"embeddable":true,"href":"https:\/\/parperdrum.com\/en\/wp-json\/wp\/v2\/comments?post=4056"}],"wp:featuredmedia":[{"embeddable":true,"href":"https:\/\/parperdrum.com\/en\/wp-json\/wp\/v2\/media\/4089"}],"wp:attachment":[{"href":"https:\/\/parperdrum.com\/en\/wp-json\/wp\/v2\/media?parent=4056"}],"wp:term":[{"taxonomy":"product_brand","embeddable":true,"href":"https:\/\/parperdrum.com\/en\/wp-json\/wp\/v2\/product_brand?post=4056"},{"taxonomy":"product_cat","embeddable":true,"href":"https:\/\/parperdrum.com\/en\/wp-json\/wp\/v2\/product_cat?post=4056"},{"taxonomy":"product_tag","embeddable":true,"href":"https:\/\/parperdrum.com\/en\/wp-json\/wp\/v2\/product_tag?post=4056"}],"curies":[{"name":"wp","href":"https:\/\/api.w.org\/{rel}","templated":true}]}}