{"id":3694,"date":"2025-10-30T17:55:40","date_gmt":"2025-10-30T17:55:40","guid":{"rendered":"https:\/\/parperdrum.com\/?post_type=product&#038;p=3694"},"modified":"2026-02-03T17:00:59","modified_gmt":"2026-02-03T17:00:59","slug":"8-tonos-arcturus-v3","status":"publish","type":"product","link":"https:\/\/parperdrum.com\/en\/tienda\/serie-arcturus\/arcturus-v3\/8-tonos-arcturus-v3\/","title":{"rendered":"8 tonos &#8211; Arcturus V3"},"content":{"rendered":"<h1 data-start=\"379\" data-end=\"419\">Arcturus V3 \u00b7 Steel Tongue Tank Drum<\/h1>\n<p data-start=\"420\" data-end=\"463\"><em data-start=\"420\" data-end=\"463\">(33 cm \u00b7 full handpan tuning)<\/em><\/p>\n<hr data-start=\"874\" data-end=\"877\" \/>\n<h2 data-start=\"879\" data-end=\"914\">Who is this instrument for?<\/h2>\n<p data-start=\"915\" data-end=\"1059\">Arcturus V3 is designed for people who are looking for more than just an introduction to sound, but who do not need to have any previous experience.<\/p>\n<p data-start=\"1061\" data-end=\"1084\">It works very well for:<\/p>\n<ul data-start=\"1085\" data-end=\"1418\">\n<li data-start=\"1085\" data-end=\"1171\">\n<p data-start=\"1087\" data-end=\"1171\">beginners who want an instrument that won't fall short over time<\/p>\n<\/li>\n<li data-start=\"1172\" data-end=\"1252\">\n<p data-start=\"1174\" data-end=\"1252\">musicians looking for real expressiveness without having to struggle with the instrument<\/p>\n<\/li>\n<li data-start=\"1253\" data-end=\"1323\">\n<p data-start=\"1255\" data-end=\"1323\">music therapy, sound therapy and personal process accompaniment<\/p>\n<\/li>\n<li data-start=\"1324\" data-end=\"1418\">\n<p data-start=\"1326\" data-end=\"1418\">those who come from handpan and want a similar experience, but more stable and accessible<\/p>\n<\/li>\n<\/ul>\n<p data-start=\"1420\" data-end=\"1470\" class=\"translation-block\">It doesn't require technique, but it responds when there is technique.<\/p>\n<hr data-start=\"1472\" data-end=\"1475\" \/>\n<h2 data-start=\"1477\" data-end=\"1507\">How does it feel to play?<\/h2>\n<p data-start=\"1508\" data-end=\"1685\" class=\"translation-block\">How does it feel to play?\nThe sound has body, range and sustain.\nIt doesn't fade quickly, it's not dry, it doesn't force you to play fast. Each note breathes and stays just long enough for you to hear it.<\/p>\n<p data-start=\"1687\" data-end=\"1708\">When you play it, it feels:<\/p>\n<ul data-start=\"1709\" data-end=\"1793\">\n<li data-start=\"1709\" data-end=\"1720\">\n<p data-start=\"1711\" data-end=\"1720\">round<\/p>\n<\/li>\n<li data-start=\"1721\" data-end=\"1736\">\n<p data-start=\"1723\" data-end=\"1736\">balanced<\/p>\n<\/li>\n<li data-start=\"1737\" data-end=\"1754\">\n<p data-start=\"1739\" data-end=\"1754\">very expressive<\/p>\n<\/li>\n<li data-start=\"1755\" data-end=\"1793\">\n<p data-start=\"1757\" data-end=\"1793\">with clear and controlled harmonics<\/p>\n<\/li>\n<\/ul>\n<p data-start=\"1795\" data-end=\"1856\">It invites you to both play and delve deeper. It doesn't push. It accompanies.<\/p>\n<hr data-start=\"1858\" data-end=\"1861\" \/>\n<h2 data-start=\"1863\" data-end=\"1885\">Type of experience<\/h2>\n<p data-start=\"1886\" data-end=\"1957\" class=\"translation-block\">Type of experience\nArcturus V3 is the complete experience within the Arcturus series.<\/p>\n<p data-start=\"1959\" data-end=\"2065\" class=\"translation-block\">All tones are tuned with double cross harmonics, just like a handpan, which allows for:<\/p>\n<ul data-start=\"2066\" data-end=\"2145\">\n<li data-start=\"2066\" data-end=\"2090\">\n<p data-start=\"2068\" data-end=\"2090\">greater sonic richness<\/p>\n<\/li>\n<li data-start=\"2091\" data-end=\"2110\">\n<p data-start=\"2093\" data-end=\"2110\">more depth<\/p>\n<\/li>\n<li data-start=\"2111\" data-end=\"2145\">\n<p data-start=\"2113\" data-end=\"2145\">more nuances when varying the touch<\/p>\n<\/li>\n<\/ul>\n<p data-start=\"2147\" data-end=\"2266\">It is an instrument that grows with you. At first it is gentle and easy, and over time it offers more and more possibilities.<\/p>\n<hr data-start=\"2268\" data-end=\"2271\" \/>\n<h2 data-start=\"2273\" data-end=\"2298\">Sound customisation<\/h2>\n<p data-start=\"2299\" data-end=\"2347\">This model allows complete customization of:<\/p>\n<ul data-start=\"2348\" data-end=\"2437\">\n<li data-start=\"2348\" data-end=\"2366\">\n<p data-start=\"2350\" data-end=\"2366\">musical scale<\/p>\n<\/li>\n<li data-start=\"2367\" data-end=\"2386\">\n<p data-start=\"2369\" data-end=\"2386\">Freccuency in Hz<\/p>\n<\/li>\n<li data-start=\"2387\" data-end=\"2405\">\n<p data-start=\"2389\" data-end=\"2405\">dominant note<\/p>\n<\/li>\n<li data-start=\"2406\" data-end=\"2437\">\n<p data-start=\"2408\" data-end=\"2437\">number of tones available: 8, 9, 10, 11(ORDER)<\/p>\n<\/li>\n<\/ul>\n<p data-start=\"2439\" data-end=\"2531\">If you have any doubts, don't choose blindly: we will guide you according to what you are looking for and how you are going to use it.<\/p>\n<p data-start=\"2533\" data-end=\"2701\">\ud83d\udc49 <strong data-start=\"2536\" data-end=\"2551\">Importante:<\/strong><br data-start=\"2551\" data-end=\"2554\" \/>La versi\u00f3n de <strong data-start=\"2568\" data-end=\"2580\">11 tonos<\/strong> se realiza <strong data-start=\"2592\" data-end=\"2608\">bajo encargo<\/strong> y seg\u00fan la escala elegida.<br data-start=\"2635\" data-end=\"2638\" \/>En este caso es necesario escribirnos antes de hacer el pedido.<\/p>\n<hr data-start=\"2703\" data-end=\"2706\" \/>\n<h2 data-start=\"2708\" data-end=\"2733\">Visual customisation<\/h2>\n<p data-start=\"2734\" data-end=\"2782\">Each Arcturus V3 is crafted individually.<\/p>\n<p data-start=\"2784\" data-end=\"2804\">You can customise:<\/p>\n<ul data-start=\"2805\" data-end=\"2874\">\n<li data-start=\"2805\" data-end=\"2816\">\n<p data-start=\"2807\" data-end=\"2816\">finish (glossy or matte)<\/p>\n<\/li>\n<li data-start=\"2817\" data-end=\"2828\">\n<p data-start=\"2819\" data-end=\"2828\">colours (whenever possible, but the colours of the instrument are not always possible, as we create the colours with fire)<\/p>\n<\/li>\n<li data-start=\"2829\" data-end=\"2841\">\n<p data-start=\"2831\" data-end=\"2841\">hand-engraved designs<\/p>\n<\/li>\n<li data-start=\"2842\" data-end=\"2874\">\n<p data-start=\"2844\" data-end=\"2874\">unique handmade designs<\/p>\n<\/li>\n<\/ul>\n<p data-start=\"2876\" data-end=\"2969\">We do not work with closed catalogues or repeat decorations. Each piece is made one by one.<\/p>\n<hr data-start=\"2971\" data-end=\"2974\" \/>\n<h2 data-start=\"2976\" data-end=\"2992\">Technical specifications<\/h2>\n<ul data-start=\"2993\" data-end=\"3241\">\n<li data-start=\"2993\" data-end=\"3012\">\n<p data-start=\"2995\" data-end=\"3012\">Diameter: 33 cm<\/p>\n<\/li>\n<li data-start=\"3013\" data-end=\"3057\">\n<p data-start=\"3015\" data-end=\"3057\">Material: handcrafted steel<\/p>\n<\/li>\n<li data-start=\"3058\" data-end=\"3117\">\n<p data-start=\"3060\" data-end=\"3117\">Tuning: double cross harmonics in all tones<\/p>\n<\/li>\n<li data-start=\"3118\" data-end=\"3165\">\n<p data-start=\"3120\" data-end=\"3165\">Number of tones: depending on the version selected<\/p>\n<\/li>\n<li data-start=\"3166\" data-end=\"3201\">\n<p data-start=\"3168\" data-end=\"3201\">Type of playing: hands or mallets<\/p>\n<\/li>\n<li data-start=\"3202\" data-end=\"3241\">\n<p data-start=\"3204\" data-end=\"3241\">Includes: special drumsticks<\/p>\n<\/li>\n<\/ul>\n<hr data-start=\"3243\" data-end=\"3246\" \/>\n<h2 data-start=\"3248\" data-end=\"3272\">Manufacturing time<\/h2>\n<p data-start=\"3273\" data-end=\"3409\" class=\"translation-block\">Each instrument is made to order.\nThe usual manufacturing time is 4 to 8 weeks, depending on the customisation.<\/p>\n<p data-start=\"3411\" data-end=\"3492\">During the process, we usually share progress updates so you can see how it is taking shape.<\/p>\n<hr data-start=\"3494\" data-end=\"3497\" \/>\n<h2 data-start=\"3499\" data-end=\"3518\">Basic care<\/h2>\n<ul data-start=\"3519\" data-end=\"3745\">\n<li data-start=\"3519\" data-end=\"3553\">\n<p data-start=\"3521\" data-end=\"3553\">Avoid strong blows or falls<\/p>\n<\/li>\n<li data-start=\"3554\" data-end=\"3587\">\n<p data-start=\"3556\" data-end=\"3587\">Do not expose to excessive humidity<\/p>\n<\/li>\n<li data-start=\"3588\" data-end=\"3629\">\n<p data-start=\"3590\" data-end=\"3629\">Avoid sudden changes in temperature<\/p>\n<\/li>\n<li data-start=\"3630\" data-end=\"3659\">\n<p data-start=\"3632\" data-end=\"3659\">Clean with a soft cloth<\/p>\n<\/li>\n<\/ul>\n<p data-start=\"3747\" data-end=\"3763\">Nothing complicated.<\/p>\n<hr data-start=\"3765\" data-end=\"3768\" \/>\n<h2 data-start=\"3770\" data-end=\"3803\">What is included \/ not included?<\/h2>\n<p data-start=\"3804\" data-end=\"3878\">\u2714 Incluye baquetas especiales<br data-start=\"3833\" data-end=\"3836\" \/>\u2718 No incluye funda<br data-start=\"3854\" data-end=\"3857\" \/>\u2718 No incluye libros<\/p>\n<p data-start=\"3880\" data-end=\"3975\">We share free online resources and lessons so you can start playing without any barriers.<\/p>\n<hr data-start=\"3765\" data-end=\"3768\" \/>\n<h2 data-start=\"2516\" data-end=\"2569\"><strong data-start=\"2516\" data-end=\"2567\">Differences between Arcturus V3 and other versions<\/strong><\/h2>\n<p data-start=\"2576\" data-end=\"2996\">Unlike Arcturus V1 and V2, Arcturus V3 incorporates double cross harmonics in all tones, following the same tuning logic as a handpan. This translates into a fuller sound, greater harmonic richness and a more expressive response to touch. Compared to the V4, it maintains the same sound experience, but in a more compact 33 cm format, ideal for those seeking depth without increasing size.<\/p>","protected":false},"excerpt":{"rendered":"<p>Arcturus V3 es la versi\u00f3n donde la idea original de ParPer Drum se completa.<br \/>\nUn Steel Tongue Tank Drum afinado con dobles arm\u00f3nicos cruzados en todos los tonos, siguiendo la misma l\u00f3gica de afinaci\u00f3n que un handpan, pero con el cuerpo, el sost\u00e9n y la estabilidad de un tongue bien hecho.<br \/>\nUn instrumento expresivo, profundo y muy agradecido, tanto para empezar como para crecer con \u00e9l durante a\u00f1os.<\/p>\n<p><strong><u>Formas de pago flexibles<\/u><\/strong>.<br \/>\nPuedes realizar el pago completo, o bien dejar una se\u00f1al aproximada del 25 % (o el importe que t\u00fa consideres) para reservar tu instrumento y comenzar la fabricaci\u00f3n. Si lo prefieres, puedes ir adelantando pagos cuando quieras, pero el importe restante se abonar\u00e1 siempre cuando el instrumento est\u00e9 terminado, justo antes del env\u00edo o la entrega. As\u00ed garantizamos un proceso claro y c\u00f3modo para ambas partes.<\/p>\n<p><strong><u>\u00bfC\u00f3mo realizar el pago de la se\u00f1a<\/u><\/strong>l?<br \/>\nPuedes hacerlo directamente desde la tienda realizando el pedido y seleccionando Bizum o transferencia bancaria como forma de pago; en ese momento te aparecer\u00e1n los datos necesarios para realizar la se\u00f1al o el pago completo, sin necesidad de contactarnos previamente. En el concepto tendr\u00e1s que poner tu n\u00famero de pedido. Si prefieres hablarlo antes o necesitas algo especial, puedes escribirnos y lo vemos contigo, pero no es obligatorio: en cuanto recibimos la se\u00f1al, el pedido queda registrado y comenzamos el proceso.<\/p>","protected":false},"featured_media":3261,"comment_status":"open","ping_status":"closed","template":"","meta":{"_uag_custom_page_level_css":"","_monsterinsights_skip_tracking":false,"_monsterinsights_sitenote_active":false,"_monsterinsights_sitenote_note":"","_monsterinsights_sitenote_category":0,"_uf_show_specific_survey":0,"_uf_disable_surveys":false},"product_brand":[81],"product_cat":[77],"product_tag":[],"class_list":{"0":"post-3694","1":"product","2":"type-product","3":"status-publish","4":"has-post-thumbnail","6":"product_brand-parper-drum-harmonic-sounds","7":"product_cat-arcturus-v3","9":"first","10":"instock","11":"shipping-taxable","12":"purchasable","13":"product-type-variable","14":"has-default-attributes"},"uagb_featured_image_src":{"full":["https:\/\/parperdrum.com\/wp-content\/uploads\/2025\/08\/1000001156-scaled.jpg",1920,2560,false],"thumbnail":["https:\/\/parperdrum.com\/wp-content\/uploads\/2025\/08\/1000001156-150x150.jpg",150,150,true],"medium":["https:\/\/parperdrum.com\/wp-content\/uploads\/2025\/08\/1000001156-225x300.jpg",225,300,true],"medium_large":["https:\/\/parperdrum.com\/wp-content\/uploads\/2025\/08\/1000001156-768x1024.jpg",640,853,true],"large":["https:\/\/parperdrum.com\/wp-content\/uploads\/2025\/08\/1000001156-768x1024.jpg",640,853,true],"1536x1536":["https:\/\/parperdrum.com\/wp-content\/uploads\/2025\/08\/1000001156-1152x1536.jpg",1152,1536,true],"2048x2048":["https:\/\/parperdrum.com\/wp-content\/uploads\/2025\/08\/1000001156-1536x2048.jpg",1536,2048,true],"trp-custom-language-flag":["https:\/\/parperdrum.com\/wp-content\/uploads\/2025\/08\/1000001156-scaled.jpg",9,12,false],"fashion-designer-homepage-thumb":["https:\/\/parperdrum.com\/wp-content\/uploads\/2025\/08\/1000001156-scaled.jpg",109,145,false],"woocommerce_thumbnail":["https:\/\/parperdrum.com\/wp-content\/uploads\/2025\/08\/1000001156-300x300.jpg",300,300,true],"woocommerce_single":["https:\/\/parperdrum.com\/wp-content\/uploads\/2025\/08\/1000001156-600x800.jpg",600,800,true],"woocommerce_gallery_thumbnail":["https:\/\/parperdrum.com\/wp-content\/uploads\/2025\/08\/1000001156-100x100.jpg",100,100,true]},"uagb_author_info":{"display_name":"Nerea P\u00e9rez Ruiz","author_link":"https:\/\/parperdrum.com\/en\/author\/"},"uagb_comment_info":0,"uagb_excerpt":"Arcturus V3 es la versi\u00f3n donde la idea original de ParPer Drum se completa. Un Steel Tongue Tank Drum afinado con dobles arm\u00f3nicos cruzados en todos los tonos, siguiendo la misma l\u00f3gica de afinaci\u00f3n que un handpan, pero con el cuerpo, el sost\u00e9n y la estabilidad de un tongue bien hecho. Un instrumento expresivo, profundo&hellip;","jetpack_sharing_enabled":true,"jetpack-related-posts":[{"id":3704,"url":"https:\/\/parperdrum.com\/en\/tienda\/serie-arcturus\/arcturus-v3\/9-tonos-arcturus-v3\/","url_meta":{"origin":3694,"position":0},"title":"9 tonos &#8211; Arcturus V3","author":"Nerea P\u00e9rez Ruiz","date":"30 de October de 2025","format":false,"excerpt":"Arcturus V3 es la versi\u00f3n donde la idea original de ParPer Drum se completa. Un Steel Tongue Tank Drum afinado con dobles arm\u00f3nicos cruzados en todos los tonos, siguiendo la misma l\u00f3gica de afinaci\u00f3n que un handpan, pero con el cuerpo, el sost\u00e9n y la estabilidad de un tongue bien\u2026","rel":"","context":"Similar post","block_context":{"text":"Similar post","link":""},"img":{"alt_text":"steel tongue tank drum handpan hang drum artesano espa\u00f1a","src":"https:\/\/i0.wp.com\/parperdrum.com\/wp-content\/uploads\/2025\/10\/1000076626_b04ac5afac50ca87180f3ebc135b6775-26_6_2025-1_47_59-p.m-scaled-e1761847369750.jpg?resize=350%2C200&ssl=1","width":350,"height":200,"srcset":"https:\/\/i0.wp.com\/parperdrum.com\/wp-content\/uploads\/2025\/10\/1000076626_b04ac5afac50ca87180f3ebc135b6775-26_6_2025-1_47_59-p.m-scaled-e1761847369750.jpg?resize=350%2C200&ssl=1 1x, https:\/\/i0.wp.com\/parperdrum.com\/wp-content\/uploads\/2025\/10\/1000076626_b04ac5afac50ca87180f3ebc135b6775-26_6_2025-1_47_59-p.m-scaled-e1761847369750.jpg?resize=525%2C300&ssl=1 1.5x, https:\/\/i0.wp.com\/parperdrum.com\/wp-content\/uploads\/2025\/10\/1000076626_b04ac5afac50ca87180f3ebc135b6775-26_6_2025-1_47_59-p.m-scaled-e1761847369750.jpg?resize=700%2C400&ssl=1 2x, https:\/\/i0.wp.com\/parperdrum.com\/wp-content\/uploads\/2025\/10\/1000076626_b04ac5afac50ca87180f3ebc135b6775-26_6_2025-1_47_59-p.m-scaled-e1761847369750.jpg?resize=1050%2C600&ssl=1 3x, https:\/\/i0.wp.com\/parperdrum.com\/wp-content\/uploads\/2025\/10\/1000076626_b04ac5afac50ca87180f3ebc135b6775-26_6_2025-1_47_59-p.m-scaled-e1761847369750.jpg?resize=1400%2C800&ssl=1 4x"},"classes":[]},{"id":3714,"url":"https:\/\/parperdrum.com\/en\/tienda\/serie-arcturus\/arcturus-v3\/10-tonos-arcturus-v3\/","url_meta":{"origin":3694,"position":1},"title":"10 tonos &#8211; Arcturus V3","author":"Nerea P\u00e9rez Ruiz","date":"30 de October de 2025","format":false,"excerpt":"Arcturus V3 es la versi\u00f3n donde la idea original de ParPer Drum se completa. Un Steel Tongue Tank Drum afinado con dobles arm\u00f3nicos cruzados en todos los tonos, siguiendo la misma l\u00f3gica de afinaci\u00f3n que un handpan, pero con el cuerpo, el sost\u00e9n y la estabilidad de un tongue bien\u2026","rel":"","context":"Similar post","block_context":{"text":"Similar post","link":""},"img":{"alt_text":"","src":"https:\/\/i0.wp.com\/parperdrum.com\/wp-content\/uploads\/2025\/08\/1000001151-scaled.jpg?resize=350%2C200&ssl=1","width":350,"height":200,"srcset":"https:\/\/i0.wp.com\/parperdrum.com\/wp-content\/uploads\/2025\/08\/1000001151-scaled.jpg?resize=350%2C200&ssl=1 1x, https:\/\/i0.wp.com\/parperdrum.com\/wp-content\/uploads\/2025\/08\/1000001151-scaled.jpg?resize=525%2C300&ssl=1 1.5x, https:\/\/i0.wp.com\/parperdrum.com\/wp-content\/uploads\/2025\/08\/1000001151-scaled.jpg?resize=700%2C400&ssl=1 2x, https:\/\/i0.wp.com\/parperdrum.com\/wp-content\/uploads\/2025\/08\/1000001151-scaled.jpg?resize=1050%2C600&ssl=1 3x, https:\/\/i0.wp.com\/parperdrum.com\/wp-content\/uploads\/2025\/08\/1000001151-scaled.jpg?resize=1400%2C800&ssl=1 4x"},"classes":[]},{"id":2851,"url":"https:\/\/parperdrum.com\/en\/tienda\/serie-arcturus\/arcturus-v4\/arcturus-v4\/","url_meta":{"origin":3694,"position":2},"title":"Arcturus V4","author":"Nerea P\u00e9rez Ruiz","date":"18 de August de 2025","format":false,"excerpt":"Arcturus V4 es la evoluci\u00f3n natural del V3 llevada a un formato mayor. La misma afinaci\u00f3n completa con dobles arm\u00f3nicos cruzados en todos los tonos, pero con m\u00e1s di\u00e1metro, m\u00e1s aire en movimiento y una presencia sonora m\u00e1s amplia. Un Steel Tongue Tank Drum con cuerpo, proyecci\u00f3n y profundidad, pensado\u2026","rel":"","context":"Similar post","block_context":{"text":"Similar post","link":""},"img":{"alt_text":"","src":"https:\/\/i0.wp.com\/parperdrum.com\/wp-content\/uploads\/2025\/08\/7.png?resize=350%2C200&ssl=1","width":350,"height":200,"srcset":"https:\/\/i0.wp.com\/parperdrum.com\/wp-content\/uploads\/2025\/08\/7.png?resize=350%2C200&ssl=1 1x, https:\/\/i0.wp.com\/parperdrum.com\/wp-content\/uploads\/2025\/08\/7.png?resize=525%2C300&ssl=1 1.5x, https:\/\/i0.wp.com\/parperdrum.com\/wp-content\/uploads\/2025\/08\/7.png?resize=700%2C400&ssl=1 2x"},"classes":[]},{"id":3673,"url":"https:\/\/parperdrum.com\/en\/tienda\/serie-arcturus\/arcturus-v2\/12-tonos-arcturus-v2\/","url_meta":{"origin":3694,"position":3},"title":"12 tonos &#8211; Arcturus V2","author":"Nerea P\u00e9rez Ruiz","date":"30 de October de 2025","format":false,"excerpt":"Arcturus V2 mantiene el esp\u00edritu sencillo del V1, pero a\u00f1ade un paso m\u00e1s en riqueza sonora. Un Steel Tongue Tank Drum equilibrado, con m\u00e1s matices y arm\u00f3nicos, sin perder facilidad ni estabilidad. Ideal para quien quiere un sonido m\u00e1s lleno, pero sigue valorando la claridad. Un paso adelante en sonido,\u2026","rel":"","context":"Similar post","block_context":{"text":"Similar post","link":""},"img":{"alt_text":"","src":"https:\/\/i0.wp.com\/parperdrum.com\/wp-content\/uploads\/2025\/10\/Dia-3_-Templado-y-ultimo-refinado-pasa-a-proceso-de-curacion_1-scaled-e1761846560103.jpg?resize=350%2C200&ssl=1","width":350,"height":200,"srcset":"https:\/\/i0.wp.com\/parperdrum.com\/wp-content\/uploads\/2025\/10\/Dia-3_-Templado-y-ultimo-refinado-pasa-a-proceso-de-curacion_1-scaled-e1761846560103.jpg?resize=350%2C200&ssl=1 1x, https:\/\/i0.wp.com\/parperdrum.com\/wp-content\/uploads\/2025\/10\/Dia-3_-Templado-y-ultimo-refinado-pasa-a-proceso-de-curacion_1-scaled-e1761846560103.jpg?resize=525%2C300&ssl=1 1.5x, https:\/\/i0.wp.com\/parperdrum.com\/wp-content\/uploads\/2025\/10\/Dia-3_-Templado-y-ultimo-refinado-pasa-a-proceso-de-curacion_1-scaled-e1761846560103.jpg?resize=700%2C400&ssl=1 2x, https:\/\/i0.wp.com\/parperdrum.com\/wp-content\/uploads\/2025\/10\/Dia-3_-Templado-y-ultimo-refinado-pasa-a-proceso-de-curacion_1-scaled-e1761846560103.jpg?resize=1050%2C600&ssl=1 3x"},"classes":[]},{"id":3634,"url":"https:\/\/parperdrum.com\/en\/tienda\/serie-arcturus\/arcturus-v2\/8-tonos-arcturus-v2\/","url_meta":{"origin":3694,"position":4},"title":"8 tonos &#8211; Arcturus V2","author":"Nerea P\u00e9rez Ruiz","date":"30 de October de 2025","format":false,"excerpt":"Arcturus V2 mantiene el esp\u00edritu sencillo del V1, pero a\u00f1ade un paso m\u00e1s en riqueza sonora. Un Steel Tongue Tank Drum equilibrado, con m\u00e1s matices y arm\u00f3nicos, sin perder facilidad ni estabilidad. Ideal para quien quiere un sonido m\u00e1s lleno, pero sigue valorando la claridad. Un paso adelante en sonido,\u2026","rel":"","context":"Similar post","block_context":{"text":"Similar post","link":""},"img":{"alt_text":"","src":"","width":0,"height":0},"classes":[]},{"id":3683,"url":"https:\/\/parperdrum.com\/en\/tienda\/serie-arcturus\/arcturus-v2\/13-tonos-arcturus-v2\/","url_meta":{"origin":3694,"position":5},"title":"13 tonos &#8211; Arcturus V2","author":"Nerea P\u00e9rez Ruiz","date":"30 de October de 2025","format":false,"excerpt":"Arcturus V2 mantiene el esp\u00edritu sencillo del V1, pero a\u00f1ade un paso m\u00e1s en riqueza sonora. Un Steel Tongue Tank Drum equilibrado, con m\u00e1s matices y arm\u00f3nicos, sin perder facilidad ni estabilidad. Ideal para quien quiere un sonido m\u00e1s lleno, pero sigue valorando la claridad. Un paso adelante en sonido,\u2026","rel":"","context":"Similar post","block_context":{"text":"Similar post","link":""},"img":{"alt_text":"","src":"https:\/\/i0.wp.com\/parperdrum.com\/wp-content\/uploads\/2025\/10\/Dia-3_-Templado-y-segundo-tratamiento-termico-realizado-scaled-e1761846852145.jpg?resize=350%2C200&ssl=1","width":350,"height":200,"srcset":"https:\/\/i0.wp.com\/parperdrum.com\/wp-content\/uploads\/2025\/10\/Dia-3_-Templado-y-segundo-tratamiento-termico-realizado-scaled-e1761846852145.jpg?resize=350%2C200&ssl=1 1x, https:\/\/i0.wp.com\/parperdrum.com\/wp-content\/uploads\/2025\/10\/Dia-3_-Templado-y-segundo-tratamiento-termico-realizado-scaled-e1761846852145.jpg?resize=525%2C300&ssl=1 1.5x, https:\/\/i0.wp.com\/parperdrum.com\/wp-content\/uploads\/2025\/10\/Dia-3_-Templado-y-segundo-tratamiento-termico-realizado-scaled-e1761846852145.jpg?resize=700%2C400&ssl=1 2x, https:\/\/i0.wp.com\/parperdrum.com\/wp-content\/uploads\/2025\/10\/Dia-3_-Templado-y-segundo-tratamiento-termico-realizado-scaled-e1761846852145.jpg?resize=1050%2C600&ssl=1 3x, https:\/\/i0.wp.com\/parperdrum.com\/wp-content\/uploads\/2025\/10\/Dia-3_-Templado-y-segundo-tratamiento-termico-realizado-scaled-e1761846852145.jpg?resize=1400%2C800&ssl=1 4x"},"classes":[]}],"_links":{"self":[{"href":"https:\/\/parperdrum.com\/en\/wp-json\/wp\/v2\/product\/3694","targetHints":{"allow":["GET"]}}],"collection":[{"href":"https:\/\/parperdrum.com\/en\/wp-json\/wp\/v2\/product"}],"about":[{"href":"https:\/\/parperdrum.com\/en\/wp-json\/wp\/v2\/types\/product"}],"replies":[{"embeddable":true,"href":"https:\/\/parperdrum.com\/en\/wp-json\/wp\/v2\/comments?post=3694"}],"wp:featuredmedia":[{"embeddable":true,"href":"https:\/\/parperdrum.com\/en\/wp-json\/wp\/v2\/media\/3261"}],"wp:attachment":[{"href":"https:\/\/parperdrum.com\/en\/wp-json\/wp\/v2\/media?parent=3694"}],"wp:term":[{"taxonomy":"product_brand","embeddable":true,"href":"https:\/\/parperdrum.com\/en\/wp-json\/wp\/v2\/product_brand?post=3694"},{"taxonomy":"product_cat","embeddable":true,"href":"https:\/\/parperdrum.com\/en\/wp-json\/wp\/v2\/product_cat?post=3694"},{"taxonomy":"product_tag","embeddable":true,"href":"https:\/\/parperdrum.com\/en\/wp-json\/wp\/v2\/product_tag?post=3694"}],"curies":[{"name":"wp","href":"https:\/\/api.w.org\/{rel}","templated":true}]}}