{"id":3634,"date":"2025-10-30T17:30:01","date_gmt":"2025-10-30T17:30:01","guid":{"rendered":"https:\/\/parperdrum.com\/?post_type=product&#038;p=3634"},"modified":"2026-02-03T17:00:31","modified_gmt":"2026-02-03T17:00:31","slug":"8-tonos-arcturus-v2","status":"publish","type":"product","link":"https:\/\/parperdrum.com\/en\/tienda\/serie-arcturus\/arcturus-v2\/8-tonos-arcturus-v2\/","title":{"rendered":"8 tonos &#8211; Arcturus V2"},"content":{"rendered":"<h1 data-start=\"3440\" data-end=\"3480\">Arcturus V2 \u00b7 Steel Tongue Tank Drum<\/h1>\n<p data-start=\"3481\" data-end=\"3520\"><em data-start=\"3481\" data-end=\"3520\">(33 cm \u00b7 more richness without complications)<\/em><\/p>\n<hr data-start=\"3826\" data-end=\"3829\" \/>\n<h2 data-start=\"3831\" data-end=\"3868\">Who is this instrument for?<\/h2>\n<p data-start=\"3869\" data-end=\"3980\">Arcturus V2 is designed for those who already know that sound accompanies them and want a little more depth.<\/p>\n<p data-start=\"3982\" data-end=\"4005\">It works very well for:<\/p>\n<ul data-start=\"4006\" data-end=\"4196\">\n<li data-start=\"4006\" data-end=\"4066\">\n<p data-start=\"4008\" data-end=\"4066\">people who are just starting out but want room for growth<\/p>\n<\/li>\n<li data-start=\"4067\" data-end=\"4110\">\n<p data-start=\"4069\" data-end=\"4110\">therapists looking for more sonic body<\/p>\n<\/li>\n<li data-start=\"4111\" data-end=\"4170\">\n<p data-start=\"4113\" data-end=\"4170\">musicians who prefer clarity without excessive complexity<\/p>\n<\/li>\n<li data-start=\"4171\" data-end=\"4196\">\n<p data-start=\"4173\" data-end=\"4196\">prolonged daily use<\/p>\n<\/li>\n<\/ul>\n<hr data-start=\"4198\" data-end=\"4201\" \/>\n<h2 data-start=\"4203\" data-end=\"4235\">How does it feel to play?<\/h2>\n<p data-start=\"4236\" data-end=\"4357\" class=\"translation-block\">The sound is richer than on the V1, but still gentle.\nEach tone responds with more presence, without losing control.<\/p>\n<p data-start=\"4359\" data-end=\"4369\">It feels:<\/p>\n<ul data-start=\"4370\" data-end=\"4417\">\n<li data-start=\"4370\" data-end=\"4383\">\n<p data-start=\"4372\" data-end=\"4383\">fuller<\/p>\n<\/li>\n<li data-start=\"4384\" data-end=\"4399\">\n<p data-start=\"4386\" data-end=\"4399\">rounder<\/p>\n<\/li>\n<li data-start=\"4400\" data-end=\"4417\">\n<p data-start=\"4402\" data-end=\"4417\">more expressive<\/p>\n<\/li>\n<\/ul>\n<p data-start=\"4419\" data-end=\"4441\">Without becoming demanding.<\/p>\n<hr data-start=\"4443\" data-end=\"4446\" \/>\n<h2 data-start=\"4448\" data-end=\"4472\">Type of experience<\/h2>\n<p data-start=\"4473\" data-end=\"4520\" class=\"translation-block\">Type of experience\nArcturus V2 is more richness without complications.<\/p>\n<p data-start=\"4522\" data-end=\"4711\">The central Ding maintains double cross harmonics and, in addition, all other tones incorporate fundamental + one harmonic, which adds more depth and stability throughout the instrument.<\/p>\n<hr data-start=\"4713\" data-end=\"4716\" \/>\n<h2 data-start=\"4718\" data-end=\"4745\">Sound customisation<\/h2>\n<ul data-start=\"4746\" data-end=\"4820\">\n<li data-start=\"4746\" data-end=\"4756\">\n<p data-start=\"4748\" data-end=\"4756\">Musical Scale<\/p>\n<\/li>\n<li data-start=\"4757\" data-end=\"4771\">\n<p data-start=\"4759\" data-end=\"4771\">Freccuency in Hz<\/p>\n<\/li>\n<li data-start=\"4772\" data-end=\"4790\">\n<p data-start=\"4774\" data-end=\"4790\">dominant note<\/p>\n<\/li>\n<li data-start=\"4791\" data-end=\"4820\">\n<p data-start=\"4793\" data-end=\"4820\">Versions with 8 to 13 tones<\/p>\n<\/li>\n<\/ul>\n<p data-start=\"4822\" data-end=\"4857\">Guidance included if necessary.<\/p>\n<hr data-start=\"4859\" data-end=\"4862\" \/>\n<h2 data-start=\"4864\" data-end=\"4891\">Visual customisation<\/h2>\n<p data-start=\"4892\" data-end=\"4970\">Customised decorations and finishes, handcrafted and unique.<\/p>\n<hr data-start=\"4972\" data-end=\"4975\" \/>\n<h2 data-start=\"4977\" data-end=\"4995\">Technical specifications<\/h2>\n<ul data-start=\"4996\" data-end=\"5178\">\n<li data-start=\"4996\" data-end=\"5015\">\n<p data-start=\"4998\" data-end=\"5015\">Diameter: 33 cm<\/p>\n<\/li>\n<li data-start=\"5016\" data-end=\"5060\">\n<p data-start=\"5018\" data-end=\"5060\">Material: handcrafted steel<\/p>\n<\/li>\n<li data-start=\"5061\" data-end=\"5117\">\n<p data-start=\"5063\" data-end=\"5117\">Tuning: fundamental + double harmonics in ding, other tones in fundamental + 1 harmonic<\/p>\n<\/li>\n<li data-start=\"5118\" data-end=\"5145\">\n<p data-start=\"5120\" data-end=\"5145\">Number of tones: 8 to 13<\/p>\n<\/li>\n<li data-start=\"5146\" data-end=\"5178\">\n<p data-start=\"5148\" data-end=\"5178\">Includes: special drumsticks<\/p>\n<\/li>\n<\/ul>\n<hr data-start=\"5180\" data-end=\"5183\" \/>\n<h2 data-start=\"5185\" data-end=\"5211\">Manufacturing time<\/h2>\n<p data-start=\"5212\" data-end=\"5273\" class=\"translation-block\">Made to order.\nUsual delivery time: 4 to 8 weeks.<\/p>\n<hr data-start=\"5275\" data-end=\"5278\" \/>\n<h2 data-start=\"5280\" data-end=\"5301\">Basic care<\/h2>\n<p data-start=\"5302\" data-end=\"5364\">Basic care\nNormal care for any handcrafted metal instrument.<\/p>\n<hr data-start=\"5366\" data-end=\"5369\" \/>\n<h2 data-start=\"5371\" data-end=\"5406\">What is included \/ not included?<\/h2>\n<p data-start=\"5407\" data-end=\"5459\">\u2714 Baquetas especiales<br data-start=\"5428\" data-end=\"5431\" \/>\u2718 Funda<br data-start=\"5438\" data-end=\"5441\" \/>\u2718 Libros f\u00edsicos<\/p>\n<hr data-start=\"5461\" data-end=\"5464\" \/>\n<h2 data-start=\"5466\" data-end=\"5518\">Differences between Arcturus V2 and other versions<\/h2>\n<p data-start=\"5519\" data-end=\"5899\">Unlike the Arcturus V1, the V2 incorporates an additional harmonic in all tones, resulting in greater richness and sound stability. Compared to the V3 and V4, it maintains a simpler and more direct experience, without reaching the full handpan-type tuning, making it a balanced option for those who want more body without entering into a more complex experience.<\/p>","protected":false},"excerpt":{"rendered":"<p>Arcturus V2 mantiene el esp\u00edritu sencillo del V1, pero a\u00f1ade un paso m\u00e1s en riqueza sonora.<\/p>\n<p>Un Steel Tongue Tank Drum equilibrado, con m\u00e1s matices y arm\u00f3nicos, sin perder facilidad ni estabilidad.<\/p>\n<p>Ideal para quien quiere un sonido m\u00e1s lleno, pero sigue valorando la claridad.<\/p>\n<p>A step forward in sound, without losing clarity or ease.<\/p>\n<p><strong><u>Formas de pago flexibles.<\/u><\/strong><\/p>\n<p>Puedes realizar el pago completo, o bien dejar una se\u00f1al aproximada del 25 % (o el importe que t\u00fa consideres) para reservar tu instrumento y comenzar la fabricaci\u00f3n. Si lo prefieres, puedes ir adelantando pagos cuando quieras, pero el importe restante se abonar\u00e1 siempre cuando el instrumento est\u00e9 terminado, justo antes del env\u00edo o la entrega. As\u00ed garantizamos un proceso claro y c\u00f3modo para ambas partes.<\/p>\n<p><strong><u>\u00bfC\u00f3mo realizar el pago de la se\u00f1al<\/u><\/strong>?<\/p>\n<p>Puedes hacerlo directamente desde la tienda realizando el pedido y seleccionando Bizum o transferencia bancaria como forma de pago; en ese momento te aparecer\u00e1n los datos necesarios para realizar la se\u00f1al o el pago completo, sin necesidad de contactarnos previamente. En el concepto tendr\u00e1s que poner tu n\u00famero de pedido. Si prefieres hablarlo antes o necesitas algo especial, puedes escribirnos y lo vemos contigo, pero no es obligatorio: en cuanto recibimos la se\u00f1al, el pedido queda registrado y comenzamos el proceso.<\/p>","protected":false},"featured_media":0,"comment_status":"open","ping_status":"closed","template":"","meta":{"_uag_custom_page_level_css":"","_monsterinsights_skip_tracking":false,"_monsterinsights_sitenote_active":false,"_monsterinsights_sitenote_note":"","_monsterinsights_sitenote_category":0,"_uf_show_specific_survey":0,"_uf_disable_surveys":false},"product_brand":[81],"product_cat":[76],"product_tag":[],"class_list":{"0":"post-3634","1":"product","2":"type-product","3":"status-publish","5":"product_brand-parper-drum-harmonic-sounds","6":"product_cat-arcturus-v2","8":"first","9":"instock","10":"shipping-taxable","11":"purchasable","12":"product-type-variable","13":"has-default-attributes"},"uagb_featured_image_src":{"full":false,"thumbnail":false,"medium":false,"medium_large":false,"large":false,"1536x1536":false,"2048x2048":false,"trp-custom-language-flag":false,"fashion-designer-homepage-thumb":false,"woocommerce_thumbnail":false,"woocommerce_single":false,"woocommerce_gallery_thumbnail":false},"uagb_author_info":{"display_name":"Nerea P\u00e9rez Ruiz","author_link":"https:\/\/parperdrum.com\/en\/author\/"},"uagb_comment_info":0,"uagb_excerpt":"Arcturus V2 mantiene el esp\u00edritu sencillo del V1, pero a\u00f1ade un paso m\u00e1s en riqueza sonora. Un Steel Tongue Tank Drum equilibrado, con m\u00e1s matices y arm\u00f3nicos, sin perder facilidad ni estabilidad. Ideal para quien quiere un sonido m\u00e1s lleno, pero sigue valorando la claridad. Un paso adelante en sonido, sin perder claridad ni facilidad.&hellip;","jetpack_sharing_enabled":true,"jetpack-related-posts":[{"id":3673,"url":"https:\/\/parperdrum.com\/en\/tienda\/serie-arcturus\/arcturus-v2\/12-tonos-arcturus-v2\/","url_meta":{"origin":3634,"position":0},"title":"12 tonos &#8211; Arcturus V2","author":"Nerea P\u00e9rez Ruiz","date":"30 de October de 2025","format":false,"excerpt":"Arcturus V2 mantiene el esp\u00edritu sencillo del V1, pero a\u00f1ade un paso m\u00e1s en riqueza sonora. Un Steel Tongue Tank Drum equilibrado, con m\u00e1s matices y arm\u00f3nicos, sin perder facilidad ni estabilidad. Ideal para quien quiere un sonido m\u00e1s lleno, pero sigue valorando la claridad. Un paso adelante en sonido,\u2026","rel":"","context":"Similar post","block_context":{"text":"Similar post","link":""},"img":{"alt_text":"","src":"https:\/\/i0.wp.com\/parperdrum.com\/wp-content\/uploads\/2025\/10\/Dia-3_-Templado-y-ultimo-refinado-pasa-a-proceso-de-curacion_1-scaled-e1761846560103.jpg?resize=350%2C200&ssl=1","width":350,"height":200,"srcset":"https:\/\/i0.wp.com\/parperdrum.com\/wp-content\/uploads\/2025\/10\/Dia-3_-Templado-y-ultimo-refinado-pasa-a-proceso-de-curacion_1-scaled-e1761846560103.jpg?resize=350%2C200&ssl=1 1x, https:\/\/i0.wp.com\/parperdrum.com\/wp-content\/uploads\/2025\/10\/Dia-3_-Templado-y-ultimo-refinado-pasa-a-proceso-de-curacion_1-scaled-e1761846560103.jpg?resize=525%2C300&ssl=1 1.5x, https:\/\/i0.wp.com\/parperdrum.com\/wp-content\/uploads\/2025\/10\/Dia-3_-Templado-y-ultimo-refinado-pasa-a-proceso-de-curacion_1-scaled-e1761846560103.jpg?resize=700%2C400&ssl=1 2x, https:\/\/i0.wp.com\/parperdrum.com\/wp-content\/uploads\/2025\/10\/Dia-3_-Templado-y-ultimo-refinado-pasa-a-proceso-de-curacion_1-scaled-e1761846560103.jpg?resize=1050%2C600&ssl=1 3x"},"classes":[]},{"id":3683,"url":"https:\/\/parperdrum.com\/en\/tienda\/serie-arcturus\/arcturus-v2\/13-tonos-arcturus-v2\/","url_meta":{"origin":3634,"position":1},"title":"13 tonos &#8211; Arcturus V2","author":"Nerea P\u00e9rez Ruiz","date":"30 de October de 2025","format":false,"excerpt":"Arcturus V2 mantiene el esp\u00edritu sencillo del V1, pero a\u00f1ade un paso m\u00e1s en riqueza sonora. Un Steel Tongue Tank Drum equilibrado, con m\u00e1s matices y arm\u00f3nicos, sin perder facilidad ni estabilidad. Ideal para quien quiere un sonido m\u00e1s lleno, pero sigue valorando la claridad. Un paso adelante en sonido,\u2026","rel":"","context":"Similar post","block_context":{"text":"Similar post","link":""},"img":{"alt_text":"","src":"https:\/\/i0.wp.com\/parperdrum.com\/wp-content\/uploads\/2025\/10\/Dia-3_-Templado-y-segundo-tratamiento-termico-realizado-scaled-e1761846852145.jpg?resize=350%2C200&ssl=1","width":350,"height":200,"srcset":"https:\/\/i0.wp.com\/parperdrum.com\/wp-content\/uploads\/2025\/10\/Dia-3_-Templado-y-segundo-tratamiento-termico-realizado-scaled-e1761846852145.jpg?resize=350%2C200&ssl=1 1x, https:\/\/i0.wp.com\/parperdrum.com\/wp-content\/uploads\/2025\/10\/Dia-3_-Templado-y-segundo-tratamiento-termico-realizado-scaled-e1761846852145.jpg?resize=525%2C300&ssl=1 1.5x, https:\/\/i0.wp.com\/parperdrum.com\/wp-content\/uploads\/2025\/10\/Dia-3_-Templado-y-segundo-tratamiento-termico-realizado-scaled-e1761846852145.jpg?resize=700%2C400&ssl=1 2x, https:\/\/i0.wp.com\/parperdrum.com\/wp-content\/uploads\/2025\/10\/Dia-3_-Templado-y-segundo-tratamiento-termico-realizado-scaled-e1761846852145.jpg?resize=1050%2C600&ssl=1 3x, https:\/\/i0.wp.com\/parperdrum.com\/wp-content\/uploads\/2025\/10\/Dia-3_-Templado-y-segundo-tratamiento-termico-realizado-scaled-e1761846852145.jpg?resize=1400%2C800&ssl=1 4x"},"classes":[]},{"id":3653,"url":"https:\/\/parperdrum.com\/en\/tienda\/serie-arcturus\/arcturus-v2\/10-tonos-arcturus-v2\/","url_meta":{"origin":3634,"position":2},"title":"10 tonos &#8211; Arcturus V2","author":"Nerea P\u00e9rez Ruiz","date":"30 de October de 2025","format":false,"excerpt":"Arcturus V2 mantiene el esp\u00edritu sencillo del V1, pero a\u00f1ade un paso m\u00e1s en riqueza sonora. Un Steel Tongue Tank Drum equilibrado, con m\u00e1s matices y arm\u00f3nicos, sin perder facilidad ni estabilidad. Ideal para quien quiere un sonido m\u00e1s lleno, pero sigue valorando la claridad. Un paso adelante en sonido,\u2026","rel":"","context":"Similar post","block_context":{"text":"Similar post","link":""},"img":{"alt_text":"","src":"https:\/\/i0.wp.com\/parperdrum.com\/wp-content\/uploads\/2025\/10\/20230918_113330-scaled.jpg?resize=350%2C200&ssl=1","width":350,"height":200,"srcset":"https:\/\/i0.wp.com\/parperdrum.com\/wp-content\/uploads\/2025\/10\/20230918_113330-scaled.jpg?resize=350%2C200&ssl=1 1x, https:\/\/i0.wp.com\/parperdrum.com\/wp-content\/uploads\/2025\/10\/20230918_113330-scaled.jpg?resize=525%2C300&ssl=1 1.5x, https:\/\/i0.wp.com\/parperdrum.com\/wp-content\/uploads\/2025\/10\/20230918_113330-scaled.jpg?resize=700%2C400&ssl=1 2x, https:\/\/i0.wp.com\/parperdrum.com\/wp-content\/uploads\/2025\/10\/20230918_113330-scaled.jpg?resize=1050%2C600&ssl=1 3x, https:\/\/i0.wp.com\/parperdrum.com\/wp-content\/uploads\/2025\/10\/20230918_113330-scaled.jpg?resize=1400%2C800&ssl=1 4x"},"classes":[]},{"id":3663,"url":"https:\/\/parperdrum.com\/en\/tienda\/serie-arcturus\/arcturus-v2\/11-tonos-arcturus-v2\/","url_meta":{"origin":3634,"position":3},"title":"11 tonos &#8211; Arcturus V2","author":"Nerea P\u00e9rez Ruiz","date":"30 de October de 2025","format":false,"excerpt":"Arcturus V2 mantiene el esp\u00edritu sencillo del V1, pero a\u00f1ade un paso m\u00e1s en riqueza sonora. Un Steel Tongue Tank Drum equilibrado, con m\u00e1s matices y arm\u00f3nicos, sin perder facilidad ni estabilidad. Ideal para quien quiere un sonido m\u00e1s lleno, pero sigue valorando la claridad. Un paso adelante en sonido,\u2026","rel":"","context":"Similar post","block_context":{"text":"Similar post","link":""},"img":{"alt_text":"","src":"https:\/\/i0.wp.com\/parperdrum.com\/wp-content\/uploads\/2025\/10\/20230918_113246.jpg?resize=350%2C200&ssl=1","width":350,"height":200,"srcset":"https:\/\/i0.wp.com\/parperdrum.com\/wp-content\/uploads\/2025\/10\/20230918_113246.jpg?resize=350%2C200&ssl=1 1x, https:\/\/i0.wp.com\/parperdrum.com\/wp-content\/uploads\/2025\/10\/20230918_113246.jpg?resize=525%2C300&ssl=1 1.5x, https:\/\/i0.wp.com\/parperdrum.com\/wp-content\/uploads\/2025\/10\/20230918_113246.jpg?resize=700%2C400&ssl=1 2x, https:\/\/i0.wp.com\/parperdrum.com\/wp-content\/uploads\/2025\/10\/20230918_113246.jpg?resize=1050%2C600&ssl=1 3x, https:\/\/i0.wp.com\/parperdrum.com\/wp-content\/uploads\/2025\/10\/20230918_113246.jpg?resize=1400%2C800&ssl=1 4x"},"classes":[]},{"id":3643,"url":"https:\/\/parperdrum.com\/en\/tienda\/serie-arcturus\/arcturus-v2\/9-tonos-arcturus-v2\/","url_meta":{"origin":3634,"position":4},"title":"9 tonos &#8211; Arcturus V2","author":"Nerea P\u00e9rez Ruiz","date":"30 de October de 2025","format":false,"excerpt":"Arcturus V2 mantiene el esp\u00edritu sencillo del V1, pero a\u00f1ade un paso m\u00e1s en riqueza sonora. Un Steel Tongue Tank Drum equilibrado, con m\u00e1s matices y arm\u00f3nicos, sin perder facilidad ni estabilidad. Ideal para quien quiere un sonido m\u00e1s lleno, pero sigue valorando la claridad. Un paso adelante en sonido,\u2026","rel":"","context":"Similar post","block_context":{"text":"Similar post","link":""},"img":{"alt_text":"","src":"https:\/\/i0.wp.com\/parperdrum.com\/wp-content\/uploads\/2025\/10\/1000140261.png?resize=350%2C200&ssl=1","width":350,"height":200,"srcset":"https:\/\/i0.wp.com\/parperdrum.com\/wp-content\/uploads\/2025\/10\/1000140261.png?resize=350%2C200&ssl=1 1x, https:\/\/i0.wp.com\/parperdrum.com\/wp-content\/uploads\/2025\/10\/1000140261.png?resize=525%2C300&ssl=1 1.5x, https:\/\/i0.wp.com\/parperdrum.com\/wp-content\/uploads\/2025\/10\/1000140261.png?resize=700%2C400&ssl=1 2x"},"classes":[]},{"id":3614,"url":"https:\/\/parperdrum.com\/en\/tienda\/serie-arcturus\/arcturus-v1\/12-tonos-arcturus-v1\/","url_meta":{"origin":3634,"position":5},"title":"12 tonos &#8211; Arcturus V1","author":"Nerea P\u00e9rez Ruiz","date":"30 de October de 2025","format":false,"excerpt":"Arcturus V1 es el punto de partida de todo lo que hoy es ParPer Drum. Un Steel Tongue Tank Drum sencillo, estable y muy agradecido, pensado para tocar desde el primer momento sin complicaciones. Un instrumento honesto, directo y musical, que funciona tanto para empezar como para quien busca un\u2026","rel":"","context":"Similar post","block_context":{"text":"Similar post","link":""},"img":{"alt_text":"","src":"https:\/\/i0.wp.com\/parperdrum.com\/wp-content\/uploads\/2025\/10\/20230918_113308-scaled.jpg?resize=350%2C200&ssl=1","width":350,"height":200,"srcset":"https:\/\/i0.wp.com\/parperdrum.com\/wp-content\/uploads\/2025\/10\/20230918_113308-scaled.jpg?resize=350%2C200&ssl=1 1x, https:\/\/i0.wp.com\/parperdrum.com\/wp-content\/uploads\/2025\/10\/20230918_113308-scaled.jpg?resize=525%2C300&ssl=1 1.5x, https:\/\/i0.wp.com\/parperdrum.com\/wp-content\/uploads\/2025\/10\/20230918_113308-scaled.jpg?resize=700%2C400&ssl=1 2x, https:\/\/i0.wp.com\/parperdrum.com\/wp-content\/uploads\/2025\/10\/20230918_113308-scaled.jpg?resize=1050%2C600&ssl=1 3x, https:\/\/i0.wp.com\/parperdrum.com\/wp-content\/uploads\/2025\/10\/20230918_113308-scaled.jpg?resize=1400%2C800&ssl=1 4x"},"classes":[]}],"_links":{"self":[{"href":"https:\/\/parperdrum.com\/en\/wp-json\/wp\/v2\/product\/3634","targetHints":{"allow":["GET"]}}],"collection":[{"href":"https:\/\/parperdrum.com\/en\/wp-json\/wp\/v2\/product"}],"about":[{"href":"https:\/\/parperdrum.com\/en\/wp-json\/wp\/v2\/types\/product"}],"replies":[{"embeddable":true,"href":"https:\/\/parperdrum.com\/en\/wp-json\/wp\/v2\/comments?post=3634"}],"wp:attachment":[{"href":"https:\/\/parperdrum.com\/en\/wp-json\/wp\/v2\/media?parent=3634"}],"wp:term":[{"taxonomy":"product_brand","embeddable":true,"href":"https:\/\/parperdrum.com\/en\/wp-json\/wp\/v2\/product_brand?post=3634"},{"taxonomy":"product_cat","embeddable":true,"href":"https:\/\/parperdrum.com\/en\/wp-json\/wp\/v2\/product_cat?post=3634"},{"taxonomy":"product_tag","embeddable":true,"href":"https:\/\/parperdrum.com\/en\/wp-json\/wp\/v2\/product_tag?post=3634"}],"curies":[{"name":"wp","href":"https:\/\/api.w.org\/{rel}","templated":true}]}}