{"id":3594,"date":"2025-10-30T17:06:05","date_gmt":"2025-10-30T17:06:05","guid":{"rendered":"https:\/\/parperdrum.com\/?post_type=product&#038;p=3594"},"modified":"2026-02-03T16:56:58","modified_gmt":"2026-02-03T16:56:58","slug":"10-tonos-arcturus-v1","status":"publish","type":"product","link":"https:\/\/parperdrum.com\/en\/tienda\/serie-arcturus\/arcturus-v1\/10-tonos-arcturus-v1\/","title":{"rendered":"10 tonos &#8211; Arcturus V1"},"content":{"rendered":"<h1 data-start=\"387\" data-end=\"427\">Arcturus V1 \u00b7 Steel Tongue Tank Drum<\/h1>\n<p data-start=\"428\" data-end=\"454\"><em data-start=\"428\" data-end=\"454\">(33 cm \u00b7 origin version)<\/em><\/p>\n<hr data-start=\"808\" data-end=\"811\" \/>\n<h2 data-start=\"813\" data-end=\"850\">Who is this instrument for?<\/h2>\n<p data-start=\"851\" data-end=\"982\">Arcturus V1 is designed for people who want to enter the world of sound without getting lost in technicalities or unnecessary layers.<\/p>\n<p data-start=\"984\" data-end=\"1017\">It works especially well for:<\/p>\n<ul data-start=\"1018\" data-end=\"1265\">\n<li data-start=\"1018\" data-end=\"1081\">\n<p data-start=\"1020\" data-end=\"1081\">people who are just starting out and want something clear and easy to play<\/p>\n<\/li>\n<li data-start=\"1082\" data-end=\"1134\">\n<p data-start=\"1084\" data-end=\"1134\">daily accompaniment, relaxation and sound play<\/p>\n<\/li>\n<li data-start=\"1204\" data-end=\"1265\">\n<p data-start=\"1206\" data-end=\"1265\">those who prefer a simple but well-tuned instrument<\/p>\n<\/li>\n<\/ul>\n<p data-start=\"1267\" data-end=\"1317\">No previous experience or strength is required to play it.<\/p>\n<hr data-start=\"1319\" data-end=\"1322\" \/>\n<h2 data-start=\"1324\" data-end=\"1356\">How does it feel to play?<\/h2>\n<p data-start=\"1357\" data-end=\"1482\" class=\"translation-block\">The sound is sweet, clean and balanced.\nThe notes come out easily and sustain just enough, without being intrusive or overwhelming.<\/p>\n<p data-start=\"1484\" data-end=\"1506\">It is an instrument that:<\/p>\n<ul data-start=\"1507\" data-end=\"1549\">\n<li data-start=\"1507\" data-end=\"1520\">\n<p data-start=\"1509\" data-end=\"1520\">does not overwhelm<\/p>\n<\/li>\n<li data-start=\"1521\" data-end=\"1534\">\n<p data-start=\"1523\" data-end=\"1534\">does not push<\/p>\n<\/li>\n<li data-start=\"1535\" data-end=\"1549\">\n<p data-start=\"1537\" data-end=\"1549\">does not distract<\/p>\n<\/li>\n<\/ul>\n<p data-start=\"1551\" data-end=\"1637\">It invites you to play without thinking too much, to repeat patterns and let the sound flow.<\/p>\n<hr data-start=\"1639\" data-end=\"1642\" \/>\n<h2 data-start=\"1644\" data-end=\"1668\">Type of experience<\/h2>\n<p data-start=\"1669\" data-end=\"1735\" class=\"translation-block\">Arcturus V1 represents the origin: simple, basic and well made.<\/p>\n<p data-start=\"1737\" data-end=\"1942\">The central Ding is tuned with double cross harmonics, which gives it depth, while the rest of the tones work mainly on the fundamental, with one or two extra harmonics depending on the case.<\/p>\n<p data-start=\"1944\" data-end=\"2033\">It is a clear and direct experience, ideal for those who value well-tuned simplicity.<\/p>\n<hr data-start=\"2035\" data-end=\"2038\" \/>\n<h2 data-start=\"2040\" data-end=\"2067\">Sound customisation<\/h2>\n<p data-start=\"2068\" data-end=\"2082\">Available in:<\/p>\n<ul data-start=\"2083\" data-end=\"2184\">\n<li data-start=\"2083\" data-end=\"2114\">\n<p data-start=\"2085\" data-end=\"2114\">different musical scales<\/p>\n<\/li>\n<li data-start=\"2115\" data-end=\"2135\">\n<p data-start=\"2117\" data-end=\"2135\">Frequencies in Hz<\/p>\n<\/li>\n<li data-start=\"2136\" data-end=\"2154\">\n<p data-start=\"2138\" data-end=\"2154\">dominant note<\/p>\n<\/li>\n<li data-start=\"2155\" data-end=\"2184\">\n<p data-start=\"2157\" data-end=\"2184\">versions from 8 to 13 tones<\/p>\n<\/li>\n<\/ul>\n<p data-start=\"2186\" data-end=\"2234\">We always offer guidance if you have any doubts before choosing.<\/p>\n<hr data-start=\"2236\" data-end=\"2239\" \/>\n<h2 data-start=\"2241\" data-end=\"2268\">Visual customisation<\/h2>\n<p data-start=\"2269\" data-end=\"2373\" class=\"translation-block\">Customised finishes, colours and decorations, crafted one by one.\nNo two Arcturus V1s are the same.<\/p>\n<hr data-start=\"2375\" data-end=\"2378\" \/>\n<h2 data-start=\"2380\" data-end=\"2398\">Technical specifications<\/h2>\n<ul data-start=\"2399\" data-end=\"2573\">\n<li data-start=\"2399\" data-end=\"2418\">\n<p data-start=\"2401\" data-end=\"2418\">Diameter: 33 cm<\/p>\n<\/li>\n<li data-start=\"2419\" data-end=\"2463\">\n<p data-start=\"2421\" data-end=\"2463\">Material: handcrafted steel<\/p>\n<\/li>\n<li data-start=\"2464\" data-end=\"2512\">\n<p data-start=\"2466\" data-end=\"2512\">Tuning: fundamental + double harmonics on the Ding, fundamental on the rest of the tones<\/p>\n<\/li>\n<li data-start=\"2513\" data-end=\"2540\">\n<p data-start=\"2515\" data-end=\"2540\">Number of tones: 8 to 13<\/p>\n<\/li>\n<li data-start=\"2541\" data-end=\"2573\">\n<p data-start=\"2543\" data-end=\"2573\">Includes: special drumsticks<\/p>\n<\/li>\n<\/ul>\n<hr data-start=\"2575\" data-end=\"2578\" \/>\n<h2 data-start=\"2580\" data-end=\"2606\">Manufacturing time<\/h2>\n<p data-start=\"2607\" data-end=\"2693\" class=\"translation-block\">Made to order.\nApproximate delivery time: 4 to 8 weeks, depending on customisation.<\/p>\n<hr data-start=\"2695\" data-end=\"2698\" \/>\n<h2 data-start=\"2700\" data-end=\"2721\">Basic care<\/h2>\n<p data-start=\"2722\" data-end=\"2831\">Simple care: avoid strong blows, humidity and sudden changes in temperature. Clean with a soft cloth.<\/p>\n<hr data-start=\"2833\" data-end=\"2836\" \/>\n<h2 data-start=\"2838\" data-end=\"2873\">What is included \/ not included?<\/h2>\n<p data-start=\"2874\" data-end=\"2926\">\u2714 Baquetas especiales<br data-start=\"2895\" data-end=\"2898\" \/>\u2718 Funda<br data-start=\"2905\" data-end=\"2908\" \/>\u2718 Libros f\u00edsicos<\/p>\n<hr data-start=\"2928\" data-end=\"2931\" \/>\n<h2 data-start=\"2933\" data-end=\"2985\">Differences between Arcturus V1 and other versions<\/h2>\n<p data-start=\"2986\" data-end=\"3325\">Arcturus V1 is the simplest version in the series. Unlike Arcturus V2, V3 and V4, not all tones incorporate harmonics or double cross harmonics, resulting in a cleaner, more direct sound. Compared to higher versions, it offers a more basic experience, ideal for those seeking simplicity and ease without compromising sound quality.Arcturus V1 is the simplest version in the series. Unlike Arcturus V2, V3 and V4, not all tones incorporate harmonics or double cross harmonics, resulting in a cleaner, more direct sound. Compared to higher versions, it offers a more basic experience, ideal for those seeking simplicity and ease without compromising sound quality.<\/p>","protected":false},"excerpt":{"rendered":"<p>Arcturus V1 es el punto de partida de todo lo que hoy es ParPer Drum.<br \/>\nUn Steel Tongue Tank Drum sencillo, estable y muy agradecido, pensado para tocar desde el primer momento sin complicaciones.<br \/>\nUn instrumento honesto, directo y musical, que funciona tanto para empezar como para quien busca un sonido limpio y sin excesos. Un instrumento b\u00e1sico, muy sencillo, estable y bien afinado, pensado para tocar sin complicarse.<\/p>\n<p><strong><u>Formas de pago flexibles.<\/u><\/strong><br \/>\nPuedes realizar el pago completo, o bien dejar una se\u00f1al aproximada del 25 % (o el importe que t\u00fa consideres) para reservar tu instrumento y comenzar la fabricaci\u00f3n. Si lo prefieres, puedes ir adelantando pagos cuando quieras, pero el importe restante se abonar\u00e1 siempre cuando el instrumento est\u00e9 terminado, justo antes del env\u00edo o la entrega. As\u00ed garantizamos un proceso claro y c\u00f3modo para ambas partes.<\/p>\n<p><strong><u>\u00bfC\u00f3mo realizar el pago de la se\u00f1a<\/u><\/strong>l?<br \/>\nPuedes hacerlo directamente desde la tienda realizando el pedido y seleccionando Bizum o transferencia bancaria como forma de pago; en ese momento te aparecer\u00e1n los datos necesarios para realizar la se\u00f1al o el pago completo, sin necesidad de contactarnos previamente. En el concepto tendr\u00e1s que poner tu n\u00famero de pedido. Si prefieres hablarlo antes o necesitas algo especial, puedes escribirnos y lo vemos contigo, pero no es obligatorio: en cuanto recibimos la se\u00f1al, el pedido queda registrado y comenzamos el proceso.<\/p>","protected":false},"featured_media":3603,"comment_status":"open","ping_status":"closed","template":"","meta":{"_uag_custom_page_level_css":"","_monsterinsights_skip_tracking":false,"_monsterinsights_sitenote_active":false,"_monsterinsights_sitenote_note":"","_monsterinsights_sitenote_category":0,"_uf_show_specific_survey":0,"_uf_disable_surveys":false},"product_brand":[81],"product_cat":[75],"product_tag":[],"class_list":{"0":"post-3594","1":"product","2":"type-product","3":"status-publish","4":"has-post-thumbnail","6":"product_brand-parper-drum-harmonic-sounds","7":"product_cat-arcturus-v1","9":"first","10":"instock","11":"shipping-taxable","12":"purchasable","13":"product-type-variable","14":"has-default-attributes"},"uagb_featured_image_src":{"full":["https:\/\/parperdrum.com\/wp-content\/uploads\/2025\/10\/IMG_20251020_174008688_HDR-scaled.jpg",2560,2560,false],"thumbnail":["https:\/\/parperdrum.com\/wp-content\/uploads\/2025\/10\/IMG_20251020_174008688_HDR-150x150.jpg",150,150,true],"medium":["https:\/\/parperdrum.com\/wp-content\/uploads\/2025\/10\/IMG_20251020_174008688_HDR-300x300.jpg",300,300,true],"medium_large":["https:\/\/parperdrum.com\/wp-content\/uploads\/2025\/10\/IMG_20251020_174008688_HDR-768x768.jpg",640,640,true],"large":["https:\/\/parperdrum.com\/wp-content\/uploads\/2025\/10\/IMG_20251020_174008688_HDR-1024x1024.jpg",640,640,true],"1536x1536":["https:\/\/parperdrum.com\/wp-content\/uploads\/2025\/10\/IMG_20251020_174008688_HDR-1536x1536.jpg",1536,1536,true],"2048x2048":["https:\/\/parperdrum.com\/wp-content\/uploads\/2025\/10\/IMG_20251020_174008688_HDR-2048x2048.jpg",2048,2048,true],"trp-custom-language-flag":["https:\/\/parperdrum.com\/wp-content\/uploads\/2025\/10\/IMG_20251020_174008688_HDR-scaled.jpg",12,12,false],"fashion-designer-homepage-thumb":["https:\/\/parperdrum.com\/wp-content\/uploads\/2025\/10\/IMG_20251020_174008688_HDR-240x145.jpg",240,145,true],"woocommerce_thumbnail":["https:\/\/parperdrum.com\/wp-content\/uploads\/2025\/10\/IMG_20251020_174008688_HDR-300x300.jpg",300,300,true],"woocommerce_single":["https:\/\/parperdrum.com\/wp-content\/uploads\/2025\/10\/IMG_20251020_174008688_HDR-600x600.jpg",600,600,true],"woocommerce_gallery_thumbnail":["https:\/\/parperdrum.com\/wp-content\/uploads\/2025\/10\/IMG_20251020_174008688_HDR-100x100.jpg",100,100,true]},"uagb_author_info":{"display_name":"Nerea P\u00e9rez Ruiz","author_link":"https:\/\/parperdrum.com\/en\/author\/"},"uagb_comment_info":0,"uagb_excerpt":"Arcturus V1 es el punto de partida de todo lo que hoy es ParPer Drum. Un Steel Tongue Tank Drum sencillo, estable y muy agradecido, pensado para tocar desde el primer momento sin complicaciones. Un instrumento honesto, directo y musical, que funciona tanto para empezar como para quien busca un sonido limpio y sin excesos.&hellip;","jetpack_sharing_enabled":true,"jetpack-related-posts":[{"id":3614,"url":"https:\/\/parperdrum.com\/en\/tienda\/serie-arcturus\/arcturus-v1\/12-tonos-arcturus-v1\/","url_meta":{"origin":3594,"position":0},"title":"12 tonos &#8211; Arcturus V1","author":"Nerea P\u00e9rez Ruiz","date":"30 de October de 2025","format":false,"excerpt":"Arcturus V1 es el punto de partida de todo lo que hoy es ParPer Drum. Un Steel Tongue Tank Drum sencillo, estable y muy agradecido, pensado para tocar desde el primer momento sin complicaciones. Un instrumento honesto, directo y musical, que funciona tanto para empezar como para quien busca un\u2026","rel":"","context":"Similar post","block_context":{"text":"Similar post","link":""},"img":{"alt_text":"","src":"https:\/\/i0.wp.com\/parperdrum.com\/wp-content\/uploads\/2025\/10\/20230918_113308-scaled.jpg?resize=350%2C200&ssl=1","width":350,"height":200,"srcset":"https:\/\/i0.wp.com\/parperdrum.com\/wp-content\/uploads\/2025\/10\/20230918_113308-scaled.jpg?resize=350%2C200&ssl=1 1x, https:\/\/i0.wp.com\/parperdrum.com\/wp-content\/uploads\/2025\/10\/20230918_113308-scaled.jpg?resize=525%2C300&ssl=1 1.5x, https:\/\/i0.wp.com\/parperdrum.com\/wp-content\/uploads\/2025\/10\/20230918_113308-scaled.jpg?resize=700%2C400&ssl=1 2x, https:\/\/i0.wp.com\/parperdrum.com\/wp-content\/uploads\/2025\/10\/20230918_113308-scaled.jpg?resize=1050%2C600&ssl=1 3x, https:\/\/i0.wp.com\/parperdrum.com\/wp-content\/uploads\/2025\/10\/20230918_113308-scaled.jpg?resize=1400%2C800&ssl=1 4x"},"classes":[]},{"id":3624,"url":"https:\/\/parperdrum.com\/en\/tienda\/serie-arcturus\/arcturus-v1\/13-tonos-arcturus-v1\/","url_meta":{"origin":3594,"position":1},"title":"13 tonos &#8211; Arcturus V1","author":"Nerea P\u00e9rez Ruiz","date":"30 de October de 2025","format":false,"excerpt":"Arcturus V1 es el punto de partida de todo lo que hoy es ParPer Drum. Un Steel Tongue Tank Drum sencillo, estable y muy agradecido, pensado para tocar desde el primer momento sin complicaciones. Un instrumento honesto, directo y musical, que funciona tanto para empezar como para quien busca un\u2026","rel":"","context":"Similar post","block_context":{"text":"Similar post","link":""},"img":{"alt_text":"","src":"https:\/\/i0.wp.com\/parperdrum.com\/wp-content\/uploads\/2025\/10\/20230918_113436.jpg?resize=350%2C200&ssl=1","width":350,"height":200,"srcset":"https:\/\/i0.wp.com\/parperdrum.com\/wp-content\/uploads\/2025\/10\/20230918_113436.jpg?resize=350%2C200&ssl=1 1x, https:\/\/i0.wp.com\/parperdrum.com\/wp-content\/uploads\/2025\/10\/20230918_113436.jpg?resize=525%2C300&ssl=1 1.5x, https:\/\/i0.wp.com\/parperdrum.com\/wp-content\/uploads\/2025\/10\/20230918_113436.jpg?resize=700%2C400&ssl=1 2x, https:\/\/i0.wp.com\/parperdrum.com\/wp-content\/uploads\/2025\/10\/20230918_113436.jpg?resize=1050%2C600&ssl=1 3x, https:\/\/i0.wp.com\/parperdrum.com\/wp-content\/uploads\/2025\/10\/20230918_113436.jpg?resize=1400%2C800&ssl=1 4x"},"classes":[]},{"id":3604,"url":"https:\/\/parperdrum.com\/en\/tienda\/serie-arcturus\/arcturus-v1\/11-tonos-arcturus-v1\/","url_meta":{"origin":3594,"position":2},"title":"11 tonos &#8211; Arcturus V1","author":"Nerea P\u00e9rez Ruiz","date":"30 de October de 2025","format":false,"excerpt":"Arcturus V1 es el punto de partida de todo lo que hoy es ParPer Drum. Un Steel Tongue Tank Drum sencillo, estable y muy agradecido, pensado para tocar desde el primer momento sin complicaciones. Un instrumento honesto, directo y musical, que funciona tanto para empezar como para quien busca un\u2026","rel":"","context":"Similar post","block_context":{"text":"Similar post","link":""},"img":{"alt_text":"","src":"https:\/\/i0.wp.com\/parperdrum.com\/wp-content\/uploads\/2025\/10\/20230918_113249.jpg?resize=350%2C200&ssl=1","width":350,"height":200,"srcset":"https:\/\/i0.wp.com\/parperdrum.com\/wp-content\/uploads\/2025\/10\/20230918_113249.jpg?resize=350%2C200&ssl=1 1x, https:\/\/i0.wp.com\/parperdrum.com\/wp-content\/uploads\/2025\/10\/20230918_113249.jpg?resize=525%2C300&ssl=1 1.5x, https:\/\/i0.wp.com\/parperdrum.com\/wp-content\/uploads\/2025\/10\/20230918_113249.jpg?resize=700%2C400&ssl=1 2x, https:\/\/i0.wp.com\/parperdrum.com\/wp-content\/uploads\/2025\/10\/20230918_113249.jpg?resize=1050%2C600&ssl=1 3x, https:\/\/i0.wp.com\/parperdrum.com\/wp-content\/uploads\/2025\/10\/20230918_113249.jpg?resize=1400%2C800&ssl=1 4x"},"classes":[]},{"id":3420,"url":"https:\/\/parperdrum.com\/en\/tienda\/serie-arcturus\/arcturus-v1\/8-tonos-arcturus-v1\/","url_meta":{"origin":3594,"position":3},"title":"8 tonos &#8211; Arcturus V1","author":"Nerea P\u00e9rez Ruiz","date":"28 de October de 2025","format":false,"excerpt":"Arcturus V1 es el punto de partida de todo lo que hoy es ParPer Drum. Un Steel Tongue Tank Drum sencillo, estable y muy agradecido, pensado para tocar desde el primer momento sin complicaciones. Un instrumento honesto, directo y musical, que funciona tanto para empezar como para quien busca un\u2026","rel":"","context":"Similar post","block_context":{"text":"Similar post","link":""},"img":{"alt_text":"","src":"https:\/\/i0.wp.com\/parperdrum.com\/wp-content\/uploads\/2025\/10\/d6acb0b0-79d1-43ff-8e56-b0e0878b71eb.jpg?resize=350%2C200&ssl=1","width":350,"height":200,"srcset":"https:\/\/i0.wp.com\/parperdrum.com\/wp-content\/uploads\/2025\/10\/d6acb0b0-79d1-43ff-8e56-b0e0878b71eb.jpg?resize=350%2C200&ssl=1 1x, https:\/\/i0.wp.com\/parperdrum.com\/wp-content\/uploads\/2025\/10\/d6acb0b0-79d1-43ff-8e56-b0e0878b71eb.jpg?resize=525%2C300&ssl=1 1.5x, https:\/\/i0.wp.com\/parperdrum.com\/wp-content\/uploads\/2025\/10\/d6acb0b0-79d1-43ff-8e56-b0e0878b71eb.jpg?resize=700%2C400&ssl=1 2x, https:\/\/i0.wp.com\/parperdrum.com\/wp-content\/uploads\/2025\/10\/d6acb0b0-79d1-43ff-8e56-b0e0878b71eb.jpg?resize=1050%2C600&ssl=1 3x, https:\/\/i0.wp.com\/parperdrum.com\/wp-content\/uploads\/2025\/10\/d6acb0b0-79d1-43ff-8e56-b0e0878b71eb.jpg?resize=1400%2C800&ssl=1 4x"},"classes":[]},{"id":3584,"url":"https:\/\/parperdrum.com\/en\/tienda\/serie-arcturus\/arcturus-v1\/9-tonos-arcturus-v1\/","url_meta":{"origin":3594,"position":4},"title":"9 tonos &#8211; Arcturus V1","author":"Nerea P\u00e9rez Ruiz","date":"30 de October de 2025","format":false,"excerpt":"Arcturus V1 es el punto de partida de todo lo que hoy es ParPer Drum. Un Steel Tongue Tank Drum sencillo, estable y muy agradecido, pensado para tocar desde el primer momento sin complicaciones. Un instrumento honesto, directo y musical, que funciona tanto para empezar como para quien busca un\u2026","rel":"","context":"Similar post","block_context":{"text":"Similar post","link":""},"img":{"alt_text":"","src":"https:\/\/i0.wp.com\/parperdrum.com\/wp-content\/uploads\/2025\/10\/1000140263.jpg?resize=350%2C200&ssl=1","width":350,"height":200,"srcset":"https:\/\/i0.wp.com\/parperdrum.com\/wp-content\/uploads\/2025\/10\/1000140263.jpg?resize=350%2C200&ssl=1 1x, https:\/\/i0.wp.com\/parperdrum.com\/wp-content\/uploads\/2025\/10\/1000140263.jpg?resize=525%2C300&ssl=1 1.5x, https:\/\/i0.wp.com\/parperdrum.com\/wp-content\/uploads\/2025\/10\/1000140263.jpg?resize=700%2C400&ssl=1 2x, https:\/\/i0.wp.com\/parperdrum.com\/wp-content\/uploads\/2025\/10\/1000140263.jpg?resize=1050%2C600&ssl=1 3x"},"classes":[]},{"id":3673,"url":"https:\/\/parperdrum.com\/en\/tienda\/serie-arcturus\/arcturus-v2\/12-tonos-arcturus-v2\/","url_meta":{"origin":3594,"position":5},"title":"12 tonos &#8211; Arcturus V2","author":"Nerea P\u00e9rez Ruiz","date":"30 de October de 2025","format":false,"excerpt":"Arcturus V2 mantiene el esp\u00edritu sencillo del V1, pero a\u00f1ade un paso m\u00e1s en riqueza sonora. Un Steel Tongue Tank Drum equilibrado, con m\u00e1s matices y arm\u00f3nicos, sin perder facilidad ni estabilidad. Ideal para quien quiere un sonido m\u00e1s lleno, pero sigue valorando la claridad. Un paso adelante en sonido,\u2026","rel":"","context":"Similar post","block_context":{"text":"Similar post","link":""},"img":{"alt_text":"","src":"https:\/\/i0.wp.com\/parperdrum.com\/wp-content\/uploads\/2025\/10\/Dia-3_-Templado-y-ultimo-refinado-pasa-a-proceso-de-curacion_1-scaled-e1761846560103.jpg?resize=350%2C200&ssl=1","width":350,"height":200,"srcset":"https:\/\/i0.wp.com\/parperdrum.com\/wp-content\/uploads\/2025\/10\/Dia-3_-Templado-y-ultimo-refinado-pasa-a-proceso-de-curacion_1-scaled-e1761846560103.jpg?resize=350%2C200&ssl=1 1x, https:\/\/i0.wp.com\/parperdrum.com\/wp-content\/uploads\/2025\/10\/Dia-3_-Templado-y-ultimo-refinado-pasa-a-proceso-de-curacion_1-scaled-e1761846560103.jpg?resize=525%2C300&ssl=1 1.5x, https:\/\/i0.wp.com\/parperdrum.com\/wp-content\/uploads\/2025\/10\/Dia-3_-Templado-y-ultimo-refinado-pasa-a-proceso-de-curacion_1-scaled-e1761846560103.jpg?resize=700%2C400&ssl=1 2x, https:\/\/i0.wp.com\/parperdrum.com\/wp-content\/uploads\/2025\/10\/Dia-3_-Templado-y-ultimo-refinado-pasa-a-proceso-de-curacion_1-scaled-e1761846560103.jpg?resize=1050%2C600&ssl=1 3x"},"classes":[]}],"_links":{"self":[{"href":"https:\/\/parperdrum.com\/en\/wp-json\/wp\/v2\/product\/3594","targetHints":{"allow":["GET"]}}],"collection":[{"href":"https:\/\/parperdrum.com\/en\/wp-json\/wp\/v2\/product"}],"about":[{"href":"https:\/\/parperdrum.com\/en\/wp-json\/wp\/v2\/types\/product"}],"replies":[{"embeddable":true,"href":"https:\/\/parperdrum.com\/en\/wp-json\/wp\/v2\/comments?post=3594"}],"wp:featuredmedia":[{"embeddable":true,"href":"https:\/\/parperdrum.com\/en\/wp-json\/wp\/v2\/media\/3603"}],"wp:attachment":[{"href":"https:\/\/parperdrum.com\/en\/wp-json\/wp\/v2\/media?parent=3594"}],"wp:term":[{"taxonomy":"product_brand","embeddable":true,"href":"https:\/\/parperdrum.com\/en\/wp-json\/wp\/v2\/product_brand?post=3594"},{"taxonomy":"product_cat","embeddable":true,"href":"https:\/\/parperdrum.com\/en\/wp-json\/wp\/v2\/product_cat?post=3594"},{"taxonomy":"product_tag","embeddable":true,"href":"https:\/\/parperdrum.com\/en\/wp-json\/wp\/v2\/product_tag?post=3594"}],"curies":[{"name":"wp","href":"https:\/\/api.w.org\/{rel}","templated":true}]}}