{"id":3152,"date":"2025-08-22T15:09:21","date_gmt":"2025-08-22T15:09:21","guid":{"rendered":"https:\/\/parperdrum.com\/?post_type=product&#038;p=3152"},"modified":"2025-09-18T10:20:59","modified_gmt":"2025-09-18T10:20:59","slug":"primer-cd-paris-om-drum","status":"publish","type":"product","link":"https:\/\/parperdrum.com\/en\/tienda\/accesorios\/primer-cd-paris-om-drum\/","title":{"rendered":"Primer CD Paris Om Drum &#8211; El Comienzo de un Sue\u00f1o"},"content":{"rendered":"<h2>Un Tributo al Inicio de Una Visi\u00f3n Art\u00edstica<\/h2>\n<p>Hace m\u00e1s de 14 a\u00f1os, Paris Om Drum, el luthier detr\u00e1s de la reconocida marca ParPer Drum, lanz\u00f3 su primer disco, un \u00e1lbum que captur\u00f3 la visi\u00f3n art\u00edstica y emocional del inicio de su traves\u00eda creativa. Este CD no es simplemente m\u00fasica; es una c\u00e1psula de tiempo, un recordatorio visual y sonoro de c\u00f3mo todo comenz\u00f3.<\/p>\n<h2>Un Objeto Rememorativo con Significado<\/h2>\n<p>El primer CD de Paris Om Drum no es una celebraci\u00f3n de los 14 a\u00f1os transcurridos desde su creaci\u00f3n, sino una evocaci\u00f3n del instante inicial que marc\u00f3 todo lo que seguir\u00eda. Este disco es para aquellos que aprecian el arte y la autenticidad. Cada nota y cada melod\u00eda est\u00e1n impregnadas de la pasi\u00f3n y la dedicaci\u00f3n que caracterizan el trabajo de un luthier que lleva la m\u00fasica artesanal a otro nivel.<\/p>\n<h2>Una Pieza \u00danica para Coleccionistas y Amantes de la M\u00fasica<\/h2>\n<p>Si eres un coleccionista o simplemente alguien que valora la m\u00fasica como una forma de expresi\u00f3n verdadera, este \u00e1lbum es una pieza \u00fanica que no puede faltar en tu colecci\u00f3n. Representa un momento especial en la carrera de Paris Om Drum, capturando un estado de inspiraci\u00f3n pura y el comienzo de algo extraordinario. Adquirir este disco es m\u00e1s que comprar m\u00fasica; es conectarte con una historia, con una visi\u00f3n del pasado que a\u00fan resuena hoy.<\/p>","protected":false},"excerpt":{"rendered":"<p>Un Tributo al Inicio de Una Visi\u00f3n Art\u00edstica Hace m\u00e1s de 14 a\u00f1os, Paris Om Drum, el luthier detr\u00e1s de la reconocida marca ParPer Drum, lanz\u00f3 su primer disco, un \u00e1lbum que captur\u00f3 la visi\u00f3n art\u00edstica y emocional del inicio de su traves\u00eda creativa. Este CD no es simplemente m\u00fasica; es una c\u00e1psula de tiempo, [&hellip;]<\/p>","protected":false},"featured_media":3289,"comment_status":"open","ping_status":"closed","template":"","meta":{"_uag_custom_page_level_css":"","_monsterinsights_skip_tracking":false,"_monsterinsights_sitenote_active":false,"_monsterinsights_sitenote_note":"","_monsterinsights_sitenote_category":0,"_uf_show_specific_survey":0,"_uf_disable_surveys":false},"product_brand":[],"product_cat":[21],"product_tag":[],"class_list":{"0":"post-3152","1":"product","2":"type-product","3":"status-publish","4":"has-post-thumbnail","6":"product_cat-accesorios","8":"first","9":"instock","10":"downloadable","11":"virtual","12":"purchasable","13":"product-type-simple"},"uagb_featured_image_src":{"full":["https:\/\/parperdrum.com\/wp-content\/uploads\/2025\/08\/3-2.png",1400,1400,false],"thumbnail":["https:\/\/parperdrum.com\/wp-content\/uploads\/2025\/08\/3-2-150x150.png",150,150,true],"medium":["https:\/\/parperdrum.com\/wp-content\/uploads\/2025\/08\/3-2-300x300.png",300,300,true],"medium_large":["https:\/\/parperdrum.com\/wp-content\/uploads\/2025\/08\/3-2-768x768.png",640,640,true],"large":["https:\/\/parperdrum.com\/wp-content\/uploads\/2025\/08\/3-2-1024x1024.png",640,640,true],"1536x1536":["https:\/\/parperdrum.com\/wp-content\/uploads\/2025\/08\/3-2.png",1400,1400,false],"2048x2048":["https:\/\/parperdrum.com\/wp-content\/uploads\/2025\/08\/3-2.png",1400,1400,false],"trp-custom-language-flag":["https:\/\/parperdrum.com\/wp-content\/uploads\/2025\/08\/3-2.png",12,12,false],"fashion-designer-homepage-thumb":["https:\/\/parperdrum.com\/wp-content\/uploads\/2025\/08\/3-2.png",145,145,false],"woocommerce_thumbnail":["https:\/\/parperdrum.com\/wp-content\/uploads\/2025\/08\/3-2-300x300.png",300,300,true],"woocommerce_single":["https:\/\/parperdrum.com\/wp-content\/uploads\/2025\/08\/3-2-600x600.png",600,600,true],"woocommerce_gallery_thumbnail":["https:\/\/parperdrum.com\/wp-content\/uploads\/2025\/08\/3-2-100x100.png",100,100,true]},"uagb_author_info":{"display_name":"Nerea P\u00e9rez Ruiz","author_link":"https:\/\/parperdrum.com\/en\/author\/"},"uagb_comment_info":0,"uagb_excerpt":"Un Tributo al Inicio de Una Visi\u00f3n Art\u00edstica Hace m\u00e1s de 14 a\u00f1os, Paris Om Drum, el luthier detr\u00e1s de la reconocida marca ParPer Drum, lanz\u00f3 su primer disco, un \u00e1lbum que captur\u00f3 la visi\u00f3n art\u00edstica y emocional del inicio de su traves\u00eda creativa. Este CD no es simplemente m\u00fasica; es una c\u00e1psula de tiempo,&hellip;","jetpack_sharing_enabled":true,"jetpack-related-posts":[{"id":3704,"url":"https:\/\/parperdrum.com\/en\/tienda\/serie-arcturus\/arcturus-v3\/9-tonos-arcturus-v3\/","url_meta":{"origin":3152,"position":0},"title":"9 tonos &#8211; Arcturus V3","author":"Nerea P\u00e9rez Ruiz","date":"30 de October de 2025","format":false,"excerpt":"Arcturus V3 es la versi\u00f3n donde la idea original de ParPer Drum se completa. Un Steel Tongue Tank Drum afinado con dobles arm\u00f3nicos cruzados en todos los tonos, siguiendo la misma l\u00f3gica de afinaci\u00f3n que un handpan, pero con el cuerpo, el sost\u00e9n y la estabilidad de un tongue bien\u2026","rel":"","context":"Similar post","block_context":{"text":"Similar post","link":""},"img":{"alt_text":"steel tongue tank drum handpan hang drum artesano espa\u00f1a","src":"https:\/\/i0.wp.com\/parperdrum.com\/wp-content\/uploads\/2025\/10\/1000076626_b04ac5afac50ca87180f3ebc135b6775-26_6_2025-1_47_59-p.m-scaled-e1761847369750.jpg?resize=350%2C200&ssl=1","width":350,"height":200,"srcset":"https:\/\/i0.wp.com\/parperdrum.com\/wp-content\/uploads\/2025\/10\/1000076626_b04ac5afac50ca87180f3ebc135b6775-26_6_2025-1_47_59-p.m-scaled-e1761847369750.jpg?resize=350%2C200&ssl=1 1x, https:\/\/i0.wp.com\/parperdrum.com\/wp-content\/uploads\/2025\/10\/1000076626_b04ac5afac50ca87180f3ebc135b6775-26_6_2025-1_47_59-p.m-scaled-e1761847369750.jpg?resize=525%2C300&ssl=1 1.5x, https:\/\/i0.wp.com\/parperdrum.com\/wp-content\/uploads\/2025\/10\/1000076626_b04ac5afac50ca87180f3ebc135b6775-26_6_2025-1_47_59-p.m-scaled-e1761847369750.jpg?resize=700%2C400&ssl=1 2x, https:\/\/i0.wp.com\/parperdrum.com\/wp-content\/uploads\/2025\/10\/1000076626_b04ac5afac50ca87180f3ebc135b6775-26_6_2025-1_47_59-p.m-scaled-e1761847369750.jpg?resize=1050%2C600&ssl=1 3x, https:\/\/i0.wp.com\/parperdrum.com\/wp-content\/uploads\/2025\/10\/1000076626_b04ac5afac50ca87180f3ebc135b6775-26_6_2025-1_47_59-p.m-scaled-e1761847369750.jpg?resize=1400%2C800&ssl=1 4x"},"classes":[]},{"id":3614,"url":"https:\/\/parperdrum.com\/en\/tienda\/serie-arcturus\/arcturus-v1\/12-tonos-arcturus-v1\/","url_meta":{"origin":3152,"position":1},"title":"12 tonos &#8211; Arcturus V1","author":"Nerea P\u00e9rez Ruiz","date":"30 de October de 2025","format":false,"excerpt":"Arcturus V1 es el punto de partida de todo lo que hoy es ParPer Drum. Un Steel Tongue Tank Drum sencillo, estable y muy agradecido, pensado para tocar desde el primer momento sin complicaciones. Un instrumento honesto, directo y musical, que funciona tanto para empezar como para quien busca un\u2026","rel":"","context":"Similar post","block_context":{"text":"Similar post","link":""},"img":{"alt_text":"","src":"https:\/\/i0.wp.com\/parperdrum.com\/wp-content\/uploads\/2025\/10\/20230918_113308-scaled.jpg?resize=350%2C200&ssl=1","width":350,"height":200,"srcset":"https:\/\/i0.wp.com\/parperdrum.com\/wp-content\/uploads\/2025\/10\/20230918_113308-scaled.jpg?resize=350%2C200&ssl=1 1x, https:\/\/i0.wp.com\/parperdrum.com\/wp-content\/uploads\/2025\/10\/20230918_113308-scaled.jpg?resize=525%2C300&ssl=1 1.5x, https:\/\/i0.wp.com\/parperdrum.com\/wp-content\/uploads\/2025\/10\/20230918_113308-scaled.jpg?resize=700%2C400&ssl=1 2x, https:\/\/i0.wp.com\/parperdrum.com\/wp-content\/uploads\/2025\/10\/20230918_113308-scaled.jpg?resize=1050%2C600&ssl=1 3x, https:\/\/i0.wp.com\/parperdrum.com\/wp-content\/uploads\/2025\/10\/20230918_113308-scaled.jpg?resize=1400%2C800&ssl=1 4x"},"classes":[]},{"id":3714,"url":"https:\/\/parperdrum.com\/en\/tienda\/serie-arcturus\/arcturus-v3\/10-tonos-arcturus-v3\/","url_meta":{"origin":3152,"position":2},"title":"10 tonos &#8211; Arcturus V3","author":"Nerea P\u00e9rez Ruiz","date":"30 de October de 2025","format":false,"excerpt":"Arcturus V3 es la versi\u00f3n donde la idea original de ParPer Drum se completa. Un Steel Tongue Tank Drum afinado con dobles arm\u00f3nicos cruzados en todos los tonos, siguiendo la misma l\u00f3gica de afinaci\u00f3n que un handpan, pero con el cuerpo, el sost\u00e9n y la estabilidad de un tongue bien\u2026","rel":"","context":"Similar post","block_context":{"text":"Similar post","link":""},"img":{"alt_text":"","src":"https:\/\/i0.wp.com\/parperdrum.com\/wp-content\/uploads\/2025\/08\/1000001151-scaled.jpg?resize=350%2C200&ssl=1","width":350,"height":200,"srcset":"https:\/\/i0.wp.com\/parperdrum.com\/wp-content\/uploads\/2025\/08\/1000001151-scaled.jpg?resize=350%2C200&ssl=1 1x, https:\/\/i0.wp.com\/parperdrum.com\/wp-content\/uploads\/2025\/08\/1000001151-scaled.jpg?resize=525%2C300&ssl=1 1.5x, https:\/\/i0.wp.com\/parperdrum.com\/wp-content\/uploads\/2025\/08\/1000001151-scaled.jpg?resize=700%2C400&ssl=1 2x, https:\/\/i0.wp.com\/parperdrum.com\/wp-content\/uploads\/2025\/08\/1000001151-scaled.jpg?resize=1050%2C600&ssl=1 3x, https:\/\/i0.wp.com\/parperdrum.com\/wp-content\/uploads\/2025\/08\/1000001151-scaled.jpg?resize=1400%2C800&ssl=1 4x"},"classes":[]},{"id":2546,"url":"https:\/\/parperdrum.com\/en\/tienda\/serie-cosmos\/cosmos-v1\/","url_meta":{"origin":3152,"position":3},"title":"Cosmos V1","author":"Nerea P\u00e9rez Ruiz","date":"18 de August de 2025","format":false,"excerpt":"Cosmos V1 es el modelo m\u00e1s peque\u00f1o y directo de la serie Cosmos. Un Steel Tongue Tank Drum compacto, muy percusivo y sorprendentemente dulce, con un car\u00e1cter juguet\u00f3n y una respuesta inmediata al toque. Es ligero, f\u00e1cil de mover y muy agradecido desde el primer golpe. Peque\u00f1o, directo y pensado\u2026","rel":"","context":"Similar post","block_context":{"text":"Similar post","link":""},"img":{"alt_text":"","src":"https:\/\/i0.wp.com\/parperdrum.com\/wp-content\/uploads\/2025\/08\/1.png?resize=350%2C200&ssl=1","width":350,"height":200,"srcset":"https:\/\/i0.wp.com\/parperdrum.com\/wp-content\/uploads\/2025\/08\/1.png?resize=350%2C200&ssl=1 1x, https:\/\/i0.wp.com\/parperdrum.com\/wp-content\/uploads\/2025\/08\/1.png?resize=525%2C300&ssl=1 1.5x, https:\/\/i0.wp.com\/parperdrum.com\/wp-content\/uploads\/2025\/08\/1.png?resize=700%2C400&ssl=1 2x"},"classes":[]},{"id":3694,"url":"https:\/\/parperdrum.com\/en\/tienda\/serie-arcturus\/arcturus-v3\/8-tonos-arcturus-v3\/","url_meta":{"origin":3152,"position":4},"title":"8 tonos &#8211; Arcturus V3","author":"Nerea P\u00e9rez Ruiz","date":"30 de October de 2025","format":false,"excerpt":"Arcturus V3 es la versi\u00f3n donde la idea original de ParPer Drum se completa. Un Steel Tongue Tank Drum afinado con dobles arm\u00f3nicos cruzados en todos los tonos, siguiendo la misma l\u00f3gica de afinaci\u00f3n que un handpan, pero con el cuerpo, el sost\u00e9n y la estabilidad de un tongue bien\u2026","rel":"","context":"Similar post","block_context":{"text":"Similar post","link":""},"img":{"alt_text":"","src":"https:\/\/i0.wp.com\/parperdrum.com\/wp-content\/uploads\/2025\/08\/1000001156-scaled.jpg?resize=350%2C200&ssl=1","width":350,"height":200,"srcset":"https:\/\/i0.wp.com\/parperdrum.com\/wp-content\/uploads\/2025\/08\/1000001156-scaled.jpg?resize=350%2C200&ssl=1 1x, https:\/\/i0.wp.com\/parperdrum.com\/wp-content\/uploads\/2025\/08\/1000001156-scaled.jpg?resize=525%2C300&ssl=1 1.5x, https:\/\/i0.wp.com\/parperdrum.com\/wp-content\/uploads\/2025\/08\/1000001156-scaled.jpg?resize=700%2C400&ssl=1 2x, https:\/\/i0.wp.com\/parperdrum.com\/wp-content\/uploads\/2025\/08\/1000001156-scaled.jpg?resize=1050%2C600&ssl=1 3x, https:\/\/i0.wp.com\/parperdrum.com\/wp-content\/uploads\/2025\/08\/1000001156-scaled.jpg?resize=1400%2C800&ssl=1 4x"},"classes":[]},{"id":3624,"url":"https:\/\/parperdrum.com\/en\/tienda\/serie-arcturus\/arcturus-v1\/13-tonos-arcturus-v1\/","url_meta":{"origin":3152,"position":5},"title":"13 tonos &#8211; Arcturus V1","author":"Nerea P\u00e9rez Ruiz","date":"30 de October de 2025","format":false,"excerpt":"Arcturus V1 es el punto de partida de todo lo que hoy es ParPer Drum. Un Steel Tongue Tank Drum sencillo, estable y muy agradecido, pensado para tocar desde el primer momento sin complicaciones. Un instrumento honesto, directo y musical, que funciona tanto para empezar como para quien busca un\u2026","rel":"","context":"Similar post","block_context":{"text":"Similar post","link":""},"img":{"alt_text":"","src":"https:\/\/i0.wp.com\/parperdrum.com\/wp-content\/uploads\/2025\/10\/20230918_113436.jpg?resize=350%2C200&ssl=1","width":350,"height":200,"srcset":"https:\/\/i0.wp.com\/parperdrum.com\/wp-content\/uploads\/2025\/10\/20230918_113436.jpg?resize=350%2C200&ssl=1 1x, https:\/\/i0.wp.com\/parperdrum.com\/wp-content\/uploads\/2025\/10\/20230918_113436.jpg?resize=525%2C300&ssl=1 1.5x, https:\/\/i0.wp.com\/parperdrum.com\/wp-content\/uploads\/2025\/10\/20230918_113436.jpg?resize=700%2C400&ssl=1 2x, https:\/\/i0.wp.com\/parperdrum.com\/wp-content\/uploads\/2025\/10\/20230918_113436.jpg?resize=1050%2C600&ssl=1 3x, https:\/\/i0.wp.com\/parperdrum.com\/wp-content\/uploads\/2025\/10\/20230918_113436.jpg?resize=1400%2C800&ssl=1 4x"},"classes":[]}],"_links":{"self":[{"href":"https:\/\/parperdrum.com\/en\/wp-json\/wp\/v2\/product\/3152","targetHints":{"allow":["GET"]}}],"collection":[{"href":"https:\/\/parperdrum.com\/en\/wp-json\/wp\/v2\/product"}],"about":[{"href":"https:\/\/parperdrum.com\/en\/wp-json\/wp\/v2\/types\/product"}],"replies":[{"embeddable":true,"href":"https:\/\/parperdrum.com\/en\/wp-json\/wp\/v2\/comments?post=3152"}],"wp:featuredmedia":[{"embeddable":true,"href":"https:\/\/parperdrum.com\/en\/wp-json\/wp\/v2\/media\/3289"}],"wp:attachment":[{"href":"https:\/\/parperdrum.com\/en\/wp-json\/wp\/v2\/media?parent=3152"}],"wp:term":[{"taxonomy":"product_brand","embeddable":true,"href":"https:\/\/parperdrum.com\/en\/wp-json\/wp\/v2\/product_brand?post=3152"},{"taxonomy":"product_cat","embeddable":true,"href":"https:\/\/parperdrum.com\/en\/wp-json\/wp\/v2\/product_cat?post=3152"},{"taxonomy":"product_tag","embeddable":true,"href":"https:\/\/parperdrum.com\/en\/wp-json\/wp\/v2\/product_tag?post=3152"}],"curies":[{"name":"wp","href":"https:\/\/api.w.org\/{rel}","templated":true}]}}