{"id":4128,"date":"2026-05-14T10:36:51","date_gmt":"2026-05-14T10:36:51","guid":{"rendered":"https:\/\/parperdrum.com\/?page_id=4128"},"modified":"2026-05-14T10:36:51","modified_gmt":"2026-05-14T10:36:51","slug":"instrumento-virtual","status":"publish","type":"page","link":"https:\/\/parperdrum.com\/en\/instrumento-virtual\/","title":{"rendered":"Instrumento Virtual"},"content":{"rendered":"<iframe \nsrc=\"https:\/\/parperdrum.com\/tac\/\"\nwidth=\"100%\" \nheight=\"800\"\nstyle=\"border:none;border-radius:20px;\">\n<\/iframe>\n\n\n\n<p>\u2728 Explora nuestras escalas de una forma m\u00e1s viva e intuitiva con el instrumento virtual de ParPer Drum.<\/p>\n\n\n\n<p>Este Steel Tongue Tank Drum virtual ha sido creado utilizando sonidos reales inspirados en nuestros instrumentos artesanales, para que puedas experimentar el car\u00e1cter y la atm\u00f3sfera de cada escala antes de elegir la tuya.<\/p>\n\n\n\n<p>\ud83e\udd41 Toca libremente las notas, prueba combinaciones y descubre c\u00f3mo cambia la sensaci\u00f3n seg\u00fan la afinaci\u00f3n y la nota dominante (ding).<\/p>\n\n\n\n<p>\ud83c\udfb6 Cada escala tiene una personalidad distinta:<br>algunas invitan a la calma y la introspecci\u00f3n, otras al movimiento, la alegr\u00eda o la exploraci\u00f3n emocional.<\/p>\n\n\n\n<p>Aunque la experiencia nunca sustituye por completo la resonancia y vibraci\u00f3n de un instrumento f\u00edsico real, esta herramienta te permitir\u00e1 acercarte mucho m\u00e1s a su esencia sonora de una manera pr\u00e1ctica, visual e interactiva.<\/p>\n\n\n\n<p>\ud83d\udcab No necesitas conocimientos musicales.<br>Solo escuchar, tocar\u2026 y sentir qu\u00e9 sonido conecta contigo.<\/p>","protected":false},"excerpt":{"rendered":"<p>\u2728 Explora nuestras escalas de una forma m\u00e1s viva e intuitiva con el instrumento virtual de ParPer Drum. Este Steel Tongue Tank Drum virtual ha sido creado utilizando sonidos reales inspirados en nuestros instrumentos artesanales, para que puedas experimentar el car\u00e1cter y la atm\u00f3sfera de cada escala antes de elegir la tuya. \ud83e\udd41 Toca libremente [&hellip;]<\/p>","protected":false},"author":1,"featured_media":0,"parent":0,"menu_order":0,"comment_status":"closed","ping_status":"closed","template":"","meta":{"_uag_custom_page_level_css":"","_monsterinsights_skip_tracking":false,"_monsterinsights_sitenote_active":false,"_monsterinsights_sitenote_note":"","_monsterinsights_sitenote_category":0,"_uf_show_specific_survey":0,"_uf_disable_surveys":false,"footnotes":""},"class_list":["post-4128","page","type-page","status-publish","hentry"],"_hostinger_reach_plugin_has_subscription_block":false,"_hostinger_reach_plugin_is_elementor":false,"uagb_featured_image_src":{"full":false,"thumbnail":false,"medium":false,"medium_large":false,"large":false,"1536x1536":false,"2048x2048":false,"trp-custom-language-flag":false,"fashion-designer-homepage-thumb":false,"woocommerce_thumbnail":false,"woocommerce_single":false,"woocommerce_gallery_thumbnail":false},"uagb_author_info":{"display_name":"Nerea P\u00e9rez Ruiz","author_link":"https:\/\/parperdrum.com\/en\/author\/parperdrumgmail-com\/"},"uagb_comment_info":0,"uagb_excerpt":"\u2728 Explora nuestras escalas de una forma m\u00e1s viva e intuitiva con el instrumento virtual de ParPer Drum. Este Steel Tongue Tank Drum virtual ha sido creado utilizando sonidos reales inspirados en nuestros instrumentos artesanales, para que puedas experimentar el car\u00e1cter y la atm\u00f3sfera de cada escala antes de elegir la tuya. \ud83e\udd41 Toca libremente&hellip;","jetpack_sharing_enabled":true,"jetpack-related-posts":[{"id":3958,"url":"https:\/\/parperdrum.com\/en\/el-arte-del-sonido\/","url_meta":{"origin":4128,"position":0},"title":"The Art of Sound","author":"Nerea P\u00e9rez Ruiz","date":"7 de January de 2026","format":false,"excerpt":"En ParPer Drum entendemos el sonido como una experiencia viva.No se trata solo de notas o afinaciones, sino de c\u00f3mo vibra el instrumento, c\u00f3mo responde al tacto y qu\u00e9 sensaci\u00f3n deja en quien lo toca. Un buen instrumento no solo suena: se siente.En las manos, en el pecho, en el\u2026","rel":"","context":"Similar post","block_context":{"text":"Similar post","link":""},"img":{"alt_text":"","src":"","width":0,"height":0},"classes":[]},{"id":3129,"url":"https:\/\/parperdrum.com\/en\/%f0%9f%93%91-terminos-y-condiciones-de-uso\/","url_meta":{"origin":4128,"position":1},"title":"\ud83d\udcd1 Terms and Conditions of Use","author":"Nerea P\u00e9rez Ruiz","date":"21 de August de 2025","format":false,"excerpt":"Bienvenido a ParPer Drum, un espacio donde cada instrumento respira arte y armon\u00eda. Antes de sumergirte en nuestro cat\u00e1logo, te contamos las normas que rigen tu visita y compra. Titularidad Este sitio web, accesible en www.parperdrum.com, es titularidad de: ParPer Drum Harmonic SoundsResponsable: Jonathan Paris RuizNIF: 53463268KDomicilio: Ronda Miralr\u00edo 20,\u2026","rel":"","context":"Similar post","block_context":{"text":"Similar post","link":""},"img":{"alt_text":"","src":"","width":0,"height":0},"classes":[]},{"id":1067,"url":"https:\/\/parperdrum.com\/en\/","url_meta":{"origin":4128,"position":2},"title":"ParPer Drum &#8211; Harmonic Sounds","author":"Nerea P\u00e9rez Ruiz","date":"14 de August de 2025","format":false,"excerpt":"Steel Tongue Tank Drums artesanales fabricados en Espa\u00f1aPersonalizaci\u00f3n sonora y visual \u00b7 Una nueva forma de vivir el sonido Pioneros en el desarrollo de un nuevo instrumento musicalSonido, investigaci\u00f3n y personalizaci\u00f3n \u00b7 Hechos a mano en Espa\u00f1a \ud83c\udf1f Bienvenid@ a ParPer Drum \ud83c\udf1fGracias por llegar a ParPer Drum \ud83d\ude4cSomos un\u2026","rel":"","context":"Similar post","block_context":{"text":"Similar post","link":""},"img":{"alt_text":"","src":"https:\/\/i0.wp.com\/parperdrum.com\/wp-content\/uploads\/2026\/01\/Cartel-Especial-San-Valentin-Tipografico-Rojo-y-Rosado.png?resize=350%2C200&ssl=1","width":350,"height":200,"srcset":"https:\/\/i0.wp.com\/parperdrum.com\/wp-content\/uploads\/2026\/01\/Cartel-Especial-San-Valentin-Tipografico-Rojo-y-Rosado.png?resize=350%2C200&ssl=1 1x, https:\/\/i0.wp.com\/parperdrum.com\/wp-content\/uploads\/2026\/01\/Cartel-Especial-San-Valentin-Tipografico-Rojo-y-Rosado.png?resize=525%2C300&ssl=1 1.5x, https:\/\/i0.wp.com\/parperdrum.com\/wp-content\/uploads\/2026\/01\/Cartel-Especial-San-Valentin-Tipografico-Rojo-y-Rosado.png?resize=700%2C400&ssl=1 2x, https:\/\/i0.wp.com\/parperdrum.com\/wp-content\/uploads\/2026\/01\/Cartel-Especial-San-Valentin-Tipografico-Rojo-y-Rosado.png?resize=1050%2C600&ssl=1 3x, https:\/\/i0.wp.com\/parperdrum.com\/wp-content\/uploads\/2026\/01\/Cartel-Especial-San-Valentin-Tipografico-Rojo-y-Rosado.png?resize=1400%2C800&ssl=1 4x"},"classes":[]},{"id":3804,"url":"https:\/\/parperdrum.com\/en\/borrador-automatico\/","url_meta":{"origin":4128,"position":3},"title":"Models and Versions","author":"Nerea P\u00e9rez Ruiz","date":"30 de November de 2025","format":false,"excerpt":"Historia y Evoluci\u00f3n de las Versiones de nuestros Steel Tongue Tank Drum (Versi\u00f3n 1 a Versi\u00f3n 4) Arcturus Versi\u00f3n 1 steel tongue tank drum handpan hang drum artesano espa\u00f1aArcturus Versi\u00f3n 2 steel tongue tank drum handpan hang drum artesano espa\u00f1aArcturus V3 steel tongue tank drum handpan hang drum artesano espa\u00f1aArcturus\u2026","rel":"","context":"Similar post","block_context":{"text":"Similar post","link":""},"img":{"alt_text":"","src":"https:\/\/i0.wp.com\/parperdrum.com\/wp-content\/uploads\/2025\/10\/d6acb0b0-79d1-43ff-8e56-b0e0878b71eb.jpg?resize=350%2C200&ssl=1","width":350,"height":200,"srcset":"https:\/\/i0.wp.com\/parperdrum.com\/wp-content\/uploads\/2025\/10\/d6acb0b0-79d1-43ff-8e56-b0e0878b71eb.jpg?resize=350%2C200&ssl=1 1x, https:\/\/i0.wp.com\/parperdrum.com\/wp-content\/uploads\/2025\/10\/d6acb0b0-79d1-43ff-8e56-b0e0878b71eb.jpg?resize=525%2C300&ssl=1 1.5x, https:\/\/i0.wp.com\/parperdrum.com\/wp-content\/uploads\/2025\/10\/d6acb0b0-79d1-43ff-8e56-b0e0878b71eb.jpg?resize=700%2C400&ssl=1 2x, https:\/\/i0.wp.com\/parperdrum.com\/wp-content\/uploads\/2025\/10\/d6acb0b0-79d1-43ff-8e56-b0e0878b71eb.jpg?resize=1050%2C600&ssl=1 3x, https:\/\/i0.wp.com\/parperdrum.com\/wp-content\/uploads\/2025\/10\/d6acb0b0-79d1-43ff-8e56-b0e0878b71eb.jpg?resize=1400%2C800&ssl=1 4x"},"classes":[]},{"id":2982,"url":"https:\/\/parperdrum.com\/en\/preguntas-frecuentes\/","url_meta":{"origin":4128,"position":4},"title":"Frequently Asked Questions \u2013 FAQ","author":"Nerea P\u00e9rez Ruiz","date":"19 de August de 2025","format":false,"excerpt":"Aqu\u00ed recogemos las dudas que m\u00e1s se repiten.No porque nos moleste responderlas, sino porque as\u00ed puedes leerlas con calma y situarte.Y si despu\u00e9s te surge otra, nos escribes y listo, que para eso estamos. \u00bfCu\u00e1l es la diferencia entre un Tank Drum y un Handpan? Aunque a veces se metan\u2026","rel":"","context":"Similar post","block_context":{"text":"Similar post","link":""},"img":{"alt_text":"","src":"","width":0,"height":0},"classes":[]},{"id":3919,"url":"https:\/\/parperdrum.com\/en\/arcturus-v1\/","url_meta":{"origin":4128,"position":5},"title":"Arcturus V1","author":"Nerea P\u00e9rez Ruiz","date":"2 de January de 2026","format":false,"excerpt":"Arcturus V1 \u00b7 El origen de todo Arcturus V1 es donde empez\u00f3 el viaje.El primer modelo con esta forma, esta idea y esta manera de entender el sonido en ParPer Drum. Un steel tongue tank drum sencillo en apariencia, pero hecho con intenci\u00f3n, cuidado y mucha escucha. Su sonido es\u2026","rel":"","context":"Similar post","block_context":{"text":"Similar post","link":""},"img":{"alt_text":"","src":"","width":0,"height":0},"classes":[]}],"_links":{"self":[{"href":"https:\/\/parperdrum.com\/en\/wp-json\/wp\/v2\/pages\/4128","targetHints":{"allow":["GET"]}}],"collection":[{"href":"https:\/\/parperdrum.com\/en\/wp-json\/wp\/v2\/pages"}],"about":[{"href":"https:\/\/parperdrum.com\/en\/wp-json\/wp\/v2\/types\/page"}],"author":[{"embeddable":true,"href":"https:\/\/parperdrum.com\/en\/wp-json\/wp\/v2\/users\/1"}],"replies":[{"embeddable":true,"href":"https:\/\/parperdrum.com\/en\/wp-json\/wp\/v2\/comments?post=4128"}],"version-history":[{"count":0,"href":"https:\/\/parperdrum.com\/en\/wp-json\/wp\/v2\/pages\/4128\/revisions"}],"wp:attachment":[{"href":"https:\/\/parperdrum.com\/en\/wp-json\/wp\/v2\/media?parent=4128"}],"curies":[{"name":"wp","href":"https:\/\/api.w.org\/{rel}","templated":true}]}}