{"id":3972,"date":"2026-01-08T11:08:54","date_gmt":"2026-01-08T11:08:54","guid":{"rendered":"https:\/\/parperdrum.com\/?page_id=3972"},"modified":"2026-01-08T15:20:47","modified_gmt":"2026-01-08T15:20:47","slug":"%f0%9f%91%89-sonido-y-afinacion-%f0%9f%8e%b6","status":"publish","type":"page","link":"https:\/\/parperdrum.com\/en\/%f0%9f%91%89-sonido-y-afinacion-%f0%9f%8e%b6\/","title":{"rendered":"Sound and tuning \ud83c\udfb6"},"content":{"rendered":"<h3 class=\"wp-block-heading\"><strong>How we understand and work with sound at ParPer Drum<\/strong><\/h3>\n\n\n\n<p class=\"translation-block\">At ParPer Drum, sound isn't an add-on: it's the heart of everything.\n\nThat's why we've divided this section into three parts, so you can explore according to your interests or needs at any given time.<\/p>\n\n\n\n<div class=\"wp-block-uagb-buttons uagb-buttons__outer-wrap uagb-btn__default-btn uagb-btn-tablet__default-btn uagb-btn-mobile__default-btn uagb-block-5d156b5b\"><div class=\"uagb-buttons__wrap uagb-buttons-layout-wrap\"><\/div><\/div>\n\n\n\n<hr class=\"wp-block-separator has-alpha-channel-opacity\"\/>\n\n\n\n<h4 class=\"wp-block-heading\">The Art of Sound<\/h4>\n\n\n\n<p>Our sound philosophy: how we tune, how we seek balance, body, harmonics, and a stable and profound experience.<\/p>\n\n\n\n<div class=\"wp-block-uagb-buttons uagb-buttons__outer-wrap uagb-btn__default-btn uagb-btn-tablet__default-btn uagb-btn-mobile__default-btn uagb-block-290cda66\"><div class=\"uagb-buttons__wrap uagb-buttons-layout-wrap\">\n<div class=\"wp-block-uagb-buttons-child uagb-buttons__outer-wrap uagb-block-4ee5b56b wp-block-button\"><div class=\"uagb-button__wrapper\"><a class=\"uagb-buttons-repeater wp-block-button__link\" aria-label=\"\" href=\"https:\/\/parperdrum.com\/en\/el-arte-del-sonido\/\" rel=\"follow noopener\" target=\"_self\" role=\"button\"><div class=\"uagb-button__link\">\ud83d\udc49 <strong>\ud83d\udc49 Discover The Art of Sound<\/strong><\/div><\/a><\/div><\/div>\n<\/div><\/div>\n\n\n\n<hr class=\"wp-block-separator has-alpha-channel-opacity\"\/>\n\n\n\n<h4 class=\"wp-block-heading\">\ud83c\udfbc Musical Scales<\/h4>\n\n\n\n<p>A clear guide to understanding and listening to different scales, what feeling each one conveys, and how to choose without prior knowledge.<\/p>\n\n\n\n<div class=\"wp-block-uagb-buttons uagb-buttons__outer-wrap uagb-btn__default-btn uagb-btn-tablet__default-btn uagb-btn-mobile__default-btn uagb-block-a2f72e5a\"><div class=\"uagb-buttons__wrap uagb-buttons-layout-wrap\">\n<div class=\"wp-block-uagb-buttons-child uagb-buttons__outer-wrap uagb-block-1a8d56f4 wp-block-button\"><div class=\"uagb-button__wrapper\"><a class=\"uagb-buttons-repeater wp-block-button__link\" aria-label=\"\" href=\"https:\/\/parperdrum.com\/en\/escalas-musicales\/\" rel=\"follow noopener\" target=\"_self\" role=\"button\"><div class=\"uagb-button__link\">\ud83d\udc49 <strong>\ud83d\udc49 View Musical Scales<\/strong><\/div><\/a><\/div><\/div>\n<\/div><\/div>\n\n\n\n<hr class=\"wp-block-separator has-alpha-channel-opacity\"\/>\n\n\n\n<h4 class=\"wp-block-heading\">\ud83d\udd0a Frequencies in Hz<\/h4>\n\n\n\n<p>What frequencies are, how they influence vibration and the feeling when playing, and how we work with this aspect honestly and non-dogmatically.<\/p>\n\n\n\n<div class=\"wp-block-uagb-buttons uagb-buttons__outer-wrap uagb-btn__default-btn uagb-btn-tablet__default-btn uagb-btn-mobile__default-btn uagb-block-9be979a5\"><div class=\"uagb-buttons__wrap uagb-buttons-layout-wrap\">\n<div class=\"wp-block-uagb-buttons-child uagb-buttons__outer-wrap uagb-block-b96ffd01 wp-block-button\"><div class=\"uagb-button__wrapper\"><a class=\"uagb-buttons-repeater wp-block-button__link\" aria-label=\"\" href=\"https:\/\/parperdrum.com\/en\/frecuencias-en-hertzios\/\" rel=\"follow noopener\" target=\"_self\" role=\"button\"><div class=\"uagb-button__link\">\ud83d\udc49 <strong>\ud83d\udc49 View Frequencies in Hz<\/strong><\/div><\/a><\/div><\/div>\n<\/div><\/div>","protected":false},"excerpt":{"rendered":"<p>C\u00f3mo entendemos y trabajamos el sonido en ParPer Drum En ParPer Drum el sonido no es un a\u00f1adido: es el centro de todo.Por eso hemos dividido esta secci\u00f3n en tres partes, para que puedas explorar seg\u00fan lo que te interese o necesites en cada momento. \ud83c\udfb5 El Arte del Sonido Nuestra filosof\u00eda sonora: c\u00f3mo afinamos, [&hellip;]<\/p>","protected":false},"author":1,"featured_media":0,"parent":0,"menu_order":0,"comment_status":"closed","ping_status":"closed","template":"","meta":{"_uag_custom_page_level_css":"","_monsterinsights_skip_tracking":false,"_monsterinsights_sitenote_active":false,"_monsterinsights_sitenote_note":"","_monsterinsights_sitenote_category":0,"_uf_show_specific_survey":0,"_uf_disable_surveys":false,"footnotes":""},"class_list":["post-3972","page","type-page","status-publish","hentry"],"_hostinger_reach_plugin_has_subscription_block":false,"_hostinger_reach_plugin_is_elementor":false,"uagb_featured_image_src":{"full":false,"thumbnail":false,"medium":false,"medium_large":false,"large":false,"1536x1536":false,"2048x2048":false,"trp-custom-language-flag":false,"fashion-designer-homepage-thumb":false,"woocommerce_thumbnail":false,"woocommerce_single":false,"woocommerce_gallery_thumbnail":false},"uagb_author_info":{"display_name":"Nerea P\u00e9rez Ruiz","author_link":"https:\/\/parperdrum.com\/en\/author\/parperdrumgmail-com\/"},"uagb_comment_info":0,"uagb_excerpt":"C\u00f3mo entendemos y trabajamos el sonido en ParPer Drum En ParPer Drum el sonido no es un a\u00f1adido: es el centro de todo.Por eso hemos dividido esta secci\u00f3n en tres partes, para que puedas explorar seg\u00fan lo que te interese o necesites en cada momento. \ud83c\udfb5 El Arte del Sonido Nuestra filosof\u00eda sonora: c\u00f3mo afinamos,&hellip;","jetpack_sharing_enabled":true,"jetpack-related-posts":[{"id":3919,"url":"https:\/\/parperdrum.com\/en\/arcturus-v1\/","url_meta":{"origin":3972,"position":0},"title":"Arcturus V1","author":"Nerea P\u00e9rez Ruiz","date":"2 de January de 2026","format":false,"excerpt":"Arcturus V1 \u00b7 El origen de todo Arcturus V1 es donde empez\u00f3 el viaje.El primer modelo con esta forma, esta idea y esta manera de entender el sonido en ParPer Drum. Un steel tongue tank drum sencillo en apariencia, pero hecho con intenci\u00f3n, cuidado y mucha escucha. Su sonido es\u2026","rel":"","context":"Similar post","block_context":{"text":"Similar post","link":""},"img":{"alt_text":"","src":"","width":0,"height":0},"classes":[]},{"id":1070,"url":"https:\/\/parperdrum.com\/en\/about-us\/","url_meta":{"origin":3972,"position":1},"title":"Our History","author":"Nerea P\u00e9rez Ruiz","date":"14 de August de 2025","format":false,"excerpt":"Qui\u00e9nes somos y c\u00f3mo nace ParPer Drum \u00a1Hola! Somos Jonathan PARis y Nerea PERez, artesanos autodidactas y el coraz\u00f3n de ParPer Drum. No somos una gran empresa.Somos una familia comprometida y apasionada por la m\u00fasica, el arte y el trabajo hecho con las manos. Gracias por llegar hasta aqu\u00ed, porque\u2026","rel":"","context":"Similar post","block_context":{"text":"Similar post","link":""},"img":{"alt_text":"","src":"https:\/\/i0.wp.com\/parperdrum.com\/wp-content\/uploads\/2025\/10\/IMG_20250912_200336-scaled.jpg?resize=350%2C200&ssl=1","width":350,"height":200,"srcset":"https:\/\/i0.wp.com\/parperdrum.com\/wp-content\/uploads\/2025\/10\/IMG_20250912_200336-scaled.jpg?resize=350%2C200&ssl=1 1x, https:\/\/i0.wp.com\/parperdrum.com\/wp-content\/uploads\/2025\/10\/IMG_20250912_200336-scaled.jpg?resize=525%2C300&ssl=1 1.5x, https:\/\/i0.wp.com\/parperdrum.com\/wp-content\/uploads\/2025\/10\/IMG_20250912_200336-scaled.jpg?resize=700%2C400&ssl=1 2x, https:\/\/i0.wp.com\/parperdrum.com\/wp-content\/uploads\/2025\/10\/IMG_20250912_200336-scaled.jpg?resize=1050%2C600&ssl=1 3x, https:\/\/i0.wp.com\/parperdrum.com\/wp-content\/uploads\/2025\/10\/IMG_20250912_200336-scaled.jpg?resize=1400%2C800&ssl=1 4x"},"classes":[]},{"id":3760,"url":"https:\/\/parperdrum.com\/en\/handpan-hang-drum\/","url_meta":{"origin":3972,"position":2},"title":"Handpan, Hang\u00ae Drum","author":"Nerea P\u00e9rez Ruiz","date":"15 de November de 2025","format":false,"excerpt":"Comunicado oficial En ParPer Drum creemos profundamente en el respeto a los creadores que abren caminos. El Handpan, tal y como el mundo lo conoce hoy, naci\u00f3 gracias a la visi\u00f3n y sensibilidad de PANArt, sus creadores originales.Su trabajo marc\u00f3 un antes y un despu\u00e9s en el mundo del sonido\u2026","rel":"","context":"Similar post","block_context":{"text":"Similar post","link":""},"img":{"alt_text":"","src":"","width":0,"height":0},"classes":[]},{"id":1067,"url":"https:\/\/parperdrum.com\/en\/","url_meta":{"origin":3972,"position":3},"title":"ParPer Drum &#8211; Harmonic Sounds","author":"Nerea P\u00e9rez Ruiz","date":"14 de August de 2025","format":false,"excerpt":"Steel Tongue Tank Drums artesanales fabricados en Espa\u00f1aPersonalizaci\u00f3n sonora y visual \u00b7 Una nueva forma de vivir el sonido Pioneros en el desarrollo de un nuevo instrumento musicalSonido, investigaci\u00f3n y personalizaci\u00f3n \u00b7 Hechos a mano en Espa\u00f1a \ud83c\udf1f Bienvenid@ a ParPer Drum \ud83c\udf1fGracias por llegar a ParPer Drum \ud83d\ude4cSomos un\u2026","rel":"","context":"Similar post","block_context":{"text":"Similar post","link":""},"img":{"alt_text":"","src":"https:\/\/i0.wp.com\/parperdrum.com\/wp-content\/uploads\/2026\/01\/Cartel-Especial-San-Valentin-Tipografico-Rojo-y-Rosado.png?resize=350%2C200&ssl=1","width":350,"height":200,"srcset":"https:\/\/i0.wp.com\/parperdrum.com\/wp-content\/uploads\/2026\/01\/Cartel-Especial-San-Valentin-Tipografico-Rojo-y-Rosado.png?resize=350%2C200&ssl=1 1x, https:\/\/i0.wp.com\/parperdrum.com\/wp-content\/uploads\/2026\/01\/Cartel-Especial-San-Valentin-Tipografico-Rojo-y-Rosado.png?resize=525%2C300&ssl=1 1.5x, https:\/\/i0.wp.com\/parperdrum.com\/wp-content\/uploads\/2026\/01\/Cartel-Especial-San-Valentin-Tipografico-Rojo-y-Rosado.png?resize=700%2C400&ssl=1 2x, https:\/\/i0.wp.com\/parperdrum.com\/wp-content\/uploads\/2026\/01\/Cartel-Especial-San-Valentin-Tipografico-Rojo-y-Rosado.png?resize=1050%2C600&ssl=1 3x, https:\/\/i0.wp.com\/parperdrum.com\/wp-content\/uploads\/2026\/01\/Cartel-Especial-San-Valentin-Tipografico-Rojo-y-Rosado.png?resize=1400%2C800&ssl=1 4x"},"classes":[]},{"id":3958,"url":"https:\/\/parperdrum.com\/en\/el-arte-del-sonido\/","url_meta":{"origin":3972,"position":4},"title":"The Art of Sound","author":"Nerea P\u00e9rez Ruiz","date":"7 de January de 2026","format":false,"excerpt":"En ParPer Drum entendemos el sonido como una experiencia viva.No se trata solo de notas o afinaciones, sino de c\u00f3mo vibra el instrumento, c\u00f3mo responde al tacto y qu\u00e9 sensaci\u00f3n deja en quien lo toca. Un buen instrumento no solo suena: se siente.En las manos, en el pecho, en el\u2026","rel":"","context":"Similar post","block_context":{"text":"Similar post","link":""},"img":{"alt_text":"","src":"","width":0,"height":0},"classes":[]},{"id":3127,"url":"https:\/\/parperdrum.com\/en\/%e2%9a%96%ef%b8%8f-aviso-legal\/","url_meta":{"origin":3972,"position":5},"title":"\u2696\ufe0f Legal Notice","author":"Nerea P\u00e9rez Ruiz","date":"21 de August de 2025","format":false,"excerpt":"En cumplimiento de la Ley 34\/2002 de Servicios de la Sociedad de la Informaci\u00f3n y Comercio Electr\u00f3nico (LSSI-CE), se informa lo siguiente: Titular del sitio web ParPer Drum Harmonic Sounds Responsable: Jonathan Paris RuizNIF: 53463268KDomicilio: Ronda Miralr\u00edo 20, 45516 La Rinconada de Tajo, Toledo (Espa\u00f1a)Correo electr\u00f3nico: parperdrum@gmail.comTel\u00e9fono: +34 667 97\u2026","rel":"","context":"Similar post","block_context":{"text":"Similar post","link":""},"img":{"alt_text":"","src":"","width":0,"height":0},"classes":[]}],"_links":{"self":[{"href":"https:\/\/parperdrum.com\/en\/wp-json\/wp\/v2\/pages\/3972","targetHints":{"allow":["GET"]}}],"collection":[{"href":"https:\/\/parperdrum.com\/en\/wp-json\/wp\/v2\/pages"}],"about":[{"href":"https:\/\/parperdrum.com\/en\/wp-json\/wp\/v2\/types\/page"}],"author":[{"embeddable":true,"href":"https:\/\/parperdrum.com\/en\/wp-json\/wp\/v2\/users\/1"}],"replies":[{"embeddable":true,"href":"https:\/\/parperdrum.com\/en\/wp-json\/wp\/v2\/comments?post=3972"}],"version-history":[{"count":3,"href":"https:\/\/parperdrum.com\/en\/wp-json\/wp\/v2\/pages\/3972\/revisions"}],"predecessor-version":[{"id":4008,"href":"https:\/\/parperdrum.com\/en\/wp-json\/wp\/v2\/pages\/3972\/revisions\/4008"}],"wp:attachment":[{"href":"https:\/\/parperdrum.com\/en\/wp-json\/wp\/v2\/media?parent=3972"}],"curies":[{"name":"wp","href":"https:\/\/api.w.org\/{rel}","templated":true}]}}