{"id":3946,"date":"2026-01-04T16:47:38","date_gmt":"2026-01-04T16:47:38","guid":{"rendered":"https:\/\/parperdrum.com\/?page_id=3946"},"modified":"2026-01-04T16:47:44","modified_gmt":"2026-01-04T16:47:44","slug":"encuentro-musical-en-la-catedral-de-toledo","status":"publish","type":"page","link":"https:\/\/parperdrum.com\/en\/encuentro-musical-en-la-catedral-de-toledo\/","title":{"rendered":"Musical gathering at Toledo Cathedral"},"content":{"rendered":"<div class=\"wp-block-uagb-advanced-heading uagb-block-87a810b4\"><h2 class=\"uagb-heading-text\">The Origin of a Dream<\/h2><\/div>\n\n\n\n<p>Long before July, this idea was already stirring within us. What began as a whisper, almost an intuition, quickly transformed into a shared vision.<\/p>\n\n\n\n<p>We weren't in a hurry. We let the project breathe in our live performances and take organic shape during ParPer weekends and at Family ParPer. These were our emotional laboratories: spaces created to experiment, feel, and build a community that understands sound as a bridge, not as an end in itself.<\/p>\n\n\n\n<p>Now, that path leads us to a place where history and energy merge: Toledo Cathedral.<\/p>\n\n\n\n<p>One Melody for One Planet<\/p>\n\n\n\n<p>We live in the same world, under the same sky, but we often perceive ourselves as divided by borders, countries, or cultures. However, there is a language that knows no geographical limits or political barriers: music.<\/p>\n\n\n\n<p>This project at Toledo Cathedral was born with a purpose that goes straight to the heart: to give sound to our unity. We want to bring together instruments from all corners of the world and musicians from all backgrounds to create, together, a melody that transcends differences. By uniting the echo of a ParPer with that of a Tibetan singing bowl, a didgeridoo, or a handpan, we are symbolizing that, despite our individualities, we are all part of the same global harmony.<\/p>\n\n\n\n<p>An encounter beyond brands<\/p>\n\n\n\n<p>This project is not about personal glory or commercial interests. It is about a human encounter.<\/p>\n\n\n\n<p>We want living sound to inhabit this sacred space, not only because of its ancient architecture, but also because of the profound emotion of seeing diverse people vibrating at the same frequency. At ParPer, our philosophy is clear: we don't believe in sonic borders or factions.<\/p>\n\n\n\n<div class=\"wp-block-uagb-advanced-heading uagb-block-67d0b15f\"><h2 class=\"uagb-heading-text\">Who can participate?<\/h2><\/div>\n\n\n\n<p>In this space, ego is left outside. It doesn't matter where you come from or what instrument you hold in your hands. This is your place if you feel the call to build that collective melody:<\/p>\n\n\n\n<p>ParPer, Handpans, Steel Tongue Drums.<\/p>\n\n\n\n<p>Singing bowls, gongs, didgeridoos, ancestral and ethnic instruments.<\/p>\n\n\n\n<p>Violins, guitars\u2026<\/p>\n\n\n\n<p>Voices\u2026<\/p>\n\n\n\n<p>Or if you have a different proposal for participating, let us know.<\/p>\n\n\n\n<p>The truth of authenticity<\/p>\n\n\n\n<p>We know that when a project is born with such a pure purpose, attempts at imitation arise. But there is something that cannot be copied: the path traveled with truth. The ParPer community is not built with marketing; it is woven from respect and the conviction that sound can change the way we see each other.<\/p>\n\n\n\n<p>Be part of history<\/p>\n\n\n\n<p>We want to take the definitive step, and we want you to take it with us. If you are excited by the idea of \u200b\u200bToledo Cathedral becoming the heart of a planet that sounds in unison\u2026 join us.<\/p>\n\n\n\n<p>Because at ParPer, we always do what we feel. And we feel this melody of unity stronger than ever.<\/p>\n\n\n\n<div class=\"wp-block-uagb-advanced-heading uagb-block-18e69d2c\"><h2 class=\"uagb-heading-text\">Will you join us?<\/h2><\/div>\n\n\n\n<p>Fill out the registration form to reserve your place in this unique experience and help us give voice to this universal message.<\/p>\n\n\n\n<p><\/p>\n\n\n\n<div class=\"wp-block-buttons is-layout-flex wp-block-buttons-is-layout-flex\">\n<div class=\"wp-block-button\"><a class=\"wp-block-button__link wp-element-button\" href=\"https:\/\/forms.gle\/VkVHqQnRsaSoW9rz7\" rel=\"nofollow noopener\" target=\"_blank\"><img decoding=\"async\" src=\"https:\/\/fonts.gstatic.com\/s\/e\/notoemoji\/16.0\/1f449\/32.png\" alt=\"\ud83d\udc49\">\u00a0\ud83d\udc49 [FILL OUT THE REGISTRATION FORM HERE]<\/a><\/div>\n<\/div>\n\n\n\n<p><\/p>","protected":false},"excerpt":{"rendered":"<p>El origen de un sue\u00f1o Mucho antes de julio, esta idea ya lat\u00eda con fuerza en nuestro interior. Lo que empez\u00f3 como un susurro, casi una intuici\u00f3n, se transform\u00f3 r\u00e1pidamente en una visi\u00f3n compartida. No tuvimos prisa. Dejamos que el proyecto respirara en nuestros directos y que tomara forma org\u00e1nica en los fines de semana [&hellip;]<\/p>","protected":false},"author":1,"featured_media":0,"parent":0,"menu_order":0,"comment_status":"closed","ping_status":"closed","template":"","meta":{"_uag_custom_page_level_css":"","_monsterinsights_skip_tracking":false,"_monsterinsights_sitenote_active":false,"_monsterinsights_sitenote_note":"","_monsterinsights_sitenote_category":0,"_uf_show_specific_survey":0,"_uf_disable_surveys":false,"footnotes":""},"class_list":["post-3946","page","type-page","status-publish","hentry"],"_hostinger_reach_plugin_has_subscription_block":false,"_hostinger_reach_plugin_is_elementor":false,"uagb_featured_image_src":{"full":false,"thumbnail":false,"medium":false,"medium_large":false,"large":false,"1536x1536":false,"2048x2048":false,"trp-custom-language-flag":false,"fashion-designer-homepage-thumb":false,"woocommerce_thumbnail":false,"woocommerce_single":false,"woocommerce_gallery_thumbnail":false},"uagb_author_info":{"display_name":"Nerea P\u00e9rez Ruiz","author_link":"https:\/\/parperdrum.com\/en\/author\/parperdrumgmail-com\/"},"uagb_comment_info":0,"uagb_excerpt":"El origen de un sue\u00f1o Mucho antes de julio, esta idea ya lat\u00eda con fuerza en nuestro interior. Lo que empez\u00f3 como un susurro, casi una intuici\u00f3n, se transform\u00f3 r\u00e1pidamente en una visi\u00f3n compartida. No tuvimos prisa. Dejamos que el proyecto respirara en nuestros directos y que tomara forma org\u00e1nica en los fines de semana&hellip;","jetpack_sharing_enabled":true,"jetpack-related-posts":[{"id":3127,"url":"https:\/\/parperdrum.com\/en\/%e2%9a%96%ef%b8%8f-aviso-legal\/","url_meta":{"origin":3946,"position":0},"title":"\u2696\ufe0f Legal Notice","author":"Nerea P\u00e9rez Ruiz","date":"21 de August de 2025","format":false,"excerpt":"En cumplimiento de la Ley 34\/2002 de Servicios de la Sociedad de la Informaci\u00f3n y Comercio Electr\u00f3nico (LSSI-CE), se informa lo siguiente: Titular del sitio web ParPer Drum Harmonic Sounds Responsable: Jonathan Paris RuizNIF: 53463268KDomicilio: Ronda Miralr\u00edo 20, 45516 La Rinconada de Tajo, Toledo (Espa\u00f1a)Correo electr\u00f3nico: parperdrum@gmail.comTel\u00e9fono: +34 667 97\u2026","rel":"","context":"Similar post","block_context":{"text":"Similar post","link":""},"img":{"alt_text":"","src":"","width":0,"height":0},"classes":[]},{"id":1072,"url":"https:\/\/parperdrum.com\/en\/contact\/","url_meta":{"origin":3946,"position":1},"title":"Get in touch with us","author":"Nerea P\u00e9rez Ruiz","date":"14 de August de 2025","format":false,"excerpt":"\ud83e\udd41 Hola! Si has llegado hasta aqu\u00ed, seguramente tienes una duda, una idea en la cabeza\u2026o simplemente quieres hablar con alguien antes de decidirte. Y eso est\u00e1 genial.Aqu\u00ed no hay prisas, ni preguntas tontas. \ud83d\udccd \u00bfD\u00f3nde estamos? Tenemos nuestro taller en La Rinconada de Tajo (Toledo), donde fabricamos cada instrumento\u2026","rel":"","context":"Similar post","block_context":{"text":"Similar post","link":""},"img":{"alt_text":"","src":"","width":0,"height":0},"classes":[]},{"id":2118,"url":"https:\/\/parperdrum.com\/en\/reembolso_devoluciones\/","url_meta":{"origin":3946,"position":2},"title":"\ud83d\udce6 Shipping and Returns Policy","author":"Nerea P\u00e9rez Ruiz","date":"21 de August de 2025","format":false,"excerpt":"En ParPer Drum cada instrumento viaja con la misma atenci\u00f3n y cari\u00f1o con la que fue creado. Queremos que tu experiencia sea clara y justa, por eso aqu\u00ed te dejamos nuestras condiciones de env\u00edos y devoluciones: \ud83d\ude9a Env\u00edos Espa\u00f1a peninsular:El plazo de entrega es de 1 a 5 d\u00edas h\u00e1biles,\u2026","rel":"","context":"Similar post","block_context":{"text":"Similar post","link":""},"img":{"alt_text":"","src":"","width":0,"height":0},"classes":[]},{"id":3129,"url":"https:\/\/parperdrum.com\/en\/%f0%9f%93%91-terminos-y-condiciones-de-uso\/","url_meta":{"origin":3946,"position":3},"title":"\ud83d\udcd1 Terms and Conditions of Use","author":"Nerea P\u00e9rez Ruiz","date":"21 de August de 2025","format":false,"excerpt":"Bienvenido a ParPer Drum, un espacio donde cada instrumento respira arte y armon\u00eda. Antes de sumergirte en nuestro cat\u00e1logo, te contamos las normas que rigen tu visita y compra. Titularidad Este sitio web, accesible en www.parperdrum.com, es titularidad de: ParPer Drum Harmonic SoundsResponsable: Jonathan Paris RuizNIF: 53463268KDomicilio: Ronda Miralr\u00edo 20,\u2026","rel":"","context":"Similar post","block_context":{"text":"Similar post","link":""},"img":{"alt_text":"","src":"","width":0,"height":0},"classes":[]},{"id":3,"url":"https:\/\/parperdrum.com\/en\/privacy-policy\/","url_meta":{"origin":3946,"position":4},"title":"\ud83d\udd12 Privacy Policy","author":"Nerea P\u00e9rez Ruiz","date":"14 de August de 2025","format":false,"excerpt":"En ParPer Drum \u2013 Harmonic Sounds creemos que tus datos son tan importantes como la afinaci\u00f3n de un buen tambor: hay que cuidarlos con precisi\u00f3n y respeto. Esta pol\u00edtica explica c\u00f3mo recopilamos, usamos y protegemos tu informaci\u00f3n cuando interact\u00faas con nuestra web. Responsable del tratamiento: ParPer Drum Harmonic SoundsJonathan Paris\u2026","rel":"","context":"Similar post","block_context":{"text":"Similar post","link":""},"img":{"alt_text":"","src":"","width":0,"height":0},"classes":[]},{"id":1070,"url":"https:\/\/parperdrum.com\/en\/about-us\/","url_meta":{"origin":3946,"position":5},"title":"Our History","author":"Nerea P\u00e9rez Ruiz","date":"14 de August de 2025","format":false,"excerpt":"Qui\u00e9nes somos y c\u00f3mo nace ParPer Drum \u00a1Hola! Somos Jonathan PARis y Nerea PERez, artesanos autodidactas y el coraz\u00f3n de ParPer Drum. No somos una gran empresa.Somos una familia comprometida y apasionada por la m\u00fasica, el arte y el trabajo hecho con las manos. Gracias por llegar hasta aqu\u00ed, porque\u2026","rel":"","context":"Similar post","block_context":{"text":"Similar post","link":""},"img":{"alt_text":"","src":"https:\/\/i0.wp.com\/parperdrum.com\/wp-content\/uploads\/2025\/10\/IMG_20250912_200336-scaled.jpg?resize=350%2C200&ssl=1","width":350,"height":200,"srcset":"https:\/\/i0.wp.com\/parperdrum.com\/wp-content\/uploads\/2025\/10\/IMG_20250912_200336-scaled.jpg?resize=350%2C200&ssl=1 1x, https:\/\/i0.wp.com\/parperdrum.com\/wp-content\/uploads\/2025\/10\/IMG_20250912_200336-scaled.jpg?resize=525%2C300&ssl=1 1.5x, https:\/\/i0.wp.com\/parperdrum.com\/wp-content\/uploads\/2025\/10\/IMG_20250912_200336-scaled.jpg?resize=700%2C400&ssl=1 2x, https:\/\/i0.wp.com\/parperdrum.com\/wp-content\/uploads\/2025\/10\/IMG_20250912_200336-scaled.jpg?resize=1050%2C600&ssl=1 3x, https:\/\/i0.wp.com\/parperdrum.com\/wp-content\/uploads\/2025\/10\/IMG_20250912_200336-scaled.jpg?resize=1400%2C800&ssl=1 4x"},"classes":[]}],"_links":{"self":[{"href":"https:\/\/parperdrum.com\/en\/wp-json\/wp\/v2\/pages\/3946","targetHints":{"allow":["GET"]}}],"collection":[{"href":"https:\/\/parperdrum.com\/en\/wp-json\/wp\/v2\/pages"}],"about":[{"href":"https:\/\/parperdrum.com\/en\/wp-json\/wp\/v2\/types\/page"}],"author":[{"embeddable":true,"href":"https:\/\/parperdrum.com\/en\/wp-json\/wp\/v2\/users\/1"}],"replies":[{"embeddable":true,"href":"https:\/\/parperdrum.com\/en\/wp-json\/wp\/v2\/comments?post=3946"}],"version-history":[{"count":1,"href":"https:\/\/parperdrum.com\/en\/wp-json\/wp\/v2\/pages\/3946\/revisions"}],"predecessor-version":[{"id":3947,"href":"https:\/\/parperdrum.com\/en\/wp-json\/wp\/v2\/pages\/3946\/revisions\/3947"}],"wp:attachment":[{"href":"https:\/\/parperdrum.com\/en\/wp-json\/wp\/v2\/media?parent=3946"}],"curies":[{"name":"wp","href":"https:\/\/api.w.org\/{rel}","templated":true}]}}