{"id":3928,"date":"2026-01-02T17:23:59","date_gmt":"2026-01-02T17:23:59","guid":{"rendered":"https:\/\/parperdrum.com\/?page_id=3928"},"modified":"2026-01-09T17:27:30","modified_gmt":"2026-01-09T17:27:30","slug":"arcturus-v2","status":"publish","type":"page","link":"https:\/\/parperdrum.com\/en\/arcturus-v2\/","title":{"rendered":"Arcturus V2"},"content":{"rendered":"<h2 class=\"wp-block-heading\">Arcturus V2 \u00b7 M\u00e1s riqueza sonora, sin complicarse<\/h2>\n\n\n\n<p class=\"translation-block\">Arcturus V2 is the natural next step from the original.\nIt maintains the clarity and ease of Arcturus V1, but adds more sonic richness and a feeling of greater body and stability when playing.<\/p>\n\n\n\n<p>It is a model designed for those who want a slightly fuller and more expressive sound, without yet entering into a complex or demanding experience. It remains very accessible, very rewarding and easy to play, but with an extra nuance that is noticeable from the very first strokes.<\/p>\n\n\n\n<p class=\"translation-block\">Arcturus V2 is balance:\nneither basic nor overwhelming.<\/p>\n\n\n\n<p>In each product sheet you will find the sound and visual customisation options available for this version.<\/p>\n\n\n<div data-block-name=\"woocommerce\/featured-category\" data-category-id=\"76\" class=\"wc-block-featured-category alignnone has-background-dim wp-block-woocommerce-featured-category\" style=\"min-height:500px;\"><div class=\"wc-block-featured-category__wrapper\"><div class=\"background-dim__overlay\" style=\"background-color: #000000\"><\/div><img decoding=\"async\" alt=\"Arcturus V2\" class=\"wc-block-featured-category__background-image\" src=\"https:\/\/parperdrum.com\/wp-content\/uploads\/2026\/01\/ChatGPT-Image-2-ene-2026-05_23_44-p.m.png\" style=\"object-fit: none;object-position: 50% 50%;\" \/><div class=\"wc-block-featured-category__inner-blocks\">\n\n<div class=\"wp-block-buttons is-content-justification-center is-layout-flex wp-container-core-buttons-is-layout-16018d1d wp-block-buttons-is-layout-flex\">\n<div class=\"wp-block-button\"><a class=\"wp-block-button__link wp-element-button\" href=\"https:\/\/parperdrum.com\/en\/product-category\/serie-arcturus\/arcturus-v2\/\">BUY NOW<\/a><\/div>\n<\/div>\n\n<\/div><\/div><\/div>","protected":false},"excerpt":{"rendered":"<p>Arcturus V2 \u00b7 M\u00e1s riqueza sonora, sin complicarse Arcturus V2 es el siguiente paso natural desde el origen.Mantiene la claridad y la facilidad de Arcturus V1, pero a\u00f1ade m\u00e1s riqueza sonora y una sensaci\u00f3n de mayor cuerpo y estabilidad al tocar. Es un modelo pensado para quienes quieren un sonido un poco m\u00e1s lleno y [&hellip;]<\/p>","protected":false},"author":1,"featured_media":0,"parent":0,"menu_order":0,"comment_status":"closed","ping_status":"closed","template":"","meta":{"_uag_custom_page_level_css":"","_monsterinsights_skip_tracking":false,"_monsterinsights_sitenote_active":false,"_monsterinsights_sitenote_note":"","_monsterinsights_sitenote_category":0,"_uf_show_specific_survey":0,"_uf_disable_surveys":false,"footnotes":""},"class_list":["post-3928","page","type-page","status-publish","hentry"],"_hostinger_reach_plugin_has_subscription_block":false,"_hostinger_reach_plugin_is_elementor":false,"uagb_featured_image_src":{"full":false,"thumbnail":false,"medium":false,"medium_large":false,"large":false,"1536x1536":false,"2048x2048":false,"trp-custom-language-flag":false,"fashion-designer-homepage-thumb":false,"woocommerce_thumbnail":false,"woocommerce_single":false,"woocommerce_gallery_thumbnail":false},"uagb_author_info":{"display_name":"Nerea P\u00e9rez Ruiz","author_link":"https:\/\/parperdrum.com\/en\/author\/parperdrumgmail-com\/"},"uagb_comment_info":0,"uagb_excerpt":"Arcturus V2 \u00b7 M\u00e1s riqueza sonora, sin complicarse Arcturus V2 es el siguiente paso natural desde el origen.Mantiene la claridad y la facilidad de Arcturus V1, pero a\u00f1ade m\u00e1s riqueza sonora y una sensaci\u00f3n de mayor cuerpo y estabilidad al tocar. Es un modelo pensado para quienes quieren un sonido un poco m\u00e1s lleno y&hellip;","jetpack_sharing_enabled":true,"jetpack-related-posts":[{"id":3932,"url":"https:\/\/parperdrum.com\/en\/arcturus-v4\/","url_meta":{"origin":3928,"position":0},"title":"Arcturus V4","author":"Nerea P\u00e9rez Ruiz","date":"2 de January de 2026","format":false,"excerpt":"Arcturus V4 \u00b7 La misma experiencia, a lo grande Arcturus V4 es la evoluci\u00f3n del V3 llevada a un formato mayor.Mantiene la misma l\u00f3gica de afinaci\u00f3n y la misma riqueza sonora, pero con m\u00e1s di\u00e1metro, m\u00e1s aire vibrando y una presencia sonora m\u00e1s amplia en el espacio. Es un instrumento\u2026","rel":"","context":"Similar post","block_context":{"text":"Similar post","link":""},"img":{"alt_text":"","src":"","width":0,"height":0},"classes":[]},{"id":3930,"url":"https:\/\/parperdrum.com\/en\/arcturus-v3\/","url_meta":{"origin":3928,"position":1},"title":"Arcturus V3","author":"Nerea P\u00e9rez Ruiz","date":"2 de January de 2026","format":false,"excerpt":"Arcturus V3 \u00b7 La experiencia completa Arcturus V3 es el punto donde la idea original se completa.Aqu\u00ed el instrumento da un salto claro en expresividad y profundidad, ofreciendo una experiencia sonora m\u00e1s rica, m\u00e1s amplia y con mayor recorrido. Es la versi\u00f3n que m\u00e1s se acerca a la sensaci\u00f3n de\u2026","rel":"","context":"Similar post","block_context":{"text":"Similar post","link":""},"img":{"alt_text":"","src":"","width":0,"height":0},"classes":[]},{"id":3804,"url":"https:\/\/parperdrum.com\/en\/borrador-automatico\/","url_meta":{"origin":3928,"position":2},"title":"Models and Versions","author":"Nerea P\u00e9rez Ruiz","date":"30 de November de 2025","format":false,"excerpt":"Historia y Evoluci\u00f3n de las Versiones de nuestros Steel Tongue Tank Drum (Versi\u00f3n 1 a Versi\u00f3n 4) Arcturus Versi\u00f3n 1 steel tongue tank drum handpan hang drum artesano espa\u00f1aArcturus Versi\u00f3n 2 steel tongue tank drum handpan hang drum artesano espa\u00f1aArcturus V3 steel tongue tank drum handpan hang drum artesano espa\u00f1aArcturus\u2026","rel":"","context":"Similar post","block_context":{"text":"Similar post","link":""},"img":{"alt_text":"","src":"https:\/\/i0.wp.com\/parperdrum.com\/wp-content\/uploads\/2025\/10\/d6acb0b0-79d1-43ff-8e56-b0e0878b71eb.jpg?resize=350%2C200&ssl=1","width":350,"height":200,"srcset":"https:\/\/i0.wp.com\/parperdrum.com\/wp-content\/uploads\/2025\/10\/d6acb0b0-79d1-43ff-8e56-b0e0878b71eb.jpg?resize=350%2C200&ssl=1 1x, https:\/\/i0.wp.com\/parperdrum.com\/wp-content\/uploads\/2025\/10\/d6acb0b0-79d1-43ff-8e56-b0e0878b71eb.jpg?resize=525%2C300&ssl=1 1.5x, https:\/\/i0.wp.com\/parperdrum.com\/wp-content\/uploads\/2025\/10\/d6acb0b0-79d1-43ff-8e56-b0e0878b71eb.jpg?resize=700%2C400&ssl=1 2x, https:\/\/i0.wp.com\/parperdrum.com\/wp-content\/uploads\/2025\/10\/d6acb0b0-79d1-43ff-8e56-b0e0878b71eb.jpg?resize=1050%2C600&ssl=1 3x, https:\/\/i0.wp.com\/parperdrum.com\/wp-content\/uploads\/2025\/10\/d6acb0b0-79d1-43ff-8e56-b0e0878b71eb.jpg?resize=1400%2C800&ssl=1 4x"},"classes":[]},{"id":3919,"url":"https:\/\/parperdrum.com\/en\/arcturus-v1\/","url_meta":{"origin":3928,"position":3},"title":"Arcturus V1","author":"Nerea P\u00e9rez Ruiz","date":"2 de January de 2026","format":false,"excerpt":"Arcturus V1 \u00b7 El origen de todo Arcturus V1 es donde empez\u00f3 el viaje.El primer modelo con esta forma, esta idea y esta manera de entender el sonido en ParPer Drum. Un steel tongue tank drum sencillo en apariencia, pero hecho con intenci\u00f3n, cuidado y mucha escucha. Su sonido es\u2026","rel":"","context":"Similar post","block_context":{"text":"Similar post","link":""},"img":{"alt_text":"","src":"","width":0,"height":0},"classes":[]},{"id":3958,"url":"https:\/\/parperdrum.com\/en\/el-arte-del-sonido\/","url_meta":{"origin":3928,"position":4},"title":"The Art of Sound","author":"Nerea P\u00e9rez Ruiz","date":"7 de January de 2026","format":false,"excerpt":"En ParPer Drum entendemos el sonido como una experiencia viva.No se trata solo de notas o afinaciones, sino de c\u00f3mo vibra el instrumento, c\u00f3mo responde al tacto y qu\u00e9 sensaci\u00f3n deja en quien lo toca. Un buen instrumento no solo suena: se siente.En las manos, en el pecho, en el\u2026","rel":"","context":"Similar post","block_context":{"text":"Similar post","link":""},"img":{"alt_text":"","src":"","width":0,"height":0},"classes":[]},{"id":1067,"url":"https:\/\/parperdrum.com\/en\/","url_meta":{"origin":3928,"position":5},"title":"ParPer Drum &#8211; Harmonic Sounds","author":"Nerea P\u00e9rez Ruiz","date":"14 de August de 2025","format":false,"excerpt":"Steel Tongue Tank Drums artesanales fabricados en Espa\u00f1aPersonalizaci\u00f3n sonora y visual \u00b7 Una nueva forma de vivir el sonido Pioneros en el desarrollo de un nuevo instrumento musicalSonido, investigaci\u00f3n y personalizaci\u00f3n \u00b7 Hechos a mano en Espa\u00f1a \ud83c\udf1f Bienvenid@ a ParPer Drum \ud83c\udf1fGracias por llegar a ParPer Drum \ud83d\ude4cSomos un\u2026","rel":"","context":"Similar post","block_context":{"text":"Similar post","link":""},"img":{"alt_text":"","src":"https:\/\/i0.wp.com\/parperdrum.com\/wp-content\/uploads\/2026\/01\/Cartel-Especial-San-Valentin-Tipografico-Rojo-y-Rosado.png?resize=350%2C200&ssl=1","width":350,"height":200,"srcset":"https:\/\/i0.wp.com\/parperdrum.com\/wp-content\/uploads\/2026\/01\/Cartel-Especial-San-Valentin-Tipografico-Rojo-y-Rosado.png?resize=350%2C200&ssl=1 1x, https:\/\/i0.wp.com\/parperdrum.com\/wp-content\/uploads\/2026\/01\/Cartel-Especial-San-Valentin-Tipografico-Rojo-y-Rosado.png?resize=525%2C300&ssl=1 1.5x, https:\/\/i0.wp.com\/parperdrum.com\/wp-content\/uploads\/2026\/01\/Cartel-Especial-San-Valentin-Tipografico-Rojo-y-Rosado.png?resize=700%2C400&ssl=1 2x, https:\/\/i0.wp.com\/parperdrum.com\/wp-content\/uploads\/2026\/01\/Cartel-Especial-San-Valentin-Tipografico-Rojo-y-Rosado.png?resize=1050%2C600&ssl=1 3x, https:\/\/i0.wp.com\/parperdrum.com\/wp-content\/uploads\/2026\/01\/Cartel-Especial-San-Valentin-Tipografico-Rojo-y-Rosado.png?resize=1400%2C800&ssl=1 4x"},"classes":[]}],"_links":{"self":[{"href":"https:\/\/parperdrum.com\/en\/wp-json\/wp\/v2\/pages\/3928","targetHints":{"allow":["GET"]}}],"collection":[{"href":"https:\/\/parperdrum.com\/en\/wp-json\/wp\/v2\/pages"}],"about":[{"href":"https:\/\/parperdrum.com\/en\/wp-json\/wp\/v2\/types\/page"}],"author":[{"embeddable":true,"href":"https:\/\/parperdrum.com\/en\/wp-json\/wp\/v2\/users\/1"}],"replies":[{"embeddable":true,"href":"https:\/\/parperdrum.com\/en\/wp-json\/wp\/v2\/comments?post=3928"}],"version-history":[{"count":2,"href":"https:\/\/parperdrum.com\/en\/wp-json\/wp\/v2\/pages\/3928\/revisions"}],"predecessor-version":[{"id":4020,"href":"https:\/\/parperdrum.com\/en\/wp-json\/wp\/v2\/pages\/3928\/revisions\/4020"}],"wp:attachment":[{"href":"https:\/\/parperdrum.com\/en\/wp-json\/wp\/v2\/media?parent=3928"}],"curies":[{"name":"wp","href":"https:\/\/api.w.org\/{rel}","templated":true}]}}