{"id":3283,"date":"2025-09-17T15:43:51","date_gmt":"2025-09-17T15:43:51","guid":{"rendered":"https:\/\/parperdrum.com\/membership-login\/"},"modified":"2025-09-17T15:43:51","modified_gmt":"2025-09-17T15:43:51","slug":"membership-login","status":"publish","type":"page","link":"https:\/\/parperdrum.com\/en\/membership-login\/","title":{"rendered":"Acceso de miembro"},"content":{"rendered":"<div class=\"swpm-login-widget-form\">\n    <form id=\"swpm-login-form\" name=\"swpm-login-form\" method=\"post\" action=\"\" data-trp-original-action=\"\">\n        <input type=\"hidden\" name=\"swpm_login_origination_flag\" value=\"1\" \/>\n        <div class=\"swpm-login-form-inner\">\n            <div class=\"swpm-username-label\">\n                <label for=\"swpm_user_name\" class=\"swpm-label\">Username or Email<\/label>\n            <\/div>\n            <div class=\"swpm-username-input\">\n                <input type=\"text\" class=\"swpm-text-field swpm-username-field\" id=\"swpm_user_name\" value=\"\" size=\"25\" name=\"swpm_user_name\" \/>\n            <\/div>\n            <div class=\"swpm-password-label\">\n                <label for=\"swpm_password\" class=\"swpm-label\">Password<\/label>\n            <\/div>\n            <div class=\"swpm-password-input\">                \n                <input type=\"password\" class=\"swpm-text-field swpm-password-field\" id=\"swpm_password\" value=\"\" size=\"25\" name=\"swpm_password\" \/>                \n            <\/div>\n                            <div class=\"swpm-password-input-visibility\">                                        \n                    <span class=\"swpm-password-toggle-checkbox\"><input type=\"checkbox\" name=\"swpm-password-toggle-checkbox\" id=\"swpm-password-toggle-checkbox\" data-state=\"password-hidden\" > <\/span>\n                    <label for=\"swpm-password-toggle-checkbox\" class=\"swpm-password-toggle-checkbox-label\">\n                        <span class=\"swpm-password-toggle-label\"> Show password<\/span>\n                    <\/label>\n                <\/div>\n                        <div class=\"swpm-remember-me\">\n                <span class=\"swpm-remember-checkbox\"><input type=\"checkbox\" name=\"rememberme\" id=\"swpm-rememberme\"><\/span>\n                <label for=\"swpm-rememberme\" class=\"swpm-rememberme-label\">\n                    <span class=\"swpm-rember-label\"> Remember Me<\/span>\n                <\/label>\n            <\/div>\n\n            <div class=\"swpm-before-login-submit-section\"><\/div>\n\n            <div class=\"swpm-login-submit\">\n                <input type=\"submit\" class=\"swpm-login-form-submit swpm-submit-btn-default-style\" name=\"swpm-login\" value=\"Log In\"\/>\n            <\/div>\n            <div class=\"swpm-forgot-pass-link\">\n                <a id=\"forgot_pass\" class=\"swpm-login-form-pw-reset-link\"  href=\"https:\/\/parperdrum.com\/en\/membership-login\/password-reset\/\">Forgot Password?<\/a>\n            <\/div>\n                        <div class=\"swpm-join-us-link\">\n                <a id=\"register\" class=\"swpm-login-form-register-link\" href=\"https:\/\/parperdrum.com\/en\/membership-join\/\">Join Us<\/a>\n            <\/div>\n                        <div class=\"swpm-login-action-msg\">\n                <span class=\"swpm-login-widget-action-msg\"><\/span>\n            <\/div>\n        <\/div>\n    <input type=\"hidden\" name=\"trp-form-language\" value=\"en\"\/><\/form>\n\n    <\/div>","protected":false},"excerpt":{"rendered":"","protected":false},"author":1,"featured_media":0,"parent":0,"menu_order":0,"comment_status":"closed","ping_status":"closed","template":"","meta":{"_uag_custom_page_level_css":"","_monsterinsights_skip_tracking":false,"_monsterinsights_sitenote_active":false,"_monsterinsights_sitenote_note":"","_monsterinsights_sitenote_category":0,"_uf_show_specific_survey":0,"_uf_disable_surveys":false,"footnotes":""},"class_list":["post-3283","page","type-page","status-publish","hentry"],"_hostinger_reach_plugin_has_subscription_block":false,"_hostinger_reach_plugin_is_elementor":false,"uagb_featured_image_src":{"full":false,"thumbnail":false,"medium":false,"medium_large":false,"large":false,"1536x1536":false,"2048x2048":false,"trp-custom-language-flag":false,"fashion-designer-homepage-thumb":false,"woocommerce_thumbnail":false,"woocommerce_single":false,"woocommerce_gallery_thumbnail":false},"uagb_author_info":{"display_name":"Nerea P\u00e9rez Ruiz","author_link":"https:\/\/parperdrum.com\/en\/author\/parperdrumgmail-com\/"},"uagb_comment_info":0,"uagb_excerpt":null,"jetpack_sharing_enabled":true,"jetpack-related-posts":[{"id":3928,"url":"https:\/\/parperdrum.com\/en\/arcturus-v2\/","url_meta":{"origin":3283,"position":0},"title":"Arcturus V2","author":"Nerea P\u00e9rez Ruiz","date":"2 de January de 2026","format":false,"excerpt":"Arcturus V2 \u00b7 M\u00e1s riqueza sonora, sin complicarse Arcturus V2 es el siguiente paso natural desde el origen.Mantiene la claridad y la facilidad de Arcturus V1, pero a\u00f1ade m\u00e1s riqueza sonora y una sensaci\u00f3n de mayor cuerpo y estabilidad al tocar. Es un modelo pensado para quienes quieren un sonido\u2026","rel":"","context":"Similar post","block_context":{"text":"Similar post","link":""},"img":{"alt_text":"","src":"","width":0,"height":0},"classes":[]},{"id":3127,"url":"https:\/\/parperdrum.com\/en\/%e2%9a%96%ef%b8%8f-aviso-legal\/","url_meta":{"origin":3283,"position":1},"title":"\u2696\ufe0f Legal Notice","author":"Nerea P\u00e9rez Ruiz","date":"21 de August de 2025","format":false,"excerpt":"En cumplimiento de la Ley 34\/2002 de Servicios de la Sociedad de la Informaci\u00f3n y Comercio Electr\u00f3nico (LSSI-CE), se informa lo siguiente: Titular del sitio web ParPer Drum Harmonic Sounds Responsable: Jonathan Paris RuizNIF: 53463268KDomicilio: Ronda Miralr\u00edo 20, 45516 La Rinconada de Tajo, Toledo (Espa\u00f1a)Correo electr\u00f3nico: parperdrum@gmail.comTel\u00e9fono: +34 667 97\u2026","rel":"","context":"Similar post","block_context":{"text":"Similar post","link":""},"img":{"alt_text":"","src":"","width":0,"height":0},"classes":[]},{"id":3129,"url":"https:\/\/parperdrum.com\/en\/%f0%9f%93%91-terminos-y-condiciones-de-uso\/","url_meta":{"origin":3283,"position":2},"title":"\ud83d\udcd1 Terms and Conditions of Use","author":"Nerea P\u00e9rez Ruiz","date":"21 de August de 2025","format":false,"excerpt":"Bienvenido a ParPer Drum, un espacio donde cada instrumento respira arte y armon\u00eda. Antes de sumergirte en nuestro cat\u00e1logo, te contamos las normas que rigen tu visita y compra. Titularidad Este sitio web, accesible en www.parperdrum.com, es titularidad de: ParPer Drum Harmonic SoundsResponsable: Jonathan Paris RuizNIF: 53463268KDomicilio: Ronda Miralr\u00edo 20,\u2026","rel":"","context":"Similar post","block_context":{"text":"Similar post","link":""},"img":{"alt_text":"","src":"","width":0,"height":0},"classes":[]},{"id":3958,"url":"https:\/\/parperdrum.com\/en\/el-arte-del-sonido\/","url_meta":{"origin":3283,"position":3},"title":"The Art of Sound","author":"Nerea P\u00e9rez Ruiz","date":"7 de January de 2026","format":false,"excerpt":"En ParPer Drum entendemos el sonido como una experiencia viva.No se trata solo de notas o afinaciones, sino de c\u00f3mo vibra el instrumento, c\u00f3mo responde al tacto y qu\u00e9 sensaci\u00f3n deja en quien lo toca. Un buen instrumento no solo suena: se siente.En las manos, en el pecho, en el\u2026","rel":"","context":"Similar post","block_context":{"text":"Similar post","link":""},"img":{"alt_text":"","src":"","width":0,"height":0},"classes":[]},{"id":1070,"url":"https:\/\/parperdrum.com\/en\/about-us\/","url_meta":{"origin":3283,"position":4},"title":"Our History","author":"Nerea P\u00e9rez Ruiz","date":"14 de August de 2025","format":false,"excerpt":"Qui\u00e9nes somos y c\u00f3mo nace ParPer Drum \u00a1Hola! Somos Jonathan PARis y Nerea PERez, artesanos autodidactas y el coraz\u00f3n de ParPer Drum. No somos una gran empresa.Somos una familia comprometida y apasionada por la m\u00fasica, el arte y el trabajo hecho con las manos. Gracias por llegar hasta aqu\u00ed, porque\u2026","rel":"","context":"Similar post","block_context":{"text":"Similar post","link":""},"img":{"alt_text":"","src":"https:\/\/i0.wp.com\/parperdrum.com\/wp-content\/uploads\/2025\/10\/IMG_20250912_200336-scaled.jpg?resize=350%2C200&ssl=1","width":350,"height":200,"srcset":"https:\/\/i0.wp.com\/parperdrum.com\/wp-content\/uploads\/2025\/10\/IMG_20250912_200336-scaled.jpg?resize=350%2C200&ssl=1 1x, https:\/\/i0.wp.com\/parperdrum.com\/wp-content\/uploads\/2025\/10\/IMG_20250912_200336-scaled.jpg?resize=525%2C300&ssl=1 1.5x, https:\/\/i0.wp.com\/parperdrum.com\/wp-content\/uploads\/2025\/10\/IMG_20250912_200336-scaled.jpg?resize=700%2C400&ssl=1 2x, https:\/\/i0.wp.com\/parperdrum.com\/wp-content\/uploads\/2025\/10\/IMG_20250912_200336-scaled.jpg?resize=1050%2C600&ssl=1 3x, https:\/\/i0.wp.com\/parperdrum.com\/wp-content\/uploads\/2025\/10\/IMG_20250912_200336-scaled.jpg?resize=1400%2C800&ssl=1 4x"},"classes":[]},{"id":2487,"url":"https:\/\/parperdrum.com\/en\/escalas-musicales\/","url_meta":{"origin":3283,"position":5},"title":"Musical scales","author":"Nerea P\u00e9rez Ruiz","date":"17 de August de 2025","format":false,"excerpt":"C\u00f3mo suenan y qu\u00e9 sensaci\u00f3n transmite cada una En esta p\u00e1gina puedes ver y escuchar las escalas musicales con las que trabajamos habitualmente en ParPer Drum.Cada escala incluye un v\u00eddeo de referencia y sus variantes seg\u00fan la nota dominante (ding), para que puedas orientarte aunque no tengas conocimientos de teor\u00eda\u2026","rel":"","context":"Similar post","block_context":{"text":"Similar post","link":""},"img":{"alt_text":"","src":"https:\/\/i0.wp.com\/img.youtube.com\/vi\/Tf4tE4atX7Q\/0.jpg?resize=350%2C200","width":350,"height":200},"classes":[]}],"_links":{"self":[{"href":"https:\/\/parperdrum.com\/en\/wp-json\/wp\/v2\/pages\/3283","targetHints":{"allow":["GET"]}}],"collection":[{"href":"https:\/\/parperdrum.com\/en\/wp-json\/wp\/v2\/pages"}],"about":[{"href":"https:\/\/parperdrum.com\/en\/wp-json\/wp\/v2\/types\/page"}],"author":[{"embeddable":true,"href":"https:\/\/parperdrum.com\/en\/wp-json\/wp\/v2\/users\/1"}],"replies":[{"embeddable":true,"href":"https:\/\/parperdrum.com\/en\/wp-json\/wp\/v2\/comments?post=3283"}],"version-history":[{"count":0,"href":"https:\/\/parperdrum.com\/en\/wp-json\/wp\/v2\/pages\/3283\/revisions"}],"wp:attachment":[{"href":"https:\/\/parperdrum.com\/en\/wp-json\/wp\/v2\/media?parent=3283"}],"curies":[{"name":"wp","href":"https:\/\/api.w.org\/{rel}","templated":true}]}}