{"id":3282,"date":"2025-09-17T15:43:51","date_gmt":"2025-09-17T15:43:51","guid":{"rendered":"https:\/\/parperdrum.com\/membership-join\/membership-registration\/"},"modified":"2025-09-17T15:43:51","modified_gmt":"2025-09-17T15:43:51","slug":"membership-registration","status":"publish","type":"page","link":"https:\/\/parperdrum.com\/en\/membership-join\/membership-registration\/","title":{"rendered":"Registro"},"content":{"rendered":"<p>Free membership is disabled on this site. Please make a payment from the <a href=\"https:\/\/parperdrum.com\/en\/membership-join\/\">Join Us<\/a> page to pay for a premium membership.<\/p><p>You will receive a unique link via email after the payment. You will be able to use that link to complete the premium membership registration.<\/p>","protected":false},"excerpt":{"rendered":"","protected":false},"author":1,"featured_media":0,"parent":3281,"menu_order":0,"comment_status":"closed","ping_status":"closed","template":"","meta":{"_uag_custom_page_level_css":"","_monsterinsights_skip_tracking":false,"_monsterinsights_sitenote_active":false,"_monsterinsights_sitenote_note":"","_monsterinsights_sitenote_category":0,"_uf_show_specific_survey":0,"_uf_disable_surveys":false,"footnotes":""},"class_list":["post-3282","page","type-page","status-publish","hentry"],"_hostinger_reach_plugin_has_subscription_block":false,"_hostinger_reach_plugin_is_elementor":false,"uagb_featured_image_src":{"full":false,"thumbnail":false,"medium":false,"medium_large":false,"large":false,"1536x1536":false,"2048x2048":false,"trp-custom-language-flag":false,"fashion-designer-homepage-thumb":false,"woocommerce_thumbnail":false,"woocommerce_single":false,"woocommerce_gallery_thumbnail":false},"uagb_author_info":{"display_name":"Nerea P\u00e9rez Ruiz","author_link":"https:\/\/parperdrum.com\/en\/author\/parperdrumgmail-com\/"},"uagb_comment_info":0,"uagb_excerpt":null,"jetpack_sharing_enabled":true,"jetpack-related-posts":[{"id":3129,"url":"https:\/\/parperdrum.com\/en\/%f0%9f%93%91-terminos-y-condiciones-de-uso\/","url_meta":{"origin":3282,"position":0},"title":"\ud83d\udcd1 Terms and Conditions of Use","author":"Nerea P\u00e9rez Ruiz","date":"21 de August de 2025","format":false,"excerpt":"Bienvenido a ParPer Drum, un espacio donde cada instrumento respira arte y armon\u00eda. Antes de sumergirte en nuestro cat\u00e1logo, te contamos las normas que rigen tu visita y compra. Titularidad Este sitio web, accesible en www.parperdrum.com, es titularidad de: ParPer Drum Harmonic SoundsResponsable: Jonathan Paris RuizNIF: 53463268KDomicilio: Ronda Miralr\u00edo 20,\u2026","rel":"","context":"Similar post","block_context":{"text":"Similar post","link":""},"img":{"alt_text":"","src":"","width":0,"height":0},"classes":[]},{"id":3804,"url":"https:\/\/parperdrum.com\/en\/borrador-automatico\/","url_meta":{"origin":3282,"position":1},"title":"Models and Versions","author":"Nerea P\u00e9rez Ruiz","date":"30 de November de 2025","format":false,"excerpt":"Historia y Evoluci\u00f3n de las Versiones de nuestros Steel Tongue Tank Drum (Versi\u00f3n 1 a Versi\u00f3n 4) Arcturus Versi\u00f3n 1 steel tongue tank drum handpan hang drum artesano espa\u00f1aArcturus Versi\u00f3n 2 steel tongue tank drum handpan hang drum artesano espa\u00f1aArcturus V3 steel tongue tank drum handpan hang drum artesano espa\u00f1aArcturus\u2026","rel":"","context":"Similar post","block_context":{"text":"Similar post","link":""},"img":{"alt_text":"","src":"https:\/\/i0.wp.com\/parperdrum.com\/wp-content\/uploads\/2025\/10\/d6acb0b0-79d1-43ff-8e56-b0e0878b71eb.jpg?resize=350%2C200&ssl=1","width":350,"height":200,"srcset":"https:\/\/i0.wp.com\/parperdrum.com\/wp-content\/uploads\/2025\/10\/d6acb0b0-79d1-43ff-8e56-b0e0878b71eb.jpg?resize=350%2C200&ssl=1 1x, https:\/\/i0.wp.com\/parperdrum.com\/wp-content\/uploads\/2025\/10\/d6acb0b0-79d1-43ff-8e56-b0e0878b71eb.jpg?resize=525%2C300&ssl=1 1.5x, https:\/\/i0.wp.com\/parperdrum.com\/wp-content\/uploads\/2025\/10\/d6acb0b0-79d1-43ff-8e56-b0e0878b71eb.jpg?resize=700%2C400&ssl=1 2x, https:\/\/i0.wp.com\/parperdrum.com\/wp-content\/uploads\/2025\/10\/d6acb0b0-79d1-43ff-8e56-b0e0878b71eb.jpg?resize=1050%2C600&ssl=1 3x, https:\/\/i0.wp.com\/parperdrum.com\/wp-content\/uploads\/2025\/10\/d6acb0b0-79d1-43ff-8e56-b0e0878b71eb.jpg?resize=1400%2C800&ssl=1 4x"},"classes":[]},{"id":1070,"url":"https:\/\/parperdrum.com\/en\/about-us\/","url_meta":{"origin":3282,"position":2},"title":"Our History","author":"Nerea P\u00e9rez Ruiz","date":"14 de August de 2025","format":false,"excerpt":"Qui\u00e9nes somos y c\u00f3mo nace ParPer Drum \u00a1Hola! Somos Jonathan PARis y Nerea PERez, artesanos autodidactas y el coraz\u00f3n de ParPer Drum. No somos una gran empresa.Somos una familia comprometida y apasionada por la m\u00fasica, el arte y el trabajo hecho con las manos. Gracias por llegar hasta aqu\u00ed, porque\u2026","rel":"","context":"Similar post","block_context":{"text":"Similar post","link":""},"img":{"alt_text":"","src":"https:\/\/i0.wp.com\/parperdrum.com\/wp-content\/uploads\/2025\/10\/IMG_20250912_200336-scaled.jpg?resize=350%2C200&ssl=1","width":350,"height":200,"srcset":"https:\/\/i0.wp.com\/parperdrum.com\/wp-content\/uploads\/2025\/10\/IMG_20250912_200336-scaled.jpg?resize=350%2C200&ssl=1 1x, https:\/\/i0.wp.com\/parperdrum.com\/wp-content\/uploads\/2025\/10\/IMG_20250912_200336-scaled.jpg?resize=525%2C300&ssl=1 1.5x, https:\/\/i0.wp.com\/parperdrum.com\/wp-content\/uploads\/2025\/10\/IMG_20250912_200336-scaled.jpg?resize=700%2C400&ssl=1 2x, https:\/\/i0.wp.com\/parperdrum.com\/wp-content\/uploads\/2025\/10\/IMG_20250912_200336-scaled.jpg?resize=1050%2C600&ssl=1 3x, https:\/\/i0.wp.com\/parperdrum.com\/wp-content\/uploads\/2025\/10\/IMG_20250912_200336-scaled.jpg?resize=1400%2C800&ssl=1 4x"},"classes":[]},{"id":3,"url":"https:\/\/parperdrum.com\/en\/privacy-policy\/","url_meta":{"origin":3282,"position":3},"title":"\ud83d\udd12 Privacy Policy","author":"Nerea P\u00e9rez Ruiz","date":"14 de August de 2025","format":false,"excerpt":"En ParPer Drum \u2013 Harmonic Sounds creemos que tus datos son tan importantes como la afinaci\u00f3n de un buen tambor: hay que cuidarlos con precisi\u00f3n y respeto. Esta pol\u00edtica explica c\u00f3mo recopilamos, usamos y protegemos tu informaci\u00f3n cuando interact\u00faas con nuestra web. Responsable del tratamiento: ParPer Drum Harmonic SoundsJonathan Paris\u2026","rel":"","context":"Similar post","block_context":{"text":"Similar post","link":""},"img":{"alt_text":"","src":"","width":0,"height":0},"classes":[]}],"_links":{"self":[{"href":"https:\/\/parperdrum.com\/en\/wp-json\/wp\/v2\/pages\/3282","targetHints":{"allow":["GET"]}}],"collection":[{"href":"https:\/\/parperdrum.com\/en\/wp-json\/wp\/v2\/pages"}],"about":[{"href":"https:\/\/parperdrum.com\/en\/wp-json\/wp\/v2\/types\/page"}],"author":[{"embeddable":true,"href":"https:\/\/parperdrum.com\/en\/wp-json\/wp\/v2\/users\/1"}],"replies":[{"embeddable":true,"href":"https:\/\/parperdrum.com\/en\/wp-json\/wp\/v2\/comments?post=3282"}],"version-history":[{"count":0,"href":"https:\/\/parperdrum.com\/en\/wp-json\/wp\/v2\/pages\/3282\/revisions"}],"up":[{"embeddable":true,"href":"https:\/\/parperdrum.com\/en\/wp-json\/wp\/v2\/pages\/3281"}],"wp:attachment":[{"href":"https:\/\/parperdrum.com\/en\/wp-json\/wp\/v2\/media?parent=3282"}],"curies":[{"name":"wp","href":"https:\/\/api.w.org\/{rel}","templated":true}]}}