{"id":3279,"date":"2025-09-17T15:33:29","date_gmt":"2025-09-17T15:33:29","guid":{"rendered":"https:\/\/parperdrum.com\/user-2\/"},"modified":"2025-09-17T15:33:29","modified_gmt":"2025-09-17T15:33:29","slug":"user-2","status":"publish","type":"page","link":"https:\/\/parperdrum.com\/en\/user-2\/","title":{"rendered":"Usuario"},"content":{"rendered":"<p>[ultimatemember form_id=&#8221;3276&#8243;]<\/p>","protected":false},"excerpt":{"rendered":"<p>[ultimatemember form_id=&#8221;3276&#8243;]<\/p>","protected":false},"author":1,"featured_media":0,"parent":0,"menu_order":0,"comment_status":"closed","ping_status":"closed","template":"","meta":{"_uag_custom_page_level_css":"","_monsterinsights_skip_tracking":false,"_monsterinsights_sitenote_active":false,"_monsterinsights_sitenote_note":"","_monsterinsights_sitenote_category":0,"_uf_show_specific_survey":0,"_uf_disable_surveys":false,"footnotes":""},"class_list":["post-3279","page","type-page","status-publish","hentry"],"_hostinger_reach_plugin_has_subscription_block":false,"_hostinger_reach_plugin_is_elementor":false,"uagb_featured_image_src":{"full":false,"thumbnail":false,"medium":false,"medium_large":false,"large":false,"1536x1536":false,"2048x2048":false,"trp-custom-language-flag":false,"fashion-designer-homepage-thumb":false,"woocommerce_thumbnail":false,"woocommerce_single":false,"woocommerce_gallery_thumbnail":false},"uagb_author_info":{"display_name":"Nerea P\u00e9rez Ruiz","author_link":"https:\/\/parperdrum.com\/en\/author\/parperdrumgmail-com\/"},"uagb_comment_info":0,"uagb_excerpt":"[ultimatemember form_id=&#8221;3276&#8243;]","jetpack_sharing_enabled":true,"jetpack-related-posts":[{"id":3278,"url":"https:\/\/parperdrum.com\/en\/user\/","url_meta":{"origin":3279,"position":0},"title":"Usuario","author":"Nerea P\u00e9rez Ruiz","date":"17 de September de 2025","format":false,"excerpt":"[ultimatemember form_id=\"3276\"]","rel":"","context":"Similar post","block_context":{"text":"Similar post","link":""},"img":{"alt_text":"","src":"","width":0,"height":0},"classes":[]},{"id":3280,"url":"https:\/\/parperdrum.com\/en\/user-3\/","url_meta":{"origin":3279,"position":1},"title":"Usuario","author":"Nerea P\u00e9rez Ruiz","date":"17 de September de 2025","format":false,"excerpt":"[ultimatemember form_id=\"3276\"]","rel":"","context":"Similar post","block_context":{"text":"Similar post","link":""},"img":{"alt_text":"","src":"","width":0,"height":0},"classes":[]},{"id":3127,"url":"https:\/\/parperdrum.com\/en\/%e2%9a%96%ef%b8%8f-aviso-legal\/","url_meta":{"origin":3279,"position":2},"title":"\u2696\ufe0f Legal Notice","author":"Nerea P\u00e9rez Ruiz","date":"21 de August de 2025","format":false,"excerpt":"En cumplimiento de la Ley 34\/2002 de Servicios de la Sociedad de la Informaci\u00f3n y Comercio Electr\u00f3nico (LSSI-CE), se informa lo siguiente: Titular del sitio web ParPer Drum Harmonic Sounds Responsable: Jonathan Paris RuizNIF: 53463268KDomicilio: Ronda Miralr\u00edo 20, 45516 La Rinconada de Tajo, Toledo (Espa\u00f1a)Correo electr\u00f3nico: parperdrum@gmail.comTel\u00e9fono: +34 667 97\u2026","rel":"","context":"Similar post","block_context":{"text":"Similar post","link":""},"img":{"alt_text":"","src":"","width":0,"height":0},"classes":[]},{"id":3,"url":"https:\/\/parperdrum.com\/en\/privacy-policy\/","url_meta":{"origin":3279,"position":3},"title":"\ud83d\udd12 Privacy Policy","author":"Nerea P\u00e9rez Ruiz","date":"14 de August de 2025","format":false,"excerpt":"En ParPer Drum \u2013 Harmonic Sounds creemos que tus datos son tan importantes como la afinaci\u00f3n de un buen tambor: hay que cuidarlos con precisi\u00f3n y respeto. Esta pol\u00edtica explica c\u00f3mo recopilamos, usamos y protegemos tu informaci\u00f3n cuando interact\u00faas con nuestra web. Responsable del tratamiento: ParPer Drum Harmonic SoundsJonathan Paris\u2026","rel":"","context":"Similar post","block_context":{"text":"Similar post","link":""},"img":{"alt_text":"","src":"","width":0,"height":0},"classes":[]}],"_links":{"self":[{"href":"https:\/\/parperdrum.com\/en\/wp-json\/wp\/v2\/pages\/3279","targetHints":{"allow":["GET"]}}],"collection":[{"href":"https:\/\/parperdrum.com\/en\/wp-json\/wp\/v2\/pages"}],"about":[{"href":"https:\/\/parperdrum.com\/en\/wp-json\/wp\/v2\/types\/page"}],"author":[{"embeddable":true,"href":"https:\/\/parperdrum.com\/en\/wp-json\/wp\/v2\/users\/1"}],"replies":[{"embeddable":true,"href":"https:\/\/parperdrum.com\/en\/wp-json\/wp\/v2\/comments?post=3279"}],"version-history":[{"count":0,"href":"https:\/\/parperdrum.com\/en\/wp-json\/wp\/v2\/pages\/3279\/revisions"}],"wp:attachment":[{"href":"https:\/\/parperdrum.com\/en\/wp-json\/wp\/v2\/media?parent=3279"}],"curies":[{"name":"wp","href":"https:\/\/api.w.org\/{rel}","templated":true}]}}