{"id":3201,"date":"2025-08-23T07:37:07","date_gmt":"2025-08-23T07:37:07","guid":{"rendered":"https:\/\/parperdrum.com\/?page_id=3201"},"modified":"2025-08-23T11:28:46","modified_gmt":"2025-08-23T11:28:46","slug":"muchas-gracias-por-confiar-en-nosotros-y-sumarte-a-la-familia-parper-%e2%9d%a4%ef%b8%8f%f0%9f%94%a5","status":"publish","type":"page","link":"https:\/\/parperdrum.com\/en\/muchas-gracias-por-confiar-en-nosotros-y-sumarte-a-la-familia-parper-%e2%9d%a4%ef%b8%8f%f0%9f%94%a5\/","title":{"rendered":"Muchas Gracias por confiar en nosotros y sumarte a la familia ParPer \u2764\ufe0f\u200d\ud83d\udd25"},"content":{"rendered":"<h2 class=\"wp-block-heading\">\ud83c\udf89 \u00a1Yeah, compra confirmada!<\/h2>\n\n\n<div class=\"wp-block-post-date\"><time datetime=\"2025-08-23T07:37:07+00:00\">23 de August de 2025<\/time><\/div>\n\n\n<p>\ud83d\udce9 <strong>\u00a1Atento, percusionista del cosmos!<\/strong> \ud83e\udd41\u2728<br>La informaci\u00f3n de tu pedido ya viaja por los caminos misteriosos del email \ud83d\ude80.<br>Puede que llegue directo a tu bandeja de entrada\u2026 o que se haya escondido en la <strong>cueva secreta llamada SPAM<\/strong> \ud83d\udd75\ufe0f\u200d\u2642\ufe0f.<\/p>\n\n\n\n<p>\ud83d\udc49 As\u00ed que revisa bien, no vaya a ser que tu factura est\u00e9 de safari con los correos de \u201cherencias millonarias\u201d o \u201cpr\u00edncipes de Nigeria\u201d.<\/p>\n\n\n\n<p>Y si a\u00fan as\u00ed no aparece, no te preocupes: ponte en contacto con nosotros \ud83d\udc9b<\/p>\n\n\n\n<p>Estamos aqu\u00ed para ayudarte siempre.<\/p>\n\n\n\n<p><\/p>\n\n\n\t\t<div data-block-name=\"woocommerce\/customer-account\" data-icon-class=\"wc-block-customer-account__account-icon\"\n\t\t\tclass=\"wp-block-woocommerce-customer-account\"\n\t\t\tstyle=\"\"\n\t\t>\t\n\t\t\t<a\n\t\t\t\tclass=\"wc-block-customer-account__link\"\n\t\t\t\thref=\"https:\/\/parperdrum.com\/en\/mi-cuenta\/\"\n\t\t\t\t\t\t\t>\n\t\t\t\t<svg class=\"wc-block-customer-account__account-icon\" xmlns=\"http:\/\/www.w3.org\/2000\/svg\" viewbox=\"-5 -5 25 25\">\n\t\t\t<path fill-rule=\"evenodd\" clip-rule=\"evenodd\" d=\"M8.00009 8.34785C10.3096 8.34785 12.1819 6.47909 12.1819 4.17393C12.1819 1.86876 10.3096 0 8.00009 0C5.69055 0 3.81824 1.86876 3.81824 4.17393C3.81824 6.47909 5.69055 8.34785 8.00009 8.34785ZM0.333496 15.6522C0.333496 15.8444 0.489412 16 0.681933 16H15.3184C15.5109 16 15.6668 15.8444 15.6668 15.6522V14.9565C15.6668 12.1428 13.7821 9.73911 10.0912 9.73911H5.90931C2.21828 9.73911 0.333645 12.1428 0.333645 14.9565L0.333496 15.6522Z\" fill=\"currentColor\" \/>\n\t\t<\/svg>\t\t\t\t<span class=\"label\" data-no-translation=\"\" data-trp-gettext=\"\">Login<\/span>\t\t\t<\/a>\n\t\t<\/div>\n\t\t\n\n\n<p><\/p>\n\n\n\n<p>Mira nuestras \u00faltimas publicaciones en Instagram:<\/p>\n\n\n\t\t<div class=\"wp-block-jetpack-instagram-gallery wp-block-jetpack-instagram-gallery__grid wp-block-jetpack-instagram-gallery__grid-columns-3 is-stacked-on-mobile\" style=\"grid-gap: 10px; --latest-instagram-posts-spacing: 10px;\">\n\t\t\t\t\t<a class=\"wp-block-jetpack-instagram-gallery__grid-post\" href=\"https:\/\/www.instagram.com\/p\/DW3BBdpiiNW\/\" rel=\"noopener noreferrer nofollow\" target=\"_blank\">\n\t\t\t\t<img\n\t\t\t\t\talt=\"Musicoterapia y Sonoterapia, no es lo mismo.\"\n\t\t\t\t\tsrc=\"https:\/\/scontent-iad3-1.cdninstagram.com\/v\/t51.82787-15\/642872116_18118712389650440_371482475679867495_n.heic?stp=dst-jpg_e35_tt6&#038;_nc_cat=110&#038;ccb=7-5&#038;_nc_sid=18de74&#038;efg=eyJlZmdfdGFnIjoiQ0FST1VTRUxfSVRFTS5iZXN0X2ltYWdlX3VybGdlbi5DMyJ9&#038;_nc_ohc=WC7A8dd_Os4Q7kNvwEd5_xH&#038;_nc_oc=AdomDhFZoX4uSXoj1LR_fUzRsVjKzm9nyraxRx2HEgZVc6y7sb0plLlhc7qDpa1aTRg&#038;_nc_zt=23&#038;_nc_ht=scontent-iad3-1.cdninstagram.com&#038;edm=ANo9K5cEAAAA&#038;_nc_gid=aLDw4QPMv-d3r1jKbMHF2g&#038;_nc_tpa=Q5bMBQFo-O6KiY3Lw3SJIuokC54xzlc12a4F17IZ8PyVw2w8tnHGQEFtWGYiYE-t9uUeEOOU9TB_x5JoNg&#038;oh=00_Af2szS6pa3ukaHKxo6ySlSMR6oUocs5HH_9XIWxlEV33Nw&#038;oe=69E96F17\"\n\t\t\t\t\tloading=\"lazy\"\n\t\t\t\t\/>\n\t\t\t<\/a>\n\t\t\t\t\t<a class=\"wp-block-jetpack-instagram-gallery__grid-post\" href=\"https:\/\/www.instagram.com\/reel\/DWw9in9Cugi\/\" rel=\"noopener noreferrer nofollow\" target=\"_blank\">\n\t\t\t\t<img\n\t\t\t\t\talt=\"Un poquito del trabajo del taller\u2026 \ud83d\udd25\"\n\t\t\t\t\tsrc=\"https:\/\/scontent-iad6-1.cdninstagram.com\/v\/t51.71878-15\/658941009_2118205469021539_1245087541547949269_n.jpg?stp=dst-jpg_e35_tt6&#038;_nc_cat=102&#038;ccb=7-5&#038;_nc_sid=18de74&#038;efg=eyJlZmdfdGFnIjoiQ0xJUFMuYmVzdF9pbWFnZV91cmxnZW4uQzMifQ%3D%3D&#038;_nc_ohc=iwCGCT-Dm1EQ7kNvwFs8vam&#038;_nc_oc=AdrtQY5QWJU3g8y252QbClwMUw5YDhSG5JHNQz_TRMrDX_IXvyi8uyfosNJIqVIePjo&#038;_nc_zt=23&#038;_nc_ht=scontent-iad6-1.cdninstagram.com&#038;edm=ANo9K5cEAAAA&#038;_nc_gid=aLDw4QPMv-d3r1jKbMHF2g&#038;_nc_tpa=Q5bMBQFUh1vxUB5S3jsgioFeXiu3ERkZ1BwPBnZ6NL-gs4zzKN5OF9O7yowKa0B3n_1R-q0CRXVtnIQqfw&#038;oh=00_Af1R7Me7Snylex5yKbgESfZ0ix0jDJe_eaENfnFHi4cyag&#038;oe=69E95403\"\n\t\t\t\t\tloading=\"lazy\"\n\t\t\t\t\/>\n\t\t\t<\/a>\n\t\t\t\t\t<a class=\"wp-block-jetpack-instagram-gallery__grid-post\" href=\"https:\/\/www.instagram.com\/reel\/DWYNf8qiggh\/\" rel=\"noopener noreferrer nofollow\" target=\"_blank\">\n\t\t\t\t<img\n\t\t\t\t\talt=\"\u00a1Hola ParPerianos! \ud83d\udc4b \"\n\t\t\t\t\tsrc=\"https:\/\/scontent-iad3-2.cdninstagram.com\/v\/t51.71878-15\/655856888_1455940329272739_4422212084192034991_n.jpg?stp=dst-jpg_e35_tt6&#038;_nc_cat=103&#038;ccb=7-5&#038;_nc_sid=18de74&#038;efg=eyJlZmdfdGFnIjoiQ0xJUFMuYmVzdF9pbWFnZV91cmxnZW4uQzMifQ%3D%3D&#038;_nc_ohc=ZnjMjQaVP5EQ7kNvwFktiN6&#038;_nc_oc=Adq7jjAbuMbHWtddAyIIyRy2Cb0HM3_1tF3Ah8LtnMbrYhyCnNuUCGuweLCQf6_EAzc&#038;_nc_zt=23&#038;_nc_ht=scontent-iad3-2.cdninstagram.com&#038;edm=ANo9K5cEAAAA&#038;_nc_gid=aLDw4QPMv-d3r1jKbMHF2g&#038;_nc_tpa=Q5bMBQF02MVjRdkUrtRFTwwu2siS9pAXVrBmQhiBAQlrBUC8_Dw-krT2S_G1mNy1ES9O-oQSH30a2uolww&#038;oh=00_Af2LHV6sL2M7Fx2oiZXOidRpJGT3GI-C_-WW_e1y99KZKQ&#038;oe=69E947F1\"\n\t\t\t\t\tloading=\"lazy\"\n\t\t\t\t\/>\n\t\t\t<\/a>\n\t\t\t\t\t<a class=\"wp-block-jetpack-instagram-gallery__grid-post\" href=\"https:\/\/www.instagram.com\/reel\/DV-gy-7Co4r\/\" rel=\"noopener noreferrer nofollow\" target=\"_blank\">\n\t\t\t\t<img\n\t\t\t\t\talt=\"Un error en musicoterapia, sono terapia y en terapias de sonido, es pensar que todo sonido es para toda persona. Y esa es la primera equivocaci\u00f3n en este mundo. Cada persona somos distintos, sentimos y hemos vivido cosas diferentes. Y hay momentos que en vez de tomarse como un aprendizaje para agudizar y guiar en este mundo y en la sanaci\u00f3n, curaci\u00f3n, o meditaci\u00f3n, se toma como que hay algo mal en esa persona, y no es as\u00ed. En este video hablamos de esto, y en el pr\u00f3ximo hablaremos sobre los instrumentos musicales m\u00e1s usados, ya que tambi\u00e9n tienen su miga.\"\n\t\t\t\t\tsrc=\"https:\/\/scontent-iad6-1.cdninstagram.com\/v\/t51.82787-15\/652709519_18116301217650440_8274574126822971766_n.jpg?stp=dst-jpg_e35_tt6&#038;_nc_cat=106&#038;ccb=7-5&#038;_nc_sid=18de74&#038;efg=eyJlZmdfdGFnIjoiQ0xJUFMuYmVzdF9pbWFnZV91cmxnZW4uQzMifQ%3D%3D&#038;_nc_ohc=shhCG4L8lTkQ7kNvwFm_7gU&#038;_nc_oc=AdoU7-mxKd3Jr_76AKyytSZ5iZHM73qQtxQyKQKAvXuzmneRP_sIWBJXcmDggrlCSvU&#038;_nc_zt=23&#038;_nc_ht=scontent-iad6-1.cdninstagram.com&#038;edm=ANo9K5cEAAAA&#038;_nc_gid=aLDw4QPMv-d3r1jKbMHF2g&#038;_nc_tpa=Q5bMBQE1oVl5ShT3x5CUSpECzGLf8axwcL1tBUxqb8xDm0Xr-69JlBvl1OASgfLqzpQ7XQ76ZJTK_6OwzQ&#038;oh=00_Af2L6JDEYCC7SSsXivKc7QEm7X94u0RJMoKDJ7Hft4xVkg&#038;oe=69E9571D\"\n\t\t\t\t\tloading=\"lazy\"\n\t\t\t\t\/>\n\t\t\t<\/a>\n\t\t\t\t\t<a class=\"wp-block-jetpack-instagram-gallery__grid-post\" href=\"https:\/\/www.instagram.com\/p\/DVvF8UvClGk\/\" rel=\"noopener noreferrer nofollow\" target=\"_blank\">\n\t\t\t\t<img\n\t\t\t\t\talt=\"Las casualidades no existen.\"\n\t\t\t\t\tsrc=\"https:\/\/scontent-iad6-1.cdninstagram.com\/v\/t51.82787-15\/649681937_18115464631650440_4537967351355073729_n.heic?stp=dst-jpg_e35_tt6&#038;_nc_cat=100&#038;ccb=7-5&#038;_nc_sid=18de74&#038;efg=eyJlZmdfdGFnIjoiQ0FST1VTRUxfSVRFTS5iZXN0X2ltYWdlX3VybGdlbi5DMyJ9&#038;_nc_ohc=6e2y-RX_FtoQ7kNvwEiE705&#038;_nc_oc=AdoStMjTZH1mTFhG12p6PNUkUBlQsBTtLAxDfd30RBK6WN2WFYZI_zFeTvTroZkb_1c&#038;_nc_zt=23&#038;_nc_ht=scontent-iad6-1.cdninstagram.com&#038;edm=ANo9K5cEAAAA&#038;_nc_gid=aLDw4QPMv-d3r1jKbMHF2g&#038;_nc_tpa=Q5bMBQHbsR574jLShKyNTxdAjPcoOm3KfnSuBEi1h_VFsrhMOUBrCq26Y5VQtt5iIxsqafoSi7rg3WYgZA&#038;oh=00_Af3JwmcOV0cewhrlqbRkN0cgdI7EWVF_xLMR_taZL9T8Bg&#038;oe=69E94BFD\"\n\t\t\t\t\tloading=\"lazy\"\n\t\t\t\t\/>\n\t\t\t<\/a>\n\t\t\t\t\t<a class=\"wp-block-jetpack-instagram-gallery__grid-post\" href=\"https:\/\/www.instagram.com\/reel\/DVYCWrVin3t\/\" rel=\"noopener noreferrer nofollow\" target=\"_blank\">\n\t\t\t\t<img\n\t\t\t\t\talt=\"A veces, cuando el instrumento llega antes que la persona, no sabemos si terminar\u00e1 con decoraci\u00f3n o sin ella...\"\n\t\t\t\t\tsrc=\"https:\/\/scontent-iad6-1.cdninstagram.com\/v\/t51.82787-15\/640370397_18114573478650440_4367085408928372412_n.jpg?stp=dst-jpg_e35_tt6&#038;_nc_cat=109&#038;ccb=7-5&#038;_nc_sid=18de74&#038;efg=eyJlZmdfdGFnIjoiQ0xJUFMuYmVzdF9pbWFnZV91cmxnZW4uQzMifQ%3D%3D&#038;_nc_ohc=MRxdPoPeTw4Q7kNvwFwQLhu&#038;_nc_oc=Adp8YfwgZOGmXm8hXGkTeewpBFd3tgGxjR_d4ntyu9qjhMiBbutq5nxeEj2UgkjzWAQ&#038;_nc_zt=23&#038;_nc_ht=scontent-iad6-1.cdninstagram.com&#038;edm=ANo9K5cEAAAA&#038;_nc_gid=aLDw4QPMv-d3r1jKbMHF2g&#038;_nc_tpa=Q5bMBQG1ECgcJGxN25CVqxBvkCJMy3zRsro7CDF0Db3AT-5YSOIg81xhwkLdPDPY9rLYaUa12_dT1QUJKw&#038;oh=00_Af2QwQAYQTcHXYYQGjbMhJ6w0yITqPhi3VF8n8g_v12eEg&#038;oe=69E9579C\"\n\t\t\t\t\tloading=\"lazy\"\n\t\t\t\t\/>\n\t\t\t<\/a>\n\t\t\t\t\t<a class=\"wp-block-jetpack-instagram-gallery__grid-post\" href=\"https:\/\/www.instagram.com\/reel\/DVUS2-dinnU\/\" rel=\"noopener noreferrer nofollow\" target=\"_blank\">\n\t\t\t\t<img\n\t\t\t\t\talt=\"Hoy hablamos de como podemos saber si nuestro nervio vago est\u00e1 tranquilo o en alerta.\"\n\t\t\t\t\tsrc=\"https:\/\/scontent-iad3-1.cdninstagram.com\/v\/t51.82787-15\/639992436_18114443941650440_3133308892825275417_n.jpg?stp=dst-jpg_e35_tt6&#038;_nc_cat=110&#038;ccb=7-5&#038;_nc_sid=18de74&#038;efg=eyJlZmdfdGFnIjoiQ0xJUFMuYmVzdF9pbWFnZV91cmxnZW4uQzMifQ%3D%3D&#038;_nc_ohc=CJ9qRtHWBzoQ7kNvwFmflPy&#038;_nc_oc=AdrN08aFkNEgVaK4bGF-i_J9WtP2eF_zzgknYq0SYUNfGIRWqfh3_XgBDe-m8hdQzgE&#038;_nc_zt=23&#038;_nc_ht=scontent-iad3-1.cdninstagram.com&#038;edm=ANo9K5cEAAAA&#038;_nc_gid=aLDw4QPMv-d3r1jKbMHF2g&#038;_nc_tpa=Q5bMBQHKZZaDlIKyxsxEIwTy_TgRaeAh5T_xwnKGYJWbH3mit8aNzta57SBxjJJ46rZMRz1PcoiCaIxW6w&#038;oh=00_Af1rEKwle-wskranTuqr46T1quLmYMr9wni7coImoaAsjg&#038;oe=69E93FD2\"\n\t\t\t\t\tloading=\"lazy\"\n\t\t\t\t\/>\n\t\t\t<\/a>\n\t\t\t\t\t<a class=\"wp-block-jetpack-instagram-gallery__grid-post\" href=\"https:\/\/www.instagram.com\/reel\/DVDslZwipqY\/\" rel=\"noopener noreferrer nofollow\" target=\"_blank\">\n\t\t\t\t<img\n\t\t\t\t\talt=\"Improvisaci\u00f3n en pareja \ud83d\ude4c ayer salieron melod\u00edas muy bonitas en el directo...\"\n\t\t\t\t\tsrc=\"https:\/\/scontent-iad3-2.cdninstagram.com\/v\/t51.71878-15\/639752987_1989273694961044_1727722882143601571_n.jpg?stp=dst-jpg_e35_tt6&#038;_nc_cat=111&#038;ccb=7-5&#038;_nc_sid=18de74&#038;efg=eyJlZmdfdGFnIjoiQ0xJUFMuYmVzdF9pbWFnZV91cmxnZW4uQzMifQ%3D%3D&#038;_nc_ohc=l8CTPeP5Q0EQ7kNvwH5cwzd&#038;_nc_oc=Ado3Phj0ZbsGZpIDYASmJ6U6_WU2ZNrTxN7rH-MRBB9Hw21qHarEQo_Y7_kMKY5hduA&#038;_nc_zt=23&#038;_nc_ht=scontent-iad3-2.cdninstagram.com&#038;edm=ANo9K5cEAAAA&#038;_nc_gid=aLDw4QPMv-d3r1jKbMHF2g&#038;_nc_tpa=Q5bMBQFW6YArDjox-1fR04koXFgbrp-JZC9hpQncj5hQLXMctwF8Jpo9GsXLaEcOiT_knmQnuhmg2WEZPA&#038;oh=00_Af2NcWMmj3mtMN3gp4Eg_UHJTNeVQDxbXFqtygG6jLtBjA&#038;oe=69E946A4\"\n\t\t\t\t\tloading=\"lazy\"\n\t\t\t\t\/>\n\t\t\t<\/a>\n\t\t\t\t\t<a class=\"wp-block-jetpack-instagram-gallery__grid-post\" href=\"https:\/\/www.instagram.com\/reel\/DVCM_JeCp1g\/\" rel=\"noopener noreferrer nofollow\" target=\"_blank\">\n\t\t\t\t<img\n\t\t\t\t\talt=\"Charla Memoria Evolutiva.\"\n\t\t\t\t\tsrc=\"https:\/\/scontent-iad3-1.cdninstagram.com\/v\/t51.82787-15\/640393250_18113805571650440_7071885066855962642_n.jpg?stp=dst-jpg_e35_tt6&#038;_nc_cat=104&#038;ccb=7-5&#038;_nc_sid=18de74&#038;efg=eyJlZmdfdGFnIjoiQ0xJUFMuYmVzdF9pbWFnZV91cmxnZW4uQzMifQ%3D%3D&#038;_nc_ohc=biOYnZtHpDEQ7kNvwHPyyah&#038;_nc_oc=AdrIn9WHYxFCTj8zYOQ9XyqrSFYw6vH9igPGKG_rc6KgcCVPkYSAJIrHFKQAQWkaZMI&#038;_nc_zt=23&#038;_nc_ht=scontent-iad3-1.cdninstagram.com&#038;edm=ANo9K5cEAAAA&#038;_nc_gid=aLDw4QPMv-d3r1jKbMHF2g&#038;_nc_tpa=Q5bMBQEsKUYpPuyOyLpWPTOqqn4jrnPkLi5s3PoBiJX_668rV9wi8z2FU35iK9DmL2bLnpQKckcqGkIfOA&#038;oh=00_Af2mN7_bolb2my5I-fMp33OzoadEW7BdgSFK-pHdonAx0w&#038;oe=69E960D5\"\n\t\t\t\t\tloading=\"lazy\"\n\t\t\t\t\/>\n\t\t\t<\/a>\n\t\t\t<\/div>","protected":false},"excerpt":{"rendered":"<p>\ud83c\udf89 \u00a1Yeah, compra confirmada! \ud83d\udce9 \u00a1Atento, percusionista del cosmos! \ud83e\udd41\u2728La informaci\u00f3n de tu pedido ya viaja por los caminos misteriosos del email \ud83d\ude80.Puede que llegue directo a tu bandeja de entrada\u2026 o que se haya escondido en la cueva secreta llamada SPAM \ud83d\udd75\ufe0f\u200d\u2642\ufe0f. \ud83d\udc49 As\u00ed que revisa bien, no vaya a ser que tu factura [&hellip;]<\/p>","protected":false},"author":1,"featured_media":0,"parent":0,"menu_order":0,"comment_status":"closed","ping_status":"closed","template":"","meta":{"_uag_custom_page_level_css":"","_monsterinsights_skip_tracking":false,"_monsterinsights_sitenote_active":false,"_monsterinsights_sitenote_note":"","_monsterinsights_sitenote_category":0,"_uf_show_specific_survey":0,"_uf_disable_surveys":false,"footnotes":""},"class_list":["post-3201","page","type-page","status-publish","hentry"],"_hostinger_reach_plugin_has_subscription_block":false,"_hostinger_reach_plugin_is_elementor":false,"uagb_featured_image_src":{"full":false,"thumbnail":false,"medium":false,"medium_large":false,"large":false,"1536x1536":false,"2048x2048":false,"trp-custom-language-flag":false,"fashion-designer-homepage-thumb":false,"woocommerce_thumbnail":false,"woocommerce_single":false,"woocommerce_gallery_thumbnail":false},"uagb_author_info":{"display_name":"Nerea P\u00e9rez Ruiz","author_link":"https:\/\/parperdrum.com\/en\/author\/parperdrumgmail-com\/"},"uagb_comment_info":0,"uagb_excerpt":"\ud83c\udf89 \u00a1Yeah, compra confirmada! \ud83d\udce9 \u00a1Atento, percusionista del cosmos! \ud83e\udd41\u2728La informaci\u00f3n de tu pedido ya viaja por los caminos misteriosos del email \ud83d\ude80.Puede que llegue directo a tu bandeja de entrada\u2026 o que se haya escondido en la cueva secreta llamada SPAM \ud83d\udd75\ufe0f\u200d\u2642\ufe0f. \ud83d\udc49 As\u00ed que revisa bien, no vaya a ser que tu factura&hellip;","jetpack_sharing_enabled":true,"jetpack-related-posts":[{"id":1070,"url":"https:\/\/parperdrum.com\/en\/about-us\/","url_meta":{"origin":3201,"position":0},"title":"Our History","author":"Nerea P\u00e9rez Ruiz","date":"14 de August de 2025","format":false,"excerpt":"Qui\u00e9nes somos y c\u00f3mo nace ParPer Drum \u00a1Hola! Somos Jonathan PARis y Nerea PERez, artesanos autodidactas y el coraz\u00f3n de ParPer Drum. No somos una gran empresa.Somos una familia comprometida y apasionada por la m\u00fasica, el arte y el trabajo hecho con las manos. Gracias por llegar hasta aqu\u00ed, porque\u2026","rel":"","context":"Similar post","block_context":{"text":"Similar post","link":""},"img":{"alt_text":"","src":"https:\/\/i0.wp.com\/parperdrum.com\/wp-content\/uploads\/2025\/10\/IMG_20250912_200336-scaled.jpg?resize=350%2C200&ssl=1","width":350,"height":200,"srcset":"https:\/\/i0.wp.com\/parperdrum.com\/wp-content\/uploads\/2025\/10\/IMG_20250912_200336-scaled.jpg?resize=350%2C200&ssl=1 1x, https:\/\/i0.wp.com\/parperdrum.com\/wp-content\/uploads\/2025\/10\/IMG_20250912_200336-scaled.jpg?resize=525%2C300&ssl=1 1.5x, https:\/\/i0.wp.com\/parperdrum.com\/wp-content\/uploads\/2025\/10\/IMG_20250912_200336-scaled.jpg?resize=700%2C400&ssl=1 2x, https:\/\/i0.wp.com\/parperdrum.com\/wp-content\/uploads\/2025\/10\/IMG_20250912_200336-scaled.jpg?resize=1050%2C600&ssl=1 3x, https:\/\/i0.wp.com\/parperdrum.com\/wp-content\/uploads\/2025\/10\/IMG_20250912_200336-scaled.jpg?resize=1400%2C800&ssl=1 4x"},"classes":[]},{"id":2982,"url":"https:\/\/parperdrum.com\/en\/preguntas-frecuentes\/","url_meta":{"origin":3201,"position":1},"title":"Frequently Asked Questions \u2013 FAQ","author":"Nerea P\u00e9rez Ruiz","date":"19 de August de 2025","format":false,"excerpt":"Aqu\u00ed recogemos las dudas que m\u00e1s se repiten.No porque nos moleste responderlas, sino porque as\u00ed puedes leerlas con calma y situarte.Y si despu\u00e9s te surge otra, nos escribes y listo, que para eso estamos. \u00bfCu\u00e1l es la diferencia entre un Tank Drum y un Handpan? Aunque a veces se metan\u2026","rel":"","context":"Similar post","block_context":{"text":"Similar post","link":""},"img":{"alt_text":"","src":"","width":0,"height":0},"classes":[]},{"id":3996,"url":"https:\/\/parperdrum.com\/en\/nuestros-valores\/","url_meta":{"origin":3201,"position":2},"title":"Our Values","author":"Nerea P\u00e9rez Ruiz","date":"8 de January de 2026","format":false,"excerpt":"La manera en la que elegimos estar en el mundo y en el sonido En ParPer no entendemos los valores como una lista que se escribe una vez y se cuelga en una pared.Los entendemos como algo que se practica cada d\u00eda, cuando el taller est\u00e1 en silencio, cuando el\u2026","rel":"","context":"Similar post","block_context":{"text":"Similar post","link":""},"img":{"alt_text":"","src":"","width":0,"height":0},"classes":[]},{"id":1069,"url":"https:\/\/parperdrum.com\/en\/services\/","url_meta":{"origin":3201,"position":3},"title":"Our Services","author":"Nerea P\u00e9rez Ruiz","date":"14 de August de 2025","format":false,"excerpt":"C\u00f3mo te acompa\u00f1amos en el camino del sonido En ParPer no entendemos los servicios como algo que se contrata y se consume.Los entendemos como formas de acompa\u00f1ar, de escuchar y de dar respuesta a lo que cada persona busca cuando se acerca al sonido. Aunque lo que m\u00e1s nos apasiona\u2026","rel":"","context":"Similar post","block_context":{"text":"Similar post","link":""},"img":{"alt_text":"","src":"","width":0,"height":0},"classes":[]},{"id":2496,"url":"https:\/\/parperdrum.com\/en\/frecuencias-en-hertzios\/","url_meta":{"origin":3201,"position":4},"title":"Frequencies in Hz","author":"Nerea P\u00e9rez Ruiz","date":"17 de August de 2025","format":false,"excerpt":"Qu\u00e9 son, c\u00f3mo influyen y c\u00f3mo las trabajamos en ParPer Drum Cuando hablamos de frecuencias, hablamos de vibraci\u00f3n.De c\u00f3mo un sonido se organiza en el tiempo y de c\u00f3mo ese sonido se percibe en el cuerpo, en la escucha y en la experiencia emocional. En ParPer Drum no entendemos las\u2026","rel":"","context":"Similar post","block_context":{"text":"Similar post","link":""},"img":{"alt_text":"","src":"","width":0,"height":0},"classes":[]}],"_links":{"self":[{"href":"https:\/\/parperdrum.com\/en\/wp-json\/wp\/v2\/pages\/3201","targetHints":{"allow":["GET"]}}],"collection":[{"href":"https:\/\/parperdrum.com\/en\/wp-json\/wp\/v2\/pages"}],"about":[{"href":"https:\/\/parperdrum.com\/en\/wp-json\/wp\/v2\/types\/page"}],"author":[{"embeddable":true,"href":"https:\/\/parperdrum.com\/en\/wp-json\/wp\/v2\/users\/1"}],"replies":[{"embeddable":true,"href":"https:\/\/parperdrum.com\/en\/wp-json\/wp\/v2\/comments?post=3201"}],"version-history":[{"count":8,"href":"https:\/\/parperdrum.com\/en\/wp-json\/wp\/v2\/pages\/3201\/revisions"}],"predecessor-version":[{"id":3242,"href":"https:\/\/parperdrum.com\/en\/wp-json\/wp\/v2\/pages\/3201\/revisions\/3242"}],"wp:attachment":[{"href":"https:\/\/parperdrum.com\/en\/wp-json\/wp\/v2\/media?parent=3201"}],"curies":[{"name":"wp","href":"https:\/\/api.w.org\/{rel}","templated":true}]}}