{"id":3129,"date":"2025-08-21T09:47:24","date_gmt":"2025-08-21T09:47:24","guid":{"rendered":"https:\/\/parperdrum.com\/%f0%9f%93%91-terminos-y-condiciones-de-uso\/"},"modified":"2025-08-21T09:55:27","modified_gmt":"2025-08-21T09:55:27","slug":"%f0%9f%93%91-terminos-y-condiciones-de-uso","status":"publish","type":"page","link":"https:\/\/parperdrum.com\/en\/%f0%9f%93%91-terminos-y-condiciones-de-uso\/","title":{"rendered":"\ud83d\udcd1 Terms and Conditions of Use"},"content":{"rendered":"<p>Bienvenido a <strong>ParPer Drum<\/strong>, un espacio donde cada instrumento respira arte y armon\u00eda. Antes de sumergirte en nuestro cat\u00e1logo, te contamos las normas que rigen tu visita y compra.<\/p>\n\n\n\n<p><\/p>\n\n\n\n<div class=\"wp-block-uagb-advanced-heading uagb-block-b67e9b15\"><h2 class=\"uagb-heading-text\">Titularidad<\/h2><\/div>\n\n\n\n<p>Este sitio web, accesible en <a href=\"https:\/\/parperdrum.com\/en\/\">www.parperdrum.com<\/a>, es titularidad de:<\/p>\n\n\n\n<p><strong>ParPer Drum Harmonic Sounds<\/strong><br><strong>Responsable:<\/strong> Jonathan Paris Ruiz<br><strong>NIF:<\/strong> 53463268K<br><strong>Domicilio:<\/strong> Ronda Miralr\u00edo 20, 45516 La Rinconada de Tajo, Toledo (Espa\u00f1a)<\/p>\n\n\n\n<p><\/p>\n\n\n\n<div class=\"wp-block-uagb-advanced-heading uagb-block-5f5aeef2\"><h2 class=\"uagb-heading-text\">Objeto<\/h2><\/div>\n\n\n\n<p>A trav\u00e9s de esta web comercializamos <strong>servicios de Lutheria e instrumentos musicales artesanos y personalizados<\/strong>, cuidadosamente afinados en frecuencias y hertzios, con alma y car\u00e1cter propios.<\/p>\n\n\n\n<p><\/p>\n\n\n\n<div class=\"wp-block-uagb-advanced-heading uagb-block-a5d6dd61\"><h2 class=\"uagb-heading-text\">M\u00e9todos de pago<\/h2><\/div>\n\n\n\n<p>Aceptamos pagos mediante:<\/p>\n\n\n\n<ul class=\"wp-block-list\">\n<li>Tarjeta bancaria<\/li>\n\n\n\n<li>Bizum<\/li>\n\n\n\n<li>Transferencia bancaria<\/li>\n<\/ul>\n\n\n\n<p>Todas las transacciones se realizan en <strong>euros (\u20ac)<\/strong>.<\/p>\n\n\n\n<p><\/p>\n\n\n\n<div class=\"wp-block-uagb-advanced-heading uagb-block-2b5070eb\"><h2 class=\"uagb-heading-text\">Disponibilidad de productos<\/h2><\/div>\n\n\n\n<ul class=\"wp-block-list\">\n<li>Algunos instrumentos est\u00e1n <strong>en stock inmediato<\/strong> (en la ficha de producto no aparecen variantes y en el t\u00edtulo especifica escala y n\u00famero de tonos)<\/li>\n\n\n\n<li>Otros se fabrican <strong>bajo pedido<\/strong>, con tiempos que pueden variar seg\u00fan la personalizaci\u00f3n solicitada (en la ficha de producto, hay 4 desplegables que hacen referencia a nota dominante, escala musical, frecuencia y n\u00famro de tonos).<\/li>\n<\/ul>\n\n\n\n<p><\/p>\n\n\n\n<div class=\"wp-block-uagb-advanced-heading uagb-block-df2f57b2\"><h2 class=\"uagb-heading-text\">Garant\u00edas<\/h2><\/div>\n\n\n\n<p>Todos los productos cuentan con la <strong>garant\u00eda legal vigente en Espa\u00f1a y la Uni\u00f3n Europea<\/strong> para instrumentos musicales de 2 a\u00f1os. Cada instrumento se somete a estrictos controles de calidad por nuestro luthier, con m\u00e1s de <strong>16 a\u00f1os de experiencia<\/strong>.<\/p>\n\n\n\n<p><\/p>\n\n\n\n<div class=\"wp-block-uagb-advanced-heading uagb-block-1724b965\"><h2 class=\"uagb-heading-text\">Uso de la web<\/h2><\/div>\n\n\n\n<ul class=\"wp-block-list\">\n<li>No es necesario registrarse para comprar.<\/li>\n\n\n\n<li>La contrataci\u00f3n est\u00e1 reservada a <strong>mayores de 18 a\u00f1os<\/strong>, o menores con <strong>autorizaci\u00f3n de un tutor legal<\/strong>.<\/li>\n<\/ul>\n\n\n\n<p><\/p>\n\n\n\n<div class=\"wp-block-uagb-advanced-heading uagb-block-bb9ed3b6\"><h2 class=\"uagb-heading-text\">Responsabilidad<\/h2><\/div>\n\n\n\n<p><strong>ParPer Drum Harmonic Sounds<\/strong> no se hace responsable del uso indebido de los instrumentos adquiridos.<\/p>\n\n\n\n<ul class=\"wp-block-list\">\n<li>Todos los instrumentos son revisados antes del env\u00edo.<\/li>\n\n\n\n<li>En caso de da\u00f1os durante el transporte, se cubrir\u00e1n tras <strong>verificaci\u00f3n previa<\/strong> de los mismos.<\/li>\n<\/ul>","protected":false},"excerpt":{"rendered":"<p>Bienvenido a ParPer Drum, un espacio donde cada instrumento respira arte y armon\u00eda. Antes de sumergirte en nuestro cat\u00e1logo, te contamos las normas que rigen tu visita y compra. Titularidad Este sitio web, accesible en www.parperdrum.com, es titularidad de: ParPer Drum Harmonic SoundsResponsable: Jonathan Paris RuizNIF: 53463268KDomicilio: Ronda Miralr\u00edo 20, 45516 La Rinconada de Tajo, [&hellip;]<\/p>","protected":false},"author":1,"featured_media":0,"parent":0,"menu_order":0,"comment_status":"closed","ping_status":"closed","template":"","meta":{"_uag_custom_page_level_css":"","_monsterinsights_skip_tracking":false,"_monsterinsights_sitenote_active":false,"_monsterinsights_sitenote_note":"","_monsterinsights_sitenote_category":0,"_uf_show_specific_survey":0,"_uf_disable_surveys":false,"footnotes":""},"class_list":["post-3129","page","type-page","status-publish","hentry"],"_hostinger_reach_plugin_has_subscription_block":false,"_hostinger_reach_plugin_is_elementor":false,"uagb_featured_image_src":{"full":false,"thumbnail":false,"medium":false,"medium_large":false,"large":false,"1536x1536":false,"2048x2048":false,"trp-custom-language-flag":false,"fashion-designer-homepage-thumb":false,"woocommerce_thumbnail":false,"woocommerce_single":false,"woocommerce_gallery_thumbnail":false},"uagb_author_info":{"display_name":"Nerea P\u00e9rez Ruiz","author_link":"https:\/\/parperdrum.com\/en\/author\/parperdrumgmail-com\/"},"uagb_comment_info":0,"uagb_excerpt":"Bienvenido a ParPer Drum, un espacio donde cada instrumento respira arte y armon\u00eda. Antes de sumergirte en nuestro cat\u00e1logo, te contamos las normas que rigen tu visita y compra. Titularidad Este sitio web, accesible en www.parperdrum.com, es titularidad de: ParPer Drum Harmonic SoundsResponsable: Jonathan Paris RuizNIF: 53463268KDomicilio: Ronda Miralr\u00edo 20, 45516 La Rinconada de Tajo,&hellip;","jetpack_sharing_enabled":true,"jetpack-related-posts":[{"id":3127,"url":"https:\/\/parperdrum.com\/en\/%e2%9a%96%ef%b8%8f-aviso-legal\/","url_meta":{"origin":3129,"position":0},"title":"\u2696\ufe0f Legal Notice","author":"Nerea P\u00e9rez Ruiz","date":"21 de August de 2025","format":false,"excerpt":"En cumplimiento de la Ley 34\/2002 de Servicios de la Sociedad de la Informaci\u00f3n y Comercio Electr\u00f3nico (LSSI-CE), se informa lo siguiente: Titular del sitio web ParPer Drum Harmonic Sounds Responsable: Jonathan Paris RuizNIF: 53463268KDomicilio: Ronda Miralr\u00edo 20, 45516 La Rinconada de Tajo, Toledo (Espa\u00f1a)Correo electr\u00f3nico: parperdrum@gmail.comTel\u00e9fono: +34 667 97\u2026","rel":"","context":"Similar post","block_context":{"text":"Similar post","link":""},"img":{"alt_text":"","src":"","width":0,"height":0},"classes":[]},{"id":1070,"url":"https:\/\/parperdrum.com\/en\/about-us\/","url_meta":{"origin":3129,"position":1},"title":"Our History","author":"Nerea P\u00e9rez Ruiz","date":"14 de August de 2025","format":false,"excerpt":"Qui\u00e9nes somos y c\u00f3mo nace ParPer Drum \u00a1Hola! Somos Jonathan PARis y Nerea PERez, artesanos autodidactas y el coraz\u00f3n de ParPer Drum. No somos una gran empresa.Somos una familia comprometida y apasionada por la m\u00fasica, el arte y el trabajo hecho con las manos. Gracias por llegar hasta aqu\u00ed, porque\u2026","rel":"","context":"Similar post","block_context":{"text":"Similar post","link":""},"img":{"alt_text":"","src":"https:\/\/i0.wp.com\/parperdrum.com\/wp-content\/uploads\/2025\/10\/IMG_20250912_200336-scaled.jpg?resize=350%2C200&ssl=1","width":350,"height":200,"srcset":"https:\/\/i0.wp.com\/parperdrum.com\/wp-content\/uploads\/2025\/10\/IMG_20250912_200336-scaled.jpg?resize=350%2C200&ssl=1 1x, https:\/\/i0.wp.com\/parperdrum.com\/wp-content\/uploads\/2025\/10\/IMG_20250912_200336-scaled.jpg?resize=525%2C300&ssl=1 1.5x, https:\/\/i0.wp.com\/parperdrum.com\/wp-content\/uploads\/2025\/10\/IMG_20250912_200336-scaled.jpg?resize=700%2C400&ssl=1 2x, https:\/\/i0.wp.com\/parperdrum.com\/wp-content\/uploads\/2025\/10\/IMG_20250912_200336-scaled.jpg?resize=1050%2C600&ssl=1 3x, https:\/\/i0.wp.com\/parperdrum.com\/wp-content\/uploads\/2025\/10\/IMG_20250912_200336-scaled.jpg?resize=1400%2C800&ssl=1 4x"},"classes":[]},{"id":3972,"url":"https:\/\/parperdrum.com\/en\/%f0%9f%91%89-sonido-y-afinacion-%f0%9f%8e%b6\/","url_meta":{"origin":3129,"position":2},"title":"Sound and tuning \ud83c\udfb6","author":"Nerea P\u00e9rez Ruiz","date":"8 de January de 2026","format":false,"excerpt":"C\u00f3mo entendemos y trabajamos el sonido en ParPer Drum En ParPer Drum el sonido no es un a\u00f1adido: es el centro de todo.Por eso hemos dividido esta secci\u00f3n en tres partes, para que puedas explorar seg\u00fan lo que te interese o necesites en cada momento. \ud83c\udfb5 El Arte del Sonido\u2026","rel":"","context":"Similar post","block_context":{"text":"Similar post","link":""},"img":{"alt_text":"","src":"","width":0,"height":0},"classes":[]},{"id":3760,"url":"https:\/\/parperdrum.com\/en\/handpan-hang-drum\/","url_meta":{"origin":3129,"position":3},"title":"Handpan, Hang\u00ae Drum","author":"Nerea P\u00e9rez Ruiz","date":"15 de November de 2025","format":false,"excerpt":"Comunicado oficial En ParPer Drum creemos profundamente en el respeto a los creadores que abren caminos. El Handpan, tal y como el mundo lo conoce hoy, naci\u00f3 gracias a la visi\u00f3n y sensibilidad de PANArt, sus creadores originales.Su trabajo marc\u00f3 un antes y un despu\u00e9s en el mundo del sonido\u2026","rel":"","context":"Similar post","block_context":{"text":"Similar post","link":""},"img":{"alt_text":"","src":"","width":0,"height":0},"classes":[]},{"id":3919,"url":"https:\/\/parperdrum.com\/en\/arcturus-v1\/","url_meta":{"origin":3129,"position":4},"title":"Arcturus V1","author":"Nerea P\u00e9rez Ruiz","date":"2 de January de 2026","format":false,"excerpt":"Arcturus V1 \u00b7 El origen de todo Arcturus V1 es donde empez\u00f3 el viaje.El primer modelo con esta forma, esta idea y esta manera de entender el sonido en ParPer Drum. Un steel tongue tank drum sencillo en apariencia, pero hecho con intenci\u00f3n, cuidado y mucha escucha. Su sonido es\u2026","rel":"","context":"Similar post","block_context":{"text":"Similar post","link":""},"img":{"alt_text":"","src":"","width":0,"height":0},"classes":[]},{"id":1067,"url":"https:\/\/parperdrum.com\/en\/","url_meta":{"origin":3129,"position":5},"title":"ParPer Drum &#8211; Harmonic Sounds","author":"Nerea P\u00e9rez Ruiz","date":"14 de August de 2025","format":false,"excerpt":"Steel Tongue Tank Drums artesanales fabricados en Espa\u00f1aPersonalizaci\u00f3n sonora y visual \u00b7 Una nueva forma de vivir el sonido Pioneros en el desarrollo de un nuevo instrumento musicalSonido, investigaci\u00f3n y personalizaci\u00f3n \u00b7 Hechos a mano en Espa\u00f1a \ud83c\udf1f Bienvenid@ a ParPer Drum \ud83c\udf1fGracias por llegar a ParPer Drum \ud83d\ude4cSomos un\u2026","rel":"","context":"Similar post","block_context":{"text":"Similar post","link":""},"img":{"alt_text":"","src":"https:\/\/i0.wp.com\/parperdrum.com\/wp-content\/uploads\/2026\/01\/Cartel-Especial-San-Valentin-Tipografico-Rojo-y-Rosado.png?resize=350%2C200&ssl=1","width":350,"height":200,"srcset":"https:\/\/i0.wp.com\/parperdrum.com\/wp-content\/uploads\/2026\/01\/Cartel-Especial-San-Valentin-Tipografico-Rojo-y-Rosado.png?resize=350%2C200&ssl=1 1x, https:\/\/i0.wp.com\/parperdrum.com\/wp-content\/uploads\/2026\/01\/Cartel-Especial-San-Valentin-Tipografico-Rojo-y-Rosado.png?resize=525%2C300&ssl=1 1.5x, https:\/\/i0.wp.com\/parperdrum.com\/wp-content\/uploads\/2026\/01\/Cartel-Especial-San-Valentin-Tipografico-Rojo-y-Rosado.png?resize=700%2C400&ssl=1 2x, https:\/\/i0.wp.com\/parperdrum.com\/wp-content\/uploads\/2026\/01\/Cartel-Especial-San-Valentin-Tipografico-Rojo-y-Rosado.png?resize=1050%2C600&ssl=1 3x, https:\/\/i0.wp.com\/parperdrum.com\/wp-content\/uploads\/2026\/01\/Cartel-Especial-San-Valentin-Tipografico-Rojo-y-Rosado.png?resize=1400%2C800&ssl=1 4x"},"classes":[]}],"_links":{"self":[{"href":"https:\/\/parperdrum.com\/en\/wp-json\/wp\/v2\/pages\/3129","targetHints":{"allow":["GET"]}}],"collection":[{"href":"https:\/\/parperdrum.com\/en\/wp-json\/wp\/v2\/pages"}],"about":[{"href":"https:\/\/parperdrum.com\/en\/wp-json\/wp\/v2\/types\/page"}],"author":[{"embeddable":true,"href":"https:\/\/parperdrum.com\/en\/wp-json\/wp\/v2\/users\/1"}],"replies":[{"embeddable":true,"href":"https:\/\/parperdrum.com\/en\/wp-json\/wp\/v2\/comments?post=3129"}],"version-history":[{"count":1,"href":"https:\/\/parperdrum.com\/en\/wp-json\/wp\/v2\/pages\/3129\/revisions"}],"predecessor-version":[{"id":3131,"href":"https:\/\/parperdrum.com\/en\/wp-json\/wp\/v2\/pages\/3129\/revisions\/3131"}],"wp:attachment":[{"href":"https:\/\/parperdrum.com\/en\/wp-json\/wp\/v2\/media?parent=3129"}],"curies":[{"name":"wp","href":"https:\/\/api.w.org\/{rel}","templated":true}]}}