{"id":3107,"date":"2025-08-20T16:01:32","date_gmt":"2025-08-20T16:01:32","guid":{"rendered":"https:\/\/parperdrum.com\/?page_id=3107"},"modified":"2025-08-20T16:01:32","modified_gmt":"2025-08-20T16:01:32","slug":"wishlist","status":"publish","type":"page","link":"https:\/\/parperdrum.com\/en\/wishlist\/","title":{"rendered":"Wish list"},"content":{"rendered":"<p>[ti_wishlistsview]<\/p>","protected":false},"excerpt":{"rendered":"<p>[ti_wishlistsview]<\/p>","protected":false},"author":1,"featured_media":0,"parent":0,"menu_order":0,"comment_status":"closed","ping_status":"closed","template":"","meta":{"_uag_custom_page_level_css":"","_monsterinsights_skip_tracking":false,"_monsterinsights_sitenote_active":false,"_monsterinsights_sitenote_note":"","_monsterinsights_sitenote_category":0,"_uf_show_specific_survey":0,"_uf_disable_surveys":false,"footnotes":""},"class_list":["post-3107","page","type-page","status-publish","hentry"],"_hostinger_reach_plugin_has_subscription_block":false,"_hostinger_reach_plugin_is_elementor":false,"uagb_featured_image_src":{"full":false,"thumbnail":false,"medium":false,"medium_large":false,"large":false,"1536x1536":false,"2048x2048":false,"trp-custom-language-flag":false,"fashion-designer-homepage-thumb":false,"woocommerce_thumbnail":false,"woocommerce_single":false,"woocommerce_gallery_thumbnail":false},"uagb_author_info":{"display_name":"Nerea P\u00e9rez Ruiz","author_link":"https:\/\/parperdrum.com\/en\/author\/parperdrumgmail-com\/"},"uagb_comment_info":0,"uagb_excerpt":"[ti_wishlistsview]","jetpack_sharing_enabled":true,"jetpack-related-posts":[{"id":1070,"url":"https:\/\/parperdrum.com\/en\/about-us\/","url_meta":{"origin":3107,"position":0},"title":"Our History","author":"Nerea P\u00e9rez Ruiz","date":"14 de August de 2025","format":false,"excerpt":"Qui\u00e9nes somos y c\u00f3mo nace ParPer Drum \u00a1Hola! Somos Jonathan PARis y Nerea PERez, artesanos autodidactas y el coraz\u00f3n de ParPer Drum. No somos una gran empresa.Somos una familia comprometida y apasionada por la m\u00fasica, el arte y el trabajo hecho con las manos. Gracias por llegar hasta aqu\u00ed, porque\u2026","rel":"","context":"Similar post","block_context":{"text":"Similar post","link":""},"img":{"alt_text":"","src":"https:\/\/i0.wp.com\/parperdrum.com\/wp-content\/uploads\/2025\/10\/IMG_20250912_200336-scaled.jpg?resize=350%2C200&ssl=1","width":350,"height":200,"srcset":"https:\/\/i0.wp.com\/parperdrum.com\/wp-content\/uploads\/2025\/10\/IMG_20250912_200336-scaled.jpg?resize=350%2C200&ssl=1 1x, https:\/\/i0.wp.com\/parperdrum.com\/wp-content\/uploads\/2025\/10\/IMG_20250912_200336-scaled.jpg?resize=525%2C300&ssl=1 1.5x, https:\/\/i0.wp.com\/parperdrum.com\/wp-content\/uploads\/2025\/10\/IMG_20250912_200336-scaled.jpg?resize=700%2C400&ssl=1 2x, https:\/\/i0.wp.com\/parperdrum.com\/wp-content\/uploads\/2025\/10\/IMG_20250912_200336-scaled.jpg?resize=1050%2C600&ssl=1 3x, https:\/\/i0.wp.com\/parperdrum.com\/wp-content\/uploads\/2025\/10\/IMG_20250912_200336-scaled.jpg?resize=1400%2C800&ssl=1 4x"},"classes":[]},{"id":1069,"url":"https:\/\/parperdrum.com\/en\/services\/","url_meta":{"origin":3107,"position":1},"title":"Our Services","author":"Nerea P\u00e9rez Ruiz","date":"14 de August de 2025","format":false,"excerpt":"C\u00f3mo te acompa\u00f1amos en el camino del sonido En ParPer no entendemos los servicios como algo que se contrata y se consume.Los entendemos como formas de acompa\u00f1ar, de escuchar y de dar respuesta a lo que cada persona busca cuando se acerca al sonido. Aunque lo que m\u00e1s nos apasiona\u2026","rel":"","context":"Similar post","block_context":{"text":"Similar post","link":""},"img":{"alt_text":"","src":"","width":0,"height":0},"classes":[]},{"id":3996,"url":"https:\/\/parperdrum.com\/en\/nuestros-valores\/","url_meta":{"origin":3107,"position":2},"title":"Our Values","author":"Nerea P\u00e9rez Ruiz","date":"8 de January de 2026","format":false,"excerpt":"La manera en la que elegimos estar en el mundo y en el sonido En ParPer no entendemos los valores como una lista que se escribe una vez y se cuelga en una pared.Los entendemos como algo que se practica cada d\u00eda, cuando el taller est\u00e1 en silencio, cuando el\u2026","rel":"","context":"Similar post","block_context":{"text":"Similar post","link":""},"img":{"alt_text":"","src":"","width":0,"height":0},"classes":[]},{"id":2982,"url":"https:\/\/parperdrum.com\/en\/preguntas-frecuentes\/","url_meta":{"origin":3107,"position":3},"title":"Frequently Asked Questions \u2013 FAQ","author":"Nerea P\u00e9rez Ruiz","date":"19 de August de 2025","format":false,"excerpt":"Aqu\u00ed recogemos las dudas que m\u00e1s se repiten.No porque nos moleste responderlas, sino porque as\u00ed puedes leerlas con calma y situarte.Y si despu\u00e9s te surge otra, nos escribes y listo, que para eso estamos. \u00bfCu\u00e1l es la diferencia entre un Tank Drum y un Handpan? Aunque a veces se metan\u2026","rel":"","context":"Similar post","block_context":{"text":"Similar post","link":""},"img":{"alt_text":"","src":"","width":0,"height":0},"classes":[]},{"id":2118,"url":"https:\/\/parperdrum.com\/en\/reembolso_devoluciones\/","url_meta":{"origin":3107,"position":4},"title":"\ud83d\udce6 Shipping and Returns Policy","author":"Nerea P\u00e9rez Ruiz","date":"21 de August de 2025","format":false,"excerpt":"En ParPer Drum cada instrumento viaja con la misma atenci\u00f3n y cari\u00f1o con la que fue creado. Queremos que tu experiencia sea clara y justa, por eso aqu\u00ed te dejamos nuestras condiciones de env\u00edos y devoluciones: \ud83d\ude9a Env\u00edos Espa\u00f1a peninsular:El plazo de entrega es de 1 a 5 d\u00edas h\u00e1biles,\u2026","rel":"","context":"Similar post","block_context":{"text":"Similar post","link":""},"img":{"alt_text":"","src":"","width":0,"height":0},"classes":[]}],"_links":{"self":[{"href":"https:\/\/parperdrum.com\/en\/wp-json\/wp\/v2\/pages\/3107","targetHints":{"allow":["GET"]}}],"collection":[{"href":"https:\/\/parperdrum.com\/en\/wp-json\/wp\/v2\/pages"}],"about":[{"href":"https:\/\/parperdrum.com\/en\/wp-json\/wp\/v2\/types\/page"}],"author":[{"embeddable":true,"href":"https:\/\/parperdrum.com\/en\/wp-json\/wp\/v2\/users\/1"}],"replies":[{"embeddable":true,"href":"https:\/\/parperdrum.com\/en\/wp-json\/wp\/v2\/comments?post=3107"}],"version-history":[{"count":1,"href":"https:\/\/parperdrum.com\/en\/wp-json\/wp\/v2\/pages\/3107\/revisions"}],"predecessor-version":[{"id":3108,"href":"https:\/\/parperdrum.com\/en\/wp-json\/wp\/v2\/pages\/3107\/revisions\/3108"}],"wp:attachment":[{"href":"https:\/\/parperdrum.com\/en\/wp-json\/wp\/v2\/media?parent=3107"}],"curies":[{"name":"wp","href":"https:\/\/api.w.org\/{rel}","templated":true}]}}