{"id":3,"date":"2025-08-14T21:02:57","date_gmt":"2025-08-14T21:02:57","guid":{"rendered":"http:\/\/parperdrum.com\/?page_id=3"},"modified":"2025-08-21T10:00:09","modified_gmt":"2025-08-21T10:00:09","slug":"privacy-policy","status":"publish","type":"page","link":"https:\/\/parperdrum.com\/en\/privacy-policy\/","title":{"rendered":"\ud83d\udd12 Privacy Policy"},"content":{"rendered":"<p>En <strong>ParPer Drum \u2013 Harmonic Sounds<\/strong> creemos que tus datos son tan importantes como la afinaci\u00f3n de un buen tambor: hay que cuidarlos con precisi\u00f3n y respeto. Esta pol\u00edtica explica c\u00f3mo recopilamos, usamos y protegemos tu informaci\u00f3n cuando interact\u00faas con nuestra web.<\/p>\n\n\n\n<p><\/p>\n\n\n\n<h2 class=\"wp-block-heading\">Responsable del tratamiento:<\/h2>\n\n\n\n<p><strong>ParPer Drum Harmonic Sounds<\/strong><br>Jonathan Paris Ruiz \u2013 NIF 53463268K<\/p>\n\n\n\n<p>\ud83d\udce7 <strong><a>parperdrum@gmail.com<\/a><\/strong><br>\ud83d\udcde <strong>+34 667 97 12 13<\/strong><br>\ud83d\udccd Ronda Miralr\u00edo 20, 45516 La Rinconada de Tajo, Toledo<\/p>\n\n\n\n<p><\/p>\n\n\n\n<h2 class=\"wp-block-heading\">\ud83d\udcac Comentarios<\/h2>\n\n\n\n<p>Cuando dejas un comentario en nuestra web, recopilamos la informaci\u00f3n que decides proporcionar, como:<\/p>\n\n\n\n<ul class=\"wp-block-list\">\n<li>Nombre y apellidos<\/li>\n\n\n\n<li>Correo electr\u00f3nico<\/li>\n\n\n\n<li>Direcci\u00f3n web (si decides incluirla)<\/li>\n<\/ul>\n\n\n\n<p><strong>Cookies de comentarios:<\/strong><\/p>\n\n\n\n<ul class=\"wp-block-list\">\n<li>Podemos guardar tus datos en cookies para que no tengas que rellenarlos cada vez que dejes un nuevo comentario.<\/li>\n\n\n\n<li>Estas cookies tienen una duraci\u00f3n de <strong>1 a\u00f1o<\/strong>.<\/li>\n<\/ul>\n\n\n\n<p><strong>Moderaci\u00f3n y almacenamiento:<\/strong><\/p>\n\n\n\n<ul class=\"wp-block-list\">\n<li>Todos los comentarios se almacenan de forma segura y se conservan <strong>indefinidamente<\/strong>, para poder reconocer y aprobar comentarios de seguimiento autom\u00e1ticamente.<\/li>\n\n\n\n<li>Los comentarios pueden ser revisados mediante un servicio autom\u00e1tico de detecci\u00f3n de spam.<\/li>\n<\/ul>\n\n\n\n<p><strong>Tus derechos:<\/strong><\/p>\n\n\n\n<ul class=\"wp-block-list\">\n<li>Puedes solicitar acceder, rectificar o eliminar tus datos asociados a los comentarios envi\u00e1ndonos un correo a:<br>\ud83d\udce7 <strong><a>parperdrum@gmail.com<\/a><\/strong><br>\ud83d\udcde <strong>+34 667 97 12 13<\/strong><\/li>\n\n\n\n<li>Esta informaci\u00f3n tambi\u00e9n puede ser visible para los administradores de la web para gestionar correctamente la interacci\u00f3n y la seguridad de los comentarios.<\/li>\n<\/ul>\n\n\n\n<p><\/p>\n\n\n\n<h2 class=\"wp-block-heading\">\ud83d\uddbc\ufe0f Medios<\/h2>\n\n\n\n<p>Si subes im\u00e1genes a nuestro sitio, evita incluir datos de ubicaci\u00f3n (EXIF GPS) o datos personales o sensibles. Ten en cuenta que otros visitantes podr\u00edan descargar tus im\u00e1genes y extraer la informaci\u00f3n de localizaci\u00f3n.<\/p>\n\n\n\n<p><\/p>\n\n\n\n<h2 class=\"wp-block-heading\">\ud83c\udf6a Cookies<\/h2>\n\n\n\n<p>Nuestra web utiliza cookies para mejorar tu experiencia:<\/p>\n\n\n\n<ul class=\"wp-block-list\">\n<li><strong>Comentarios:<\/strong> si dejas un comentario, puedes optar por guardar tu nombre, correo electr\u00f3nico y web en cookies, para no tener que rellenar los datos nuevamente. Estas cookies duran <strong>1 a\u00f1o<\/strong>.<\/li>\n\n\n\n<li><strong>Inicio de sesi\u00f3n:<\/strong> al visitar la p\u00e1gina de login, se establece una cookie temporal para verificar si tu navegador acepta cookies. Esta cookie no contiene datos personales y se elimina al cerrar el navegador.<\/li>\n\n\n\n<li><strong>Sesi\u00f3n iniciada:<\/strong> cuando inicias sesi\u00f3n:\n<ul class=\"wp-block-list\">\n<li>Cookies de login duran <strong>2 d\u00edas<\/strong>.<\/li>\n\n\n\n<li>Cookies de preferencias de pantalla duran <strong>1 a\u00f1o<\/strong>.<\/li>\n\n\n\n<li>Si seleccionas \u201cRecordarme\u201d, la sesi\u00f3n dura <strong>2 semanas<\/strong>.<\/li>\n\n\n\n<li>Al cerrar sesi\u00f3n, estas cookies se eliminan.<\/li>\n<\/ul>\n<\/li>\n\n\n\n<li><strong>Edici\u00f3n de art\u00edculos:<\/strong> si editas o publicas un art\u00edculo, se guarda una cookie adicional indicando el ID del art\u00edculo editado. Esta cookie expira al d\u00eda siguiente y <strong>no contiene datos personales<\/strong>.<\/li>\n<\/ul>\n\n\n\n<p><\/p>\n\n\n\n<h2 class=\"wp-block-heading\">\ud83d\udd17 Contenido incrustado desde otros sitios<\/h2>\n\n\n\n<p>Algunos art\u00edculos pueden incluir contenido incrustado (v\u00eddeos, im\u00e1genes, publicaciones, etc.).<br>El contenido incrustado se comporta como si hubieras visitado directamente la web de origen. Estas webs pueden:<\/p>\n\n\n\n<ul class=\"wp-block-list\">\n<li>Monitorizar tu interacci\u00f3n con el contenido incrustado (si tienes cuenta o sesi\u00f3n iniciada en esa otra web).<\/li>\n\n\n\n<li>Recoger datos sobre ti,<\/li>\n\n\n\n<li>Usar cookies,<\/li>\n\n\n\n<li>A\u00f1adir seguimiento de terceros,<\/li>\n<\/ul>\n\n\n\n<p><\/p>\n\n\n\n<h2 class=\"wp-block-heading\">\ud83d\udc65 Con qui\u00e9n compartimos tus datos<\/h2>\n\n\n\n<ul class=\"wp-block-list\">\n<li>Empresas de mensajer\u00eda y transporte (para entregar tus pedidos).<\/li>\n\n\n\n<li>Entidades financieras o pasarelas de pago (para procesar tus pagos de forma segura).<\/li>\n\n\n\n<li>Proveedores tecnol\u00f3gicos (hosting, WordPress, Google, Instagram, etc.).<\/li>\n\n\n\n<li>Si solicitas restablecer tu contrase\u00f1a, tu direcci\u00f3n IP se incluir\u00e1 en el correo de restablecimiento.<\/li>\n<\/ul>\n\n\n\n<p>Todos los tratamientos se realizan bajo el marco legal vigente y con las garant\u00edas correspondientes.<\/p>\n\n\n\n<p><\/p>\n\n\n\n<h2 class=\"wp-block-heading\">\u23f3 Conservaci\u00f3n de datos<\/h2>\n\n\n\n<ul class=\"wp-block-list\">\n<li>Los comentarios se conservan <strong>indefinidamente<\/strong> para reconocer y aprobar comentarios de seguimiento autom\u00e1ticamente.<\/li>\n\n\n\n<li>Si te registras en la web, guardamos la informaci\u00f3n personal de tu perfil. Puedes ver, editar o eliminar tus datos en cualquier momento (excepto tu nombre de usuario).<\/li>\n\n\n\n<li>Los administradores de la web pueden ver y editar la informaci\u00f3n para gestionar correctamente la web.<\/li>\n<\/ul>\n\n\n\n<p><\/p>\n\n\n\n<h2 class=\"wp-block-heading\">\u2696\ufe0f Derechos sobre tus datos<\/h2>\n\n\n\n<p>Si tienes cuenta o has dejado comentarios, puedes:<\/p>\n\n\n\n<ul class=\"wp-block-list\">\n<li>Solicitar un archivo con todos los datos personales que conservamos sobre ti.<\/li>\n\n\n\n<li>Solicitar que eliminemos cualquier dato personal que tengamos.<\/li>\n<\/ul>\n\n\n\n<p><em>Nota: esto no incluye los datos que debamos mantener por motivos legales, administrativos o de seguridad.<\/em><\/p>\n\n\n\n<p><\/p>\n\n\n\n<h2 class=\"wp-block-heading\">\ud83c\udf0d D\u00f3nde se env\u00edan tus datos<\/h2>\n\n\n\n<p>Los comentarios de visitantes pueden ser revisados mediante un servicio autom\u00e1tico de detecci\u00f3n de spam.<\/p>\n\n\n\n<p>Toda la informaci\u00f3n que compartes se mantiene segura y solo se usa para los fines descritos en esta pol\u00edtica.<\/p>\n\n\n\n<p><\/p>","protected":false},"excerpt":{"rendered":"<p>En ParPer Drum \u2013 Harmonic Sounds creemos que tus datos son tan importantes como la afinaci\u00f3n de un buen tambor: hay que cuidarlos con precisi\u00f3n y respeto. Esta pol\u00edtica explica c\u00f3mo recopilamos, usamos y protegemos tu informaci\u00f3n cuando interact\u00faas con nuestra web. Responsable del tratamiento: ParPer Drum Harmonic SoundsJonathan Paris Ruiz \u2013 NIF 53463268K \ud83d\udce7 [&hellip;]<\/p>","protected":false},"author":1,"featured_media":0,"parent":0,"menu_order":0,"comment_status":"closed","ping_status":"open","template":"","meta":{"_uag_custom_page_level_css":"","_monsterinsights_skip_tracking":false,"_monsterinsights_sitenote_active":false,"_monsterinsights_sitenote_note":"","_monsterinsights_sitenote_category":0,"_uf_show_specific_survey":0,"_uf_disable_surveys":false,"footnotes":""},"class_list":["post-3","page","type-page","status-publish","hentry"],"_hostinger_reach_plugin_has_subscription_block":false,"_hostinger_reach_plugin_is_elementor":false,"uagb_featured_image_src":{"full":false,"thumbnail":false,"medium":false,"medium_large":false,"large":false,"1536x1536":false,"2048x2048":false,"trp-custom-language-flag":false,"fashion-designer-homepage-thumb":false,"woocommerce_thumbnail":false,"woocommerce_single":false,"woocommerce_gallery_thumbnail":false},"uagb_author_info":{"display_name":"Nerea P\u00e9rez Ruiz","author_link":"https:\/\/parperdrum.com\/en\/author\/parperdrumgmail-com\/"},"uagb_comment_info":0,"uagb_excerpt":"En ParPer Drum \u2013 Harmonic Sounds creemos que tus datos son tan importantes como la afinaci\u00f3n de un buen tambor: hay que cuidarlos con precisi\u00f3n y respeto. Esta pol\u00edtica explica c\u00f3mo recopilamos, usamos y protegemos tu informaci\u00f3n cuando interact\u00faas con nuestra web. Responsable del tratamiento: ParPer Drum Harmonic SoundsJonathan Paris Ruiz \u2013 NIF 53463268K \ud83d\udce7&hellip;","jetpack_sharing_enabled":true,"jetpack-related-posts":[{"id":3127,"url":"https:\/\/parperdrum.com\/en\/%e2%9a%96%ef%b8%8f-aviso-legal\/","url_meta":{"origin":3,"position":0},"title":"\u2696\ufe0f Legal Notice","author":"Nerea P\u00e9rez Ruiz","date":"21 de August de 2025","format":false,"excerpt":"En cumplimiento de la Ley 34\/2002 de Servicios de la Sociedad de la Informaci\u00f3n y Comercio Electr\u00f3nico (LSSI-CE), se informa lo siguiente: Titular del sitio web ParPer Drum Harmonic Sounds Responsable: Jonathan Paris RuizNIF: 53463268KDomicilio: Ronda Miralr\u00edo 20, 45516 La Rinconada de Tajo, Toledo (Espa\u00f1a)Correo electr\u00f3nico: parperdrum@gmail.comTel\u00e9fono: +34 667 97\u2026","rel":"","context":"Similar post","block_context":{"text":"Similar post","link":""},"img":{"alt_text":"","src":"","width":0,"height":0},"classes":[]},{"id":3129,"url":"https:\/\/parperdrum.com\/en\/%f0%9f%93%91-terminos-y-condiciones-de-uso\/","url_meta":{"origin":3,"position":1},"title":"\ud83d\udcd1 Terms and Conditions of Use","author":"Nerea P\u00e9rez Ruiz","date":"21 de August de 2025","format":false,"excerpt":"Bienvenido a ParPer Drum, un espacio donde cada instrumento respira arte y armon\u00eda. Antes de sumergirte en nuestro cat\u00e1logo, te contamos las normas que rigen tu visita y compra. Titularidad Este sitio web, accesible en www.parperdrum.com, es titularidad de: ParPer Drum Harmonic SoundsResponsable: Jonathan Paris RuizNIF: 53463268KDomicilio: Ronda Miralr\u00edo 20,\u2026","rel":"","context":"Similar post","block_context":{"text":"Similar post","link":""},"img":{"alt_text":"","src":"","width":0,"height":0},"classes":[]},{"id":3760,"url":"https:\/\/parperdrum.com\/en\/handpan-hang-drum\/","url_meta":{"origin":3,"position":2},"title":"Handpan, Hang\u00ae Drum","author":"Nerea P\u00e9rez Ruiz","date":"15 de November de 2025","format":false,"excerpt":"Comunicado oficial En ParPer Drum creemos profundamente en el respeto a los creadores que abren caminos. El Handpan, tal y como el mundo lo conoce hoy, naci\u00f3 gracias a la visi\u00f3n y sensibilidad de PANArt, sus creadores originales.Su trabajo marc\u00f3 un antes y un despu\u00e9s en el mundo del sonido\u2026","rel":"","context":"Similar post","block_context":{"text":"Similar post","link":""},"img":{"alt_text":"","src":"","width":0,"height":0},"classes":[]},{"id":1070,"url":"https:\/\/parperdrum.com\/en\/about-us\/","url_meta":{"origin":3,"position":3},"title":"Our History","author":"Nerea P\u00e9rez Ruiz","date":"14 de August de 2025","format":false,"excerpt":"Qui\u00e9nes somos y c\u00f3mo nace ParPer Drum \u00a1Hola! Somos Jonathan PARis y Nerea PERez, artesanos autodidactas y el coraz\u00f3n de ParPer Drum. No somos una gran empresa.Somos una familia comprometida y apasionada por la m\u00fasica, el arte y el trabajo hecho con las manos. Gracias por llegar hasta aqu\u00ed, porque\u2026","rel":"","context":"Similar post","block_context":{"text":"Similar post","link":""},"img":{"alt_text":"","src":"https:\/\/i0.wp.com\/parperdrum.com\/wp-content\/uploads\/2025\/10\/IMG_20250912_200336-scaled.jpg?resize=350%2C200&ssl=1","width":350,"height":200,"srcset":"https:\/\/i0.wp.com\/parperdrum.com\/wp-content\/uploads\/2025\/10\/IMG_20250912_200336-scaled.jpg?resize=350%2C200&ssl=1 1x, https:\/\/i0.wp.com\/parperdrum.com\/wp-content\/uploads\/2025\/10\/IMG_20250912_200336-scaled.jpg?resize=525%2C300&ssl=1 1.5x, https:\/\/i0.wp.com\/parperdrum.com\/wp-content\/uploads\/2025\/10\/IMG_20250912_200336-scaled.jpg?resize=700%2C400&ssl=1 2x, https:\/\/i0.wp.com\/parperdrum.com\/wp-content\/uploads\/2025\/10\/IMG_20250912_200336-scaled.jpg?resize=1050%2C600&ssl=1 3x, https:\/\/i0.wp.com\/parperdrum.com\/wp-content\/uploads\/2025\/10\/IMG_20250912_200336-scaled.jpg?resize=1400%2C800&ssl=1 4x"},"classes":[]},{"id":3972,"url":"https:\/\/parperdrum.com\/en\/%f0%9f%91%89-sonido-y-afinacion-%f0%9f%8e%b6\/","url_meta":{"origin":3,"position":4},"title":"Sound and tuning \ud83c\udfb6","author":"Nerea P\u00e9rez Ruiz","date":"8 de January de 2026","format":false,"excerpt":"C\u00f3mo entendemos y trabajamos el sonido en ParPer Drum En ParPer Drum el sonido no es un a\u00f1adido: es el centro de todo.Por eso hemos dividido esta secci\u00f3n en tres partes, para que puedas explorar seg\u00fan lo que te interese o necesites en cada momento. \ud83c\udfb5 El Arte del Sonido\u2026","rel":"","context":"Similar post","block_context":{"text":"Similar post","link":""},"img":{"alt_text":"","src":"","width":0,"height":0},"classes":[]},{"id":1067,"url":"https:\/\/parperdrum.com\/en\/","url_meta":{"origin":3,"position":5},"title":"ParPer Drum &#8211; Harmonic Sounds","author":"Nerea P\u00e9rez Ruiz","date":"14 de August de 2025","format":false,"excerpt":"Steel Tongue Tank Drums artesanales fabricados en Espa\u00f1aPersonalizaci\u00f3n sonora y visual \u00b7 Una nueva forma de vivir el sonido Pioneros en el desarrollo de un nuevo instrumento musicalSonido, investigaci\u00f3n y personalizaci\u00f3n \u00b7 Hechos a mano en Espa\u00f1a \ud83c\udf1f Bienvenid@ a ParPer Drum \ud83c\udf1fGracias por llegar a ParPer Drum \ud83d\ude4cSomos un\u2026","rel":"","context":"Similar post","block_context":{"text":"Similar post","link":""},"img":{"alt_text":"","src":"https:\/\/i0.wp.com\/parperdrum.com\/wp-content\/uploads\/2026\/01\/Cartel-Especial-San-Valentin-Tipografico-Rojo-y-Rosado.png?resize=350%2C200&ssl=1","width":350,"height":200,"srcset":"https:\/\/i0.wp.com\/parperdrum.com\/wp-content\/uploads\/2026\/01\/Cartel-Especial-San-Valentin-Tipografico-Rojo-y-Rosado.png?resize=350%2C200&ssl=1 1x, https:\/\/i0.wp.com\/parperdrum.com\/wp-content\/uploads\/2026\/01\/Cartel-Especial-San-Valentin-Tipografico-Rojo-y-Rosado.png?resize=525%2C300&ssl=1 1.5x, https:\/\/i0.wp.com\/parperdrum.com\/wp-content\/uploads\/2026\/01\/Cartel-Especial-San-Valentin-Tipografico-Rojo-y-Rosado.png?resize=700%2C400&ssl=1 2x, https:\/\/i0.wp.com\/parperdrum.com\/wp-content\/uploads\/2026\/01\/Cartel-Especial-San-Valentin-Tipografico-Rojo-y-Rosado.png?resize=1050%2C600&ssl=1 3x, https:\/\/i0.wp.com\/parperdrum.com\/wp-content\/uploads\/2026\/01\/Cartel-Especial-San-Valentin-Tipografico-Rojo-y-Rosado.png?resize=1400%2C800&ssl=1 4x"},"classes":[]}],"_links":{"self":[{"href":"https:\/\/parperdrum.com\/en\/wp-json\/wp\/v2\/pages\/3","targetHints":{"allow":["GET"]}}],"collection":[{"href":"https:\/\/parperdrum.com\/en\/wp-json\/wp\/v2\/pages"}],"about":[{"href":"https:\/\/parperdrum.com\/en\/wp-json\/wp\/v2\/types\/page"}],"author":[{"embeddable":true,"href":"https:\/\/parperdrum.com\/en\/wp-json\/wp\/v2\/users\/1"}],"replies":[{"embeddable":true,"href":"https:\/\/parperdrum.com\/en\/wp-json\/wp\/v2\/comments?post=3"}],"version-history":[{"count":1,"href":"https:\/\/parperdrum.com\/en\/wp-json\/wp\/v2\/pages\/3\/revisions"}],"predecessor-version":[{"id":3126,"href":"https:\/\/parperdrum.com\/en\/wp-json\/wp\/v2\/pages\/3\/revisions\/3126"}],"wp:attachment":[{"href":"https:\/\/parperdrum.com\/en\/wp-json\/wp\/v2\/media?parent=3"}],"curies":[{"name":"wp","href":"https:\/\/api.w.org\/{rel}","templated":true}]}}