{"id":1072,"date":"2025-08-14T21:04:44","date_gmt":"2025-08-14T21:04:44","guid":{"rendered":"https:\/\/parperdrum.com\/contact\/"},"modified":"2026-01-10T16:34:55","modified_gmt":"2026-01-10T16:34:55","slug":"contact","status":"publish","type":"page","link":"https:\/\/parperdrum.com\/en\/contact\/","title":{"rendered":"Get in touch with us"},"content":{"rendered":"<div class=\"wp-block-uagb-container uagb-block-ad72831d alignfull uagb-is-root-container\"><div class=\"uagb-container-inner-blocks-wrap\">\n<h3 class=\"wp-block-heading\">\ud83e\udd41 Hello!<\/h3>\n\n\n\n<p class=\"translation-block\">If you've made it this far, you probably have a question, an idea in mind\u2026\nor you simply want to talk to someone before making a decision.<\/p>\n\n\n\n<p class=\"translation-block\">And that's great.\nThere's no rush here, and no silly questions.<\/p>\n\n\n\n<hr class=\"wp-block-separator has-alpha-channel-opacity\"\/>\n\n\n\n<h3 class=\"wp-block-heading\">\ud83d\udccd Where are we located?<\/h3>\n\n\n\n<p class=\"translation-block\">Our workshop is in La Rinconada de Tajo (Toledo), where we handcraft each instrument, one by one.<\/p>\n\n\n\n<p>If you need advice, want to visit us, or simply prefer to discuss it in detail, you can write to us or schedule an appointment below.<\/p>\n\n\n\n<p class=\"translation-block\">Address:\nRonda Miralrio 20\n45516 \u00b7 La Rinconada de Tajo \u00b7 Toledo \u00b7 Spain<\/p>\n\n\n\n<p><strong>Phone \/ WhatsApp:<\/strong><br>+34 711 21 92 24<\/p>\n\n\n\n<p><strong>Email:<\/strong><br><a>parperdrum@gmail.com<\/a><\/p>\n\n\n\n<p>parperimperium@gmail.com<\/p>\n\n\n\n<hr class=\"wp-block-separator has-alpha-channel-opacity\"\/>\n\n\n\n<h3 class=\"wp-block-heading\">\ud83d\udcac What can you contact us about?<\/h3>\n\n\n\n<p>You can contact us if:<\/p>\n\n\n\n<ul class=\"wp-block-list\">\n<li>You're unsure which model, scale, or frequency to choose<\/li>\n\n\n\n<li>You want a custom instrument (sound or design)<\/li>\n\n\n\n<li>You have questions before buying<\/li>\n\n\n\n<li>You're a therapist, musician, or professional and want special conditions<\/li>\n\n\n\n<li>You need to repair or restore an instrument<\/li>\n\n\n\n<li>You want to schedule an appointment to visit the workshop<\/li>\n\n\n\n<li>Or you simply need someone to listen to you before making a decision<\/li>\n<\/ul>\n\n\n\n<p class=\"translation-block\">If you're still unsure, that's perfectly fine.\n\nThat's what we're here for.<\/p>\n\n\n\n<hr class=\"wp-block-separator has-alpha-channel-opacity\"\/>\n\n\n\n<h3 class=\"wp-block-heading\">\u270d\ufe0f Send us a message<\/h3>\n\n\n\n<p>Tell us what you have in mind, and we'll get back to you as soon as possible.<\/p>\n\n\n\n<p><em>(The more you tell us, the better we can help you)<\/em><\/p>\n\n\n\n<p><em>If you want customization, tell us what you'll use it for (relaxation, therapy, music, a gift, etc.). This helps us a lot.<\/em><\/p>\n\n\n\n<blockquote class=\"wp-block-quote is-layout-flow wp-block-quote-is-layout-flow\">\n<p><\/p>\n<\/blockquote>\n\n\n\n<p><strong>Form<\/strong><\/p>\n\n\n<div class=\"wpforms-container wpforms-block wpforms-block-52956888-10ec-4b1d-ad82-9a80fe4e24b2 wpforms-render-modern\" id=\"wpforms-7\"><form id=\"wpforms-form-7\" class=\"wpforms-validate wpforms-form\" data-formid=\"7\" method=\"post\" enctype=\"multipart\/form-data\" action=\"\/en\/wp-json\/wp\/v2\/pages\/1072\" data-token=\"930509c286e702fb928b8157817181f9\" data-token-time=\"1776384035\" data-trp-original-action=\"\/en\/wp-json\/wp\/v2\/pages\/1072\"><noscript class=\"wpforms-error-noscript\">Please enable JavaScript in your browser to complete this form.<\/noscript><div id=\"wpforms-error-noscript\" style=\"display: none;\">Please enable JavaScript in your browser to complete this form.<\/div><div class=\"wpforms-field-container\"><div id=\"wpforms-7-field_0-container\" class=\"wpforms-field wpforms-field-name\" data-field-id=\"0\"><label class=\"wpforms-field-label wpforms-label-hide\" for=\"wpforms-7-field_0\" aria-hidden=\"false\">Name <span class=\"wpforms-required-label\" aria-hidden=\"true\">*<\/span><\/label><input type=\"text\" id=\"wpforms-7-field_0\" class=\"wpforms-field-large wpforms-field-required\" name=\"wpforms[fields][0]\" placeholder=\"Full name\" aria-errormessage=\"wpforms-7-field_0-error\" required><\/div><div id=\"wpforms-7-field_1-container\" class=\"wpforms-field wpforms-field-email\" data-field-id=\"1\"><label class=\"wpforms-field-label wpforms-label-hide\" for=\"wpforms-7-field_1\" aria-hidden=\"false\">Email <span class=\"wpforms-required-label\" aria-hidden=\"true\">*<\/span><\/label><input type=\"email\" id=\"wpforms-7-field_1\" class=\"wpforms-field-large wpforms-field-required\" name=\"wpforms[fields][1]\" placeholder=\"Email address\" spellcheck=\"false\" aria-errormessage=\"wpforms-7-field_1-error\" required><\/div><div id=\"wpforms-7-field_2-container\" class=\"wpforms-field wpforms-field-textarea\" data-field-id=\"2\"><label class=\"wpforms-field-label wpforms-label-hide\" for=\"wpforms-7-field_2\" aria-hidden=\"false\">Message <span class=\"wpforms-required-label\" aria-hidden=\"true\">*<\/span><\/label><textarea id=\"wpforms-7-field_2\" class=\"wpforms-field-medium wpforms-field-required\" name=\"wpforms[fields][2]\" placeholder=\"Your message\" aria-errormessage=\"wpforms-7-field_2-error\" required><\/textarea><\/div><\/div><!-- .wpforms-field-container --><div class=\"wpforms-submit-container\" ><input type=\"hidden\" name=\"wpforms[id]\" value=\"7\"><input type=\"hidden\" name=\"page_title\" value=\"\"><input type=\"hidden\" name=\"page_url\" value=\"https:\/\/parperdrum.com\/en\/wp-json\/wp\/v2\/pages\/1072\"><input type=\"hidden\" name=\"url_referer\" value=\"\"><button type=\"submit\" name=\"wpforms[submit]\" id=\"wpforms-submit-7\" class=\"wpforms-submit\" data-alt-text=\"Sending...\" data-submit-text=\"Send Message\" aria-live=\"assertive\" value=\"wpforms-submit\">Send Message<\/button><\/div><input type=\"hidden\" name=\"trp-form-language\" value=\"en\"\/><\/form><\/div>  <!-- .wpforms-container -->\n\n\n<hr class=\"wp-block-separator has-alpha-channel-opacity\"\/>\n\n\n\n<h3 class=\"wp-block-heading\">\ud83d\udee0\ufe0f Schedule an appointment and visit us at the workshop<\/h3>\n\n\n\n<p class=\"translation-block\">If you prefer to see it in person or discuss it in detail, you can schedule an appointment and come to the workshop. We love to show you how we work and how the instrument begins to sound even before it's fully formed.<\/p>\n\n\n\n<p><em>(Always by appointment, so we can give you the best possible service.)<\/em><\/p>\n\n\n\n<div class=\"wp-block-uagb-container uagb-block-7d26b5dd\"><div class=\"wp-block-jetpack-calendly calendly-style-inline\" id=\"calendly-block-1\"><\/div><\/div>\n\n\n\n<hr class=\"wp-block-separator has-alpha-channel-opacity\"\/>\n\n\n\n<blockquote class=\"wp-block-quote is-layout-flow wp-block-quote-is-layout-flow\">\n<p><strong>How long does it take to get a response?<\/strong><br>We usually reply within 24\u201348 business hours.<\/p>\n\n\n\n<ul class=\"wp-block-social-links is-layout-flex wp-block-social-links-is-layout-flex\"><li class=\"wp-social-link wp-social-link-whatsapp  wp-block-social-link\"><a href=\"https:\/\/wa.me\/34711219224\" class=\"wp-block-social-link-anchor\" rel=\"nofollow noopener\" target=\"_blank\"><svg width=\"24\" height=\"24\" viewbox=\"0 0 24 24\" version=\"1.1\" xmlns=\"http:\/\/www.w3.org\/2000\/svg\" aria-hidden=\"true\" focusable=\"false\"><path d=\"M 12.011719 2 C 6.5057187 2 2.0234844 6.478375 2.0214844 11.984375 C 2.0204844 13.744375 2.4814687 15.462563 3.3554688 16.976562 L 2 22 L 7.2324219 20.763672 C 8.6914219 21.559672 10.333859 21.977516 12.005859 21.978516 L 12.009766 21.978516 C 17.514766 21.978516 21.995047 17.499141 21.998047 11.994141 C 22.000047 9.3251406 20.962172 6.8157344 19.076172 4.9277344 C 17.190172 3.0407344 14.683719 2.001 12.011719 2 z M 12.009766 4 C 14.145766 4.001 16.153109 4.8337969 17.662109 6.3417969 C 19.171109 7.8517969 20.000047 9.8581875 19.998047 11.992188 C 19.996047 16.396187 16.413812 19.978516 12.007812 19.978516 C 10.674812 19.977516 9.3544062 19.642812 8.1914062 19.007812 L 7.5175781 18.640625 L 6.7734375 18.816406 L 4.8046875 19.28125 L 5.2851562 17.496094 L 5.5019531 16.695312 L 5.0878906 15.976562 C 4.3898906 14.768562 4.0204844 13.387375 4.0214844 11.984375 C 4.0234844 7.582375 7.6067656 4 12.009766 4 z M 8.4765625 7.375 C 8.3095625 7.375 8.0395469 7.4375 7.8105469 7.6875 C 7.5815469 7.9365 6.9355469 8.5395781 6.9355469 9.7675781 C 6.9355469 10.995578 7.8300781 12.182609 7.9550781 12.349609 C 8.0790781 12.515609 9.68175 15.115234 12.21875 16.115234 C 14.32675 16.946234 14.754891 16.782234 15.212891 16.740234 C 15.670891 16.699234 16.690438 16.137687 16.898438 15.554688 C 17.106437 14.971687 17.106922 14.470187 17.044922 14.367188 C 16.982922 14.263188 16.816406 14.201172 16.566406 14.076172 C 16.317406 13.951172 15.090328 13.348625 14.861328 13.265625 C 14.632328 13.182625 14.464828 13.140625 14.298828 13.390625 C 14.132828 13.640625 13.655766 14.201187 13.509766 14.367188 C 13.363766 14.534188 13.21875 14.556641 12.96875 14.431641 C 12.71875 14.305641 11.914938 14.041406 10.960938 13.191406 C 10.218937 12.530406 9.7182656 11.714844 9.5722656 11.464844 C 9.4272656 11.215844 9.5585938 11.079078 9.6835938 10.955078 C 9.7955938 10.843078 9.9316406 10.663578 10.056641 10.517578 C 10.180641 10.371578 10.223641 10.267562 10.306641 10.101562 C 10.389641 9.9355625 10.347156 9.7890625 10.285156 9.6640625 C 10.223156 9.5390625 9.737625 8.3065 9.515625 7.8125 C 9.328625 7.3975 9.131125 7.3878594 8.953125 7.3808594 C 8.808125 7.3748594 8.6425625 7.375 8.4765625 7.375 z\"><\/path><\/svg><span class=\"wp-block-social-link-label screen-reader-text\">WhatsApp<\/span><\/a><\/li>\n\n<li class=\"wp-social-link wp-social-link-mail  wp-block-social-link\"><a href=\"mailto:&#112;a&#114;&#112;eri&#109;pe&#114;i&#117;m&#064;g&#109;a&#105;l&#046;c&#111;&#109;\" class=\"wp-block-social-link-anchor\"><svg width=\"24\" height=\"24\" viewbox=\"0 0 24 24\" version=\"1.1\" xmlns=\"http:\/\/www.w3.org\/2000\/svg\" aria-hidden=\"true\" focusable=\"false\"><path d=\"M19,5H5c-1.1,0-2,.9-2,2v10c0,1.1.9,2,2,2h14c1.1,0,2-.9,2-2V7c0-1.1-.9-2-2-2zm.5,12c0,.3-.2.5-.5.5H5c-.3,0-.5-.2-.5-.5V9.8l7.5,5.6,7.5-5.6V17zm0-9.1L12,13.6,4.5,7.9V7c0-.3.2-.5.5-.5h14c.3,0,.5.2.5.5v.9z\"><\/path><\/svg><span class=\"wp-block-social-link-label screen-reader-text\">Mail<\/span><\/a><\/li>\n\n<li class=\"wp-social-link wp-social-link-instagram  wp-block-social-link\"><a href=\"https:\/\/www.instagram.com\/parperdrum\/\" class=\"wp-block-social-link-anchor\" rel=\"nofollow noopener\" target=\"_blank\"><svg width=\"24\" height=\"24\" viewbox=\"0 0 24 24\" version=\"1.1\" xmlns=\"http:\/\/www.w3.org\/2000\/svg\" aria-hidden=\"true\" focusable=\"false\"><path d=\"M12,4.622c2.403,0,2.688,0.009,3.637,0.052c0.877,0.04,1.354,0.187,1.671,0.31c0.42,0.163,0.72,0.358,1.035,0.673 c0.315,0.315,0.51,0.615,0.673,1.035c0.123,0.317,0.27,0.794,0.31,1.671c0.043,0.949,0.052,1.234,0.052,3.637 s-0.009,2.688-0.052,3.637c-0.04,0.877-0.187,1.354-0.31,1.671c-0.163,0.42-0.358,0.72-0.673,1.035 c-0.315,0.315-0.615,0.51-1.035,0.673c-0.317,0.123-0.794,0.27-1.671,0.31c-0.949,0.043-1.233,0.052-3.637,0.052 s-2.688-0.009-3.637-0.052c-0.877-0.04-1.354-0.187-1.671-0.31c-0.42-0.163-0.72-0.358-1.035-0.673 c-0.315-0.315-0.51-0.615-0.673-1.035c-0.123-0.317-0.27-0.794-0.31-1.671C4.631,14.688,4.622,14.403,4.622,12 s0.009-2.688,0.052-3.637c0.04-0.877,0.187-1.354,0.31-1.671c0.163-0.42,0.358-0.72,0.673-1.035 c0.315-0.315,0.615-0.51,1.035-0.673c0.317-0.123,0.794-0.27,1.671-0.31C9.312,4.631,9.597,4.622,12,4.622 M12,3 C9.556,3,9.249,3.01,8.289,3.054C7.331,3.098,6.677,3.25,6.105,3.472C5.513,3.702,5.011,4.01,4.511,4.511 c-0.5,0.5-0.808,1.002-1.038,1.594C3.25,6.677,3.098,7.331,3.054,8.289C3.01,9.249,3,9.556,3,12c0,2.444,0.01,2.751,0.054,3.711 c0.044,0.958,0.196,1.612,0.418,2.185c0.23,0.592,0.538,1.094,1.038,1.594c0.5,0.5,1.002,0.808,1.594,1.038 c0.572,0.222,1.227,0.375,2.185,0.418C9.249,20.99,9.556,21,12,21s2.751-0.01,3.711-0.054c0.958-0.044,1.612-0.196,2.185-0.418 c0.592-0.23,1.094-0.538,1.594-1.038c0.5-0.5,0.808-1.002,1.038-1.594c0.222-0.572,0.375-1.227,0.418-2.185 C20.99,14.751,21,14.444,21,12s-0.01-2.751-0.054-3.711c-0.044-0.958-0.196-1.612-0.418-2.185c-0.23-0.592-0.538-1.094-1.038-1.594 c-0.5-0.5-1.002-0.808-1.594-1.038c-0.572-0.222-1.227-0.375-2.185-0.418C14.751,3.01,14.444,3,12,3L12,3z M12,7.378 c-2.552,0-4.622,2.069-4.622,4.622S9.448,16.622,12,16.622s4.622-2.069,4.622-4.622S14.552,7.378,12,7.378z M12,15 c-1.657,0-3-1.343-3-3s1.343-3,3-3s3,1.343,3,3S13.657,15,12,15z M16.804,6.116c-0.596,0-1.08,0.484-1.08,1.08 s0.484,1.08,1.08,1.08c0.596,0,1.08-0.484,1.08-1.08S17.401,6.116,16.804,6.116z\"><\/path><\/svg><span class=\"wp-block-social-link-label screen-reader-text\">Instagram<\/span><\/a><\/li><\/ul>\n<\/blockquote>\n\n\n\n<h3 class=\"wp-block-heading\"><em>Thank you for contacting us. We love reading heartfelt messages.<\/em><\/h3>\n<\/div><\/div>","protected":false},"excerpt":{"rendered":"<p>\ud83e\udd41 Hola! Si has llegado hasta aqu\u00ed, seguramente tienes una duda, una idea en la cabeza\u2026o simplemente quieres hablar con alguien antes de decidirte. Y eso est\u00e1 genial.Aqu\u00ed no hay prisas, ni preguntas tontas. \ud83d\udccd \u00bfD\u00f3nde estamos? Tenemos nuestro taller en La Rinconada de Tajo (Toledo), donde fabricamos cada instrumento a mano, uno a uno. [&hellip;]<\/p>","protected":false},"author":1,"featured_media":0,"parent":0,"menu_order":0,"comment_status":"closed","ping_status":"closed","template":"","meta":{"_uag_custom_page_level_css":"","_monsterinsights_skip_tracking":false,"_monsterinsights_sitenote_active":false,"_monsterinsights_sitenote_note":"","_monsterinsights_sitenote_category":0,"_uf_show_specific_survey":0,"_uf_disable_surveys":false,"footnotes":""},"class_list":["post-1072","page","type-page","status-publish","hentry"],"_hostinger_reach_plugin_has_subscription_block":false,"_hostinger_reach_plugin_is_elementor":false,"uagb_featured_image_src":{"full":false,"thumbnail":false,"medium":false,"medium_large":false,"large":false,"1536x1536":false,"2048x2048":false,"trp-custom-language-flag":false,"fashion-designer-homepage-thumb":false,"woocommerce_thumbnail":false,"woocommerce_single":false,"woocommerce_gallery_thumbnail":false},"uagb_author_info":{"display_name":"Nerea P\u00e9rez Ruiz","author_link":"https:\/\/parperdrum.com\/en\/author\/parperdrumgmail-com\/"},"uagb_comment_info":0,"uagb_excerpt":"\ud83e\udd41 Hola! Si has llegado hasta aqu\u00ed, seguramente tienes una duda, una idea en la cabeza\u2026o simplemente quieres hablar con alguien antes de decidirte. Y eso est\u00e1 genial.Aqu\u00ed no hay prisas, ni preguntas tontas. \ud83d\udccd \u00bfD\u00f3nde estamos? Tenemos nuestro taller en La Rinconada de Tajo (Toledo), donde fabricamos cada instrumento a mano, uno a uno.&hellip;","jetpack_sharing_enabled":true,"jetpack-related-posts":[{"id":3201,"url":"https:\/\/parperdrum.com\/en\/muchas-gracias-por-confiar-en-nosotros-y-sumarte-a-la-familia-parper-%e2%9d%a4%ef%b8%8f%f0%9f%94%a5\/","url_meta":{"origin":1072,"position":0},"title":"Muchas Gracias por confiar en nosotros y sumarte a la familia ParPer \u2764\ufe0f\u200d\ud83d\udd25","author":"Nerea P\u00e9rez Ruiz","date":"23 de August de 2025","format":false,"excerpt":"\ud83c\udf89 \u00a1Yeah, compra confirmada! \ud83d\udce9 \u00a1Atento, percusionista del cosmos! \ud83e\udd41\u2728La informaci\u00f3n de tu pedido ya viaja por los caminos misteriosos del email \ud83d\ude80.Puede que llegue directo a tu bandeja de entrada\u2026 o que se haya escondido en la cueva secreta llamada SPAM \ud83d\udd75\ufe0f\u200d\u2642\ufe0f. \ud83d\udc49 As\u00ed que revisa bien, no vaya\u2026","rel":"","context":"Similar post","block_context":{"text":"Similar post","link":""},"img":{"alt_text":"","src":"","width":0,"height":0},"classes":[]},{"id":2118,"url":"https:\/\/parperdrum.com\/en\/reembolso_devoluciones\/","url_meta":{"origin":1072,"position":1},"title":"\ud83d\udce6 Shipping and Returns Policy","author":"Nerea P\u00e9rez Ruiz","date":"21 de August de 2025","format":false,"excerpt":"En ParPer Drum cada instrumento viaja con la misma atenci\u00f3n y cari\u00f1o con la que fue creado. Queremos que tu experiencia sea clara y justa, por eso aqu\u00ed te dejamos nuestras condiciones de env\u00edos y devoluciones: \ud83d\ude9a Env\u00edos Espa\u00f1a peninsular:El plazo de entrega es de 1 a 5 d\u00edas h\u00e1biles,\u2026","rel":"","context":"Similar post","block_context":{"text":"Similar post","link":""},"img":{"alt_text":"","src":"","width":0,"height":0},"classes":[]},{"id":1067,"url":"https:\/\/parperdrum.com\/en\/","url_meta":{"origin":1072,"position":2},"title":"ParPer Drum &#8211; Harmonic Sounds","author":"Nerea P\u00e9rez Ruiz","date":"14 de August de 2025","format":false,"excerpt":"Steel Tongue Tank Drums artesanales fabricados en Espa\u00f1aPersonalizaci\u00f3n sonora y visual \u00b7 Una nueva forma de vivir el sonido Pioneros en el desarrollo de un nuevo instrumento musicalSonido, investigaci\u00f3n y personalizaci\u00f3n \u00b7 Hechos a mano en Espa\u00f1a \ud83c\udf1f Bienvenid@ a ParPer Drum \ud83c\udf1fGracias por llegar a ParPer Drum \ud83d\ude4cSomos un\u2026","rel":"","context":"Similar post","block_context":{"text":"Similar post","link":""},"img":{"alt_text":"","src":"https:\/\/i0.wp.com\/parperdrum.com\/wp-content\/uploads\/2026\/01\/Cartel-Especial-San-Valentin-Tipografico-Rojo-y-Rosado.png?resize=350%2C200&ssl=1","width":350,"height":200,"srcset":"https:\/\/i0.wp.com\/parperdrum.com\/wp-content\/uploads\/2026\/01\/Cartel-Especial-San-Valentin-Tipografico-Rojo-y-Rosado.png?resize=350%2C200&ssl=1 1x, https:\/\/i0.wp.com\/parperdrum.com\/wp-content\/uploads\/2026\/01\/Cartel-Especial-San-Valentin-Tipografico-Rojo-y-Rosado.png?resize=525%2C300&ssl=1 1.5x, https:\/\/i0.wp.com\/parperdrum.com\/wp-content\/uploads\/2026\/01\/Cartel-Especial-San-Valentin-Tipografico-Rojo-y-Rosado.png?resize=700%2C400&ssl=1 2x, https:\/\/i0.wp.com\/parperdrum.com\/wp-content\/uploads\/2026\/01\/Cartel-Especial-San-Valentin-Tipografico-Rojo-y-Rosado.png?resize=1050%2C600&ssl=1 3x, https:\/\/i0.wp.com\/parperdrum.com\/wp-content\/uploads\/2026\/01\/Cartel-Especial-San-Valentin-Tipografico-Rojo-y-Rosado.png?resize=1400%2C800&ssl=1 4x"},"classes":[]},{"id":1069,"url":"https:\/\/parperdrum.com\/en\/services\/","url_meta":{"origin":1072,"position":3},"title":"Our Services","author":"Nerea P\u00e9rez Ruiz","date":"14 de August de 2025","format":false,"excerpt":"C\u00f3mo te acompa\u00f1amos en el camino del sonido En ParPer no entendemos los servicios como algo que se contrata y se consume.Los entendemos como formas de acompa\u00f1ar, de escuchar y de dar respuesta a lo que cada persona busca cuando se acerca al sonido. Aunque lo que m\u00e1s nos apasiona\u2026","rel":"","context":"Similar post","block_context":{"text":"Similar post","link":""},"img":{"alt_text":"","src":"","width":0,"height":0},"classes":[]},{"id":3804,"url":"https:\/\/parperdrum.com\/en\/borrador-automatico\/","url_meta":{"origin":1072,"position":4},"title":"Models and Versions","author":"Nerea P\u00e9rez Ruiz","date":"30 de November de 2025","format":false,"excerpt":"Historia y Evoluci\u00f3n de las Versiones de nuestros Steel Tongue Tank Drum (Versi\u00f3n 1 a Versi\u00f3n 4) Arcturus Versi\u00f3n 1 steel tongue tank drum handpan hang drum artesano espa\u00f1aArcturus Versi\u00f3n 2 steel tongue tank drum handpan hang drum artesano espa\u00f1aArcturus V3 steel tongue tank drum handpan hang drum artesano espa\u00f1aArcturus\u2026","rel":"","context":"Similar post","block_context":{"text":"Similar post","link":""},"img":{"alt_text":"","src":"https:\/\/i0.wp.com\/parperdrum.com\/wp-content\/uploads\/2025\/10\/d6acb0b0-79d1-43ff-8e56-b0e0878b71eb.jpg?resize=350%2C200&ssl=1","width":350,"height":200,"srcset":"https:\/\/i0.wp.com\/parperdrum.com\/wp-content\/uploads\/2025\/10\/d6acb0b0-79d1-43ff-8e56-b0e0878b71eb.jpg?resize=350%2C200&ssl=1 1x, https:\/\/i0.wp.com\/parperdrum.com\/wp-content\/uploads\/2025\/10\/d6acb0b0-79d1-43ff-8e56-b0e0878b71eb.jpg?resize=525%2C300&ssl=1 1.5x, https:\/\/i0.wp.com\/parperdrum.com\/wp-content\/uploads\/2025\/10\/d6acb0b0-79d1-43ff-8e56-b0e0878b71eb.jpg?resize=700%2C400&ssl=1 2x, https:\/\/i0.wp.com\/parperdrum.com\/wp-content\/uploads\/2025\/10\/d6acb0b0-79d1-43ff-8e56-b0e0878b71eb.jpg?resize=1050%2C600&ssl=1 3x, https:\/\/i0.wp.com\/parperdrum.com\/wp-content\/uploads\/2025\/10\/d6acb0b0-79d1-43ff-8e56-b0e0878b71eb.jpg?resize=1400%2C800&ssl=1 4x"},"classes":[]},{"id":2487,"url":"https:\/\/parperdrum.com\/en\/escalas-musicales\/","url_meta":{"origin":1072,"position":5},"title":"Musical scales","author":"Nerea P\u00e9rez Ruiz","date":"17 de August de 2025","format":false,"excerpt":"C\u00f3mo suenan y qu\u00e9 sensaci\u00f3n transmite cada una En esta p\u00e1gina puedes ver y escuchar las escalas musicales con las que trabajamos habitualmente en ParPer Drum.Cada escala incluye un v\u00eddeo de referencia y sus variantes seg\u00fan la nota dominante (ding), para que puedas orientarte aunque no tengas conocimientos de teor\u00eda\u2026","rel":"","context":"Similar post","block_context":{"text":"Similar post","link":""},"img":{"alt_text":"","src":"https:\/\/i0.wp.com\/img.youtube.com\/vi\/Tf4tE4atX7Q\/0.jpg?resize=350%2C200","width":350,"height":200},"classes":[]}],"_links":{"self":[{"href":"https:\/\/parperdrum.com\/en\/wp-json\/wp\/v2\/pages\/1072","targetHints":{"allow":["GET"]}}],"collection":[{"href":"https:\/\/parperdrum.com\/en\/wp-json\/wp\/v2\/pages"}],"about":[{"href":"https:\/\/parperdrum.com\/en\/wp-json\/wp\/v2\/types\/page"}],"author":[{"embeddable":true,"href":"https:\/\/parperdrum.com\/en\/wp-json\/wp\/v2\/users\/1"}],"replies":[{"embeddable":true,"href":"https:\/\/parperdrum.com\/en\/wp-json\/wp\/v2\/comments?post=1072"}],"version-history":[{"count":11,"href":"https:\/\/parperdrum.com\/en\/wp-json\/wp\/v2\/pages\/1072\/revisions"}],"predecessor-version":[{"id":4027,"href":"https:\/\/parperdrum.com\/en\/wp-json\/wp\/v2\/pages\/1072\/revisions\/4027"}],"wp:attachment":[{"href":"https:\/\/parperdrum.com\/en\/wp-json\/wp\/v2\/media?parent=1072"}],"curies":[{"name":"wp","href":"https:\/\/api.w.org\/{rel}","templated":true}]}}